{"id":30,"date":"2018-11-06T09:20:49","date_gmt":"2018-11-06T09:20:49","guid":{"rendered":"https:\/\/puruno.com\/rokka\/hotel-term-condition\/"},"modified":"2023-07-31T09:25:05","modified_gmt":"2023-07-31T09:25:05","slug":"termos","status":"publish","type":"page","link":"http:\/\/villamontes.pt\/en\/termos\/","title":{"rendered":"Termos &#038; Condi\u00e7\u00f5es"},"content":{"rendered":"<div class=\"wpb-content-wrapper\"><div><div data-vc-full-width=\"true\" data-vc-full-width-init=\"false\" class=\"vc_row wpb_row vc_row-fluid vc_custom_1588873709337\" style=\"color:#ffffff;\" data-overlay-color=\"rgba(0,0,0,0.6)\" data-color=\"#ffffff\"  ><div data-rokka-parallax=\"0.5\" style=\"background-image: url(https:\/\/villamontes.pt\/wp-content\/uploads\/2020\/05\/christin-hume-Hcfwew744z4-unsplash.jpg)\" class=\"extended_bg rokka-parallax\"><div class=\"row-image-overlay\" style=\"background-color:rgba(0,0,0,0.6);\"><\/div><\/div><div class=\"wpb_column vc_column_container vc_col-md-12\"  ><div class=\"vc_column-inner\" ><div class=\"wpb_wrapper\"><div class=\"heading-with-separator text-center id_169dc2dad55a45500984988\"><div class=\"header-content\">\n\t\t\t<p class=\"h-subheading\"><\/p>\n\t\t\t<h1 class=\"heading  heading-decorator-1 translation-block\" style=\"; letter-spacing: 0px; \">Terms <i>&amp; Conditions<\/h1><\/div><\/div><div class=\"custom-styles\" data-styles=\".id_169dc2dad55a45500984988 .heading-decorator-1:before, .id_169dc2dad55a45500984988 .heading-decorator-1:after { border-color: }\"><\/div><\/div><\/div><\/div><\/div><div class=\"vc_row-full-width vc_clearfix\"><\/div><\/div><div><div class=\"vc_row wpb_row vc_row-fluid vc_custom_1545307477944\"  data-overlay-color=\"\" data-color=\"\"  ><div class=\"extended_bg\"><div class=\"row-image-overlay\"><\/div><\/div><div class=\"wpb_column vc_column_container vc_col-md-12\"  ><div class=\"vc_column-inner\" ><div class=\"wpb_wrapper\"><div class=\"heading-with-separator text-left id_169dc2dad55bf61383366971  vc_custom_1588870409855\"><div class=\"header-content\">\n\t\t\t<p class=\"h-subheading\"><\/p>\n\t\t\t<h3 class=\"heading  heading-decorator-1\" style=\"; letter-spacing: 0px; \">Overview<\/h3><\/div><\/div><div class=\"custom-styles\" data-styles=\".id_169dc2dad55bf61383366971 .heading-decorator-1:before, .id_169dc2dad55bf61383366971 .heading-decorator-1:after { border-color: }\"><\/div>\n\t<div class=\"wpb_text_column wpb_content_element  vc_custom_1597598214520\" >\n\t\t<div class=\"wpb_wrapper\">\n\t\t\t<p><span style=\"font-size: 12px;\"><em>(Last updated on August 16, 2020)<\/em><\/span><\/p>\n<h5>Scope of application<\/h5>\n<p>Please read these Terms and Conditions carefully as these conditions incorporate the basis on which reservations at Villa Mont\u00eas Guesthouse are accepted. The Terms and Conditions below are for bookings made directly through our website and payments via bank transfer and\/or in person payment.<\/p>\n<p>The terms and conditions contained in this document will apply to the relationship between the client and Villa Mont\u00eas Guesthouse from the moment the reservation is requested until the moment the period of accommodation at the Guesthouse ends.<\/p>\n<p>In relation to the Terms and Conditions that are not present here, the Portuguese legislation in force will apply.<\/p>\n<p>By using this Site, you agree to be bound by these terms and conditions.<\/p>\n\n\t\t<\/div>\n\t<\/div>\n<div class=\"vc_tta-container\" data-vc-action=\"collapseAll\"><div class=\"vc_general vc_tta vc_tta-accordion vc_tta-o-shape-group vc_tta-controls-align-default vc_tta-o-all-clickable\" data-accent=\"\"><div class=\"vc_tta-panels-container\"><div class=\"vc_tta-panels\"><div class=\"vc_tta-panel\" id=\"1545307228991-15a37b5d-e944\" data-vc-content=\".vc_tta-panel-body\"><div class=\"vc_tta-panel-heading\"><h4 class=\"vc_tta-panel-title vc_tta-controls-icon-position-left\"><a href=\"#1545307228991-15a37b5d-e944\" data-vc-accordion data-vc-container=\".vc_tta-container\"><span class=\"vc_tta-title-text\">Information and Responsibilities<\/span><i class=\"vc_tta-controls-icon vc_tta-controls-icon-plus\"><\/i><span><\/span><\/a><\/h4><\/div><div class=\"vc_tta-panel-body\">\n\t<div class=\"wpb_text_column wpb_content_element\" >\n\t\t<div class=\"wpb_wrapper\">\n\t\t\t<p>It is the responsibility of the guest: The protection and care of personal objects or documents such as passports, citizen cards\/identity card, credit or debit cards, jewelry, electronic devices, bags, suitcases or wallets. Vehicles parked on the public road or in the park are the responsibility of the guest. The Administration declines any responsibility for the loss of money, documents or other valuables. Villa Mont\u00eas does not assume any responsibility for damages caused by natural phenomena such as floods, fires or acts of vandalism practiced by third parties.<\/p>\n\n\t\t<\/div>\n\t<\/div>\n<\/div><\/div><div class=\"vc_tta-panel\" id=\"1545307091241-5957ee24-4b03\" data-vc-content=\".vc_tta-panel-body\"><div class=\"vc_tta-panel-heading\"><h4 class=\"vc_tta-panel-title vc_tta-controls-icon-position-left\"><a href=\"#1545307091241-5957ee24-4b03\" data-vc-accordion data-vc-container=\".vc_tta-container\"><span class=\"vc_tta-title-text\">Check-in &amp; Check-out<\/span><i class=\"vc_tta-controls-icon vc_tta-controls-icon-plus\"><\/i><span><\/span><\/a><\/h4><\/div><div class=\"vc_tta-panel-body\">\n\t<div class=\"wpb_text_column wpb_content_element\" >\n\t\t<div class=\"wpb_wrapper\">\n\t\t\t<p>Check-in time is from 4pm and check-out time is until 11am. If the check-in is done in advance and the apartment on appointment is free, entry is direct. In case guests arrive earlier at Villa Mont\u00eas and the required apartment is occupied, we can store their bags in a private room until they check in.<\/p>\n\n\t\t<\/div>\n\t<\/div>\n<\/div><\/div><div class=\"vc_tta-panel\" id=\"1545306888145-0217d0e0-3002\" data-vc-content=\".vc_tta-panel-body\"><div class=\"vc_tta-panel-heading\"><h4 class=\"vc_tta-panel-title vc_tta-controls-icon-position-left\"><a href=\"#1545306888145-0217d0e0-3002\" data-vc-accordion data-vc-container=\".vc_tta-container\"><span class=\"vc_tta-title-text\">Forbidden<\/span><i class=\"vc_tta-controls-icon vc_tta-controls-icon-plus\"><\/i><span><\/span><\/a><\/h4><\/div><div class=\"vc_tta-panel-body\">\n\t<div class=\"wpb_text_column wpb_content_element\" >\n\t\t<div class=\"wpb_wrapper\">\n\t\t\t<p>Possession or trafficking of any type of illegal substance prohibited by law. Possession or use of weapons. The use of violence, physical or verbal, as well as discrimination based on gender, ethnicity, race or social status is expressly prohibited. Holding parties or events without the consent of the Administration. Entry to civilians who are not staying at Villa Mont\u00eas without the prior consent of the Administration. Transporting decor, kitchen utensils or bedding to the outside of your apartment. Pets with the exception of a guide dog.<\/p>\n\n\t\t<\/div>\n\t<\/div>\n<\/div><\/div><div class=\"vc_tta-panel\" id=\"1545307210546-9868187b-3537\" data-vc-content=\".vc_tta-panel-body\"><div class=\"vc_tta-panel-heading\"><h4 class=\"vc_tta-panel-title vc_tta-controls-icon-position-left\"><a href=\"#1545307210546-9868187b-3537\" data-vc-accordion data-vc-container=\".vc_tta-container\"><span class=\"vc_tta-title-text\">Important to know<\/span><i class=\"vc_tta-controls-icon vc_tta-controls-icon-plus\"><\/i><span><\/span><\/a><\/h4><\/div><div class=\"vc_tta-panel-body\">\n\t<div class=\"wpb_text_column wpb_content_element\" >\n\t\t<div class=\"wpb_wrapper\">\n\t\t\t<p>The Administration reserves the right to cancel the stay and request that the room be vacated when it is verified that it is being used by people who are intoxicated, under the influence of drugs or risk activities with illegal potential, as well as racist, disrespectful or xenophobic speeches and attitudes. The Administration reserves the right to prohibit access and accommodation to those who proceed inappropriately or contrary to the Terms &amp; Conditions present in this document. For more information contact us. <a href=\"https:\/\/villamontes.pt\/contacto\/\">contacte-nos.<\/a><\/p>\n\n\t\t<\/div>\n\t<\/div>\n<\/div><\/div><div class=\"vc_tta-panel\" id=\"1545307176686-dce25023-e300\" data-vc-content=\".vc_tta-panel-body\"><div class=\"vc_tta-panel-heading\"><h4 class=\"vc_tta-panel-title vc_tta-controls-icon-position-left\"><a href=\"#1545307176686-dce25023-e300\" data-vc-accordion data-vc-container=\".vc_tta-container\"><span class=\"vc_tta-title-text\">Cleaning service<\/span><i class=\"vc_tta-controls-icon vc_tta-controls-icon-plus\"><\/i><span><\/span><\/a><\/h4><\/div><div class=\"vc_tta-panel-body\">\n\t<div class=\"wpb_text_column wpb_content_element\" >\n\t\t<div class=\"wpb_wrapper\">\n\t\t\t<p>The guest is responsible for keeping the room tidy and hygienic during their stay at Villa Mont\u00eas. The Administration is obliged to clean, disinfect, change bed linen and towels every 7 days. If the guest wants cleaning during their stay, they must request it within the hours of 9:00h to 17:00h.<\/p>\n\n\t\t<\/div>\n\t<\/div>\n<\/div><\/div><div class=\"vc_tta-panel\" id=\"1588872858350-eaebe786-d6a2\" data-vc-content=\".vc_tta-panel-body\"><div class=\"vc_tta-panel-heading\"><h4 class=\"vc_tta-panel-title vc_tta-controls-icon-position-left\"><a href=\"#1588872858350-eaebe786-d6a2\" data-vc-accordion data-vc-container=\".vc_tta-container\"><span class=\"vc_tta-title-text\">Animals<\/span><i class=\"vc_tta-controls-icon vc_tta-controls-icon-plus\"><\/i><span><\/span><\/a><\/h4><\/div><div class=\"vc_tta-panel-body\">\n\t<div class=\"wpb_text_column wpb_content_element\" >\n\t\t<div class=\"wpb_wrapper\">\n\t\t\t<p>It is expressly prohibited the movement of pets in any area of \u200b\u200bVilla Mont\u00eas, except for assistance animals. Their entry is authorized without any added value. The Client must present the respective proof at the time of check-in and a reference must be left in the reservation comments.<\/p>\n\n\t\t<\/div>\n\t<\/div>\n<\/div><\/div><div class=\"vc_tta-panel\" id=\"1588873269229-20af3da6-29da\" data-vc-content=\".vc_tta-panel-body\"><div class=\"vc_tta-panel-heading\"><h4 class=\"vc_tta-panel-title vc_tta-controls-icon-position-left\"><a href=\"#1588873269229-20af3da6-29da\" data-vc-accordion data-vc-container=\".vc_tta-container\"><span class=\"vc_tta-title-text\">Cancellation Policy<\/span><i class=\"vc_tta-controls-icon vc_tta-controls-icon-plus\"><\/i><span><\/span><\/a><\/h4><\/div><div class=\"vc_tta-panel-body\">\n\t<div class=\"wpb_text_column wpb_content_element\" >\n\t\t<div class=\"wpb_wrapper\">\n\t\t\t<p>Ao fazer a reserva e proceder ao pagamento da hospedagem, o cliente pode cancelar a reserva gratuitamente at\u00e9 sete dias de anteced\u00eancia. No caso de o cancelamento ser com menos de sete dias de anteced\u00eancia, a Administra\u00e7\u00e3o reserva o direito de manter 30% do valor total da estadia. Em alternativa, o cliente poder\u00e1 pedir a altera\u00e7\u00e3o das datas.<\/p>\n\n\t\t<\/div>\n\t<\/div>\n<\/div><\/div><div class=\"vc_tta-panel\" id=\"1588873239535-0affdd09-071c\" data-vc-content=\".vc_tta-panel-body\"><div class=\"vc_tta-panel-heading\"><h4 class=\"vc_tta-panel-title vc_tta-controls-icon-position-left\"><a href=\"#1588873239535-0affdd09-071c\" data-vc-accordion data-vc-container=\".vc_tta-container\"><span class=\"vc_tta-title-text\">Data Protection<\/span><i class=\"vc_tta-controls-icon vc_tta-controls-icon-plus\"><\/i><span><\/span><\/a><\/h4><\/div><div class=\"vc_tta-panel-body\">\n\t<div class=\"wpb_text_column wpb_content_element\" >\n\t\t<div class=\"wpb_wrapper\">\n\t\t\t<p>Villa Mont\u00eas only collects the information necessary to make sure that the guest can use the services efficiently, limited to the name, contacts, taxpayer number, citizen card number, IBAN and e-mail address. The Administration does not oblige the delivery of data other than identification.<\/p>\n<p>Personal data are used to identify the customer, supply equipment and perform the service, invoicing and collection, responding to suggestions or complaints and complying with legal obligations.<\/p>\n<p>We will keep your personal data only for as long as is necessary for the purpose for which it was collected.<\/p>\n\n\t\t<\/div>\n\t<\/div>\n<\/div><\/div><\/div><\/div><\/div><\/div><\/div><\/div><\/div><\/div><\/div>\n<\/div>","protected":false},"excerpt":{"rendered":"Termos &amp; Condi\u00e7\u00f5es Vis\u00e3o Geral (\u00daltima actualiza\u00e7\u00e3o em 16 de Agosto de 2020) \u00c2mbito da aplica\u00e7\u00e3o Leia estes Termos e Condi\u00e7\u00f5es atentamente dado que estas condi\u00e7\u00f5es incorporam a base mediante a qual as reservas no Villa Mont\u00eas Guesthouse s\u00e3o aceites. Os Termos e Condi\u00e7\u00f5es abaixo s\u00e3o para reservas feitas diretamente atrav\u00e9s do nosso site e[...] <a href=\"http:\/\/villamontes.pt\/en\/termos\/\" class=\"more-link\">Continue reading<\/a>","protected":false},"author":1,"featured_media":0,"parent":0,"menu_order":0,"comment_status":"closed","ping_status":"closed","template":"","meta":{"footnotes":""},"class_list":["post-30","page","type-page","status-publish","hentry"],"yoast_head":"<!-- This site is optimized with the Yoast SEO plugin v26.6 - https:\/\/yoast.com\/wordpress\/plugins\/seo\/ -->\n<title>Termos &amp; Condi\u00e7\u00f5es - Villa Mont\u00eas<\/title>\n<meta name=\"robots\" content=\"index, follow, max-snippet:-1, max-image-preview:large, max-video-preview:-1\" \/>\n<link rel=\"canonical\" href=\"https:\/\/villamontes.pt\/en\/termos\/\" \/>\n<meta property=\"og:locale\" content=\"en_GB\" \/>\n<meta property=\"og:type\" content=\"article\" \/>\n<meta property=\"og:title\" content=\"Termos &amp; Condi\u00e7\u00f5es - Villa Mont\u00eas\" \/>\n<meta property=\"og:url\" content=\"https:\/\/villamontes.pt\/en\/termos\/\" \/>\n<meta property=\"og:site_name\" content=\"Villa Mont\u00eas\" \/>\n<meta property=\"article:publisher\" content=\"https:\/\/www.facebook.com\/villamontescoja\" \/>\n<meta property=\"article:modified_time\" content=\"2023-07-31T09:25:05+00:00\" \/>\n<meta name=\"twitter:card\" content=\"summary_large_image\" \/>\n<meta name=\"twitter:label1\" content=\"Estimated reading time\" \/>\n\t<meta name=\"twitter:data1\" content=\"5 minutes\" \/>\n<script type=\"application\/ld+json\" class=\"yoast-schema-graph\">{\"@context\":\"https:\/\/schema.org\",\"@graph\":[{\"@type\":\"WebPage\",\"@id\":\"https:\/\/villamontes.pt\/termos\/\",\"url\":\"https:\/\/villamontes.pt\/termos\/\",\"name\":\"Termos & Condi\u00e7\u00f5es - Villa Mont\u00eas\",\"isPartOf\":{\"@id\":\"https:\/\/villamontes.pt\/#website\"},\"datePublished\":\"2018-11-06T09:20:49+00:00\",\"dateModified\":\"2023-07-31T09:25:05+00:00\",\"breadcrumb\":{\"@id\":\"https:\/\/villamontes.pt\/termos\/#breadcrumb\"},\"inLanguage\":\"en-GB\",\"potentialAction\":[{\"@type\":\"ReadAction\",\"target\":[\"https:\/\/villamontes.pt\/termos\/\"]}]},{\"@type\":\"BreadcrumbList\",\"@id\":\"https:\/\/villamontes.pt\/termos\/#breadcrumb\",\"itemListElement\":[{\"@type\":\"ListItem\",\"position\":1,\"name\":\"In\u00edcio\",\"item\":\"https:\/\/villamontes.pt\/\"},{\"@type\":\"ListItem\",\"position\":2,\"name\":\"Termos &#038; Condi\u00e7\u00f5es\"}]},{\"@type\":\"WebSite\",\"@id\":\"https:\/\/villamontes.pt\/#website\",\"url\":\"https:\/\/villamontes.pt\/\",\"name\":\"Villa Mont\u00eas\",\"description\":\"Exclusive Apartaments &amp; Prime Location\",\"publisher\":{\"@id\":\"https:\/\/villamontes.pt\/#organization\"},\"potentialAction\":[{\"@type\":\"SearchAction\",\"target\":{\"@type\":\"EntryPoint\",\"urlTemplate\":\"https:\/\/villamontes.pt\/?s={search_term_string}\"},\"query-input\":{\"@type\":\"PropertyValueSpecification\",\"valueRequired\":true,\"valueName\":\"search_term_string\"}}],\"inLanguage\":\"en-GB\"},{\"@type\":\"Organization\",\"@id\":\"https:\/\/villamontes.pt\/#organization\",\"name\":\"Villa Mont\u00eas\",\"url\":\"https:\/\/villamontes.pt\/\",\"logo\":{\"@type\":\"ImageObject\",\"inLanguage\":\"en-GB\",\"@id\":\"https:\/\/villamontes.pt\/#\/schema\/logo\/image\/\",\"url\":\"https:\/\/villamontes.pt\/wp-content\/uploads\/2020\/12\/cabra-preta-transparent-vector.png\",\"contentUrl\":\"https:\/\/villamontes.pt\/wp-content\/uploads\/2020\/12\/cabra-preta-transparent-vector.png\",\"width\":844,\"height\":457,\"caption\":\"Villa Mont\u00eas\"},\"image\":{\"@id\":\"https:\/\/villamontes.pt\/#\/schema\/logo\/image\/\"},\"sameAs\":[\"https:\/\/www.facebook.com\/villamontescoja\",\"https:\/\/www.instagram.com\/villamontescoja\/\"]}]}<\/script>\n<!-- \/ Yoast SEO plugin. -->","yoast_head_json":{"title":"Termos & Condi\u00e7\u00f5es - Villa Mont\u00eas","robots":{"index":"index","follow":"follow","max-snippet":"max-snippet:-1","max-image-preview":"max-image-preview:large","max-video-preview":"max-video-preview:-1"},"canonical":"https:\/\/villamontes.pt\/en\/termos\/","og_locale":"en_GB","og_type":"article","og_title":"Termos & Condi\u00e7\u00f5es - Villa Mont\u00eas","og_url":"https:\/\/villamontes.pt\/en\/termos\/","og_site_name":"Villa Mont\u00eas","article_publisher":"https:\/\/www.facebook.com\/villamontescoja","article_modified_time":"2023-07-31T09:25:05+00:00","twitter_card":"summary_large_image","twitter_misc":{"Estimated reading time":"5 minutes"},"schema":{"@context":"https:\/\/schema.org","@graph":[{"@type":"WebPage","@id":"https:\/\/villamontes.pt\/termos\/","url":"https:\/\/villamontes.pt\/termos\/","name":"Termos & Condi\u00e7\u00f5es - Villa Mont\u00eas","isPartOf":{"@id":"https:\/\/villamontes.pt\/#website"},"datePublished":"2018-11-06T09:20:49+00:00","dateModified":"2023-07-31T09:25:05+00:00","breadcrumb":{"@id":"https:\/\/villamontes.pt\/termos\/#breadcrumb"},"inLanguage":"en-GB","potentialAction":[{"@type":"ReadAction","target":["https:\/\/villamontes.pt\/termos\/"]}]},{"@type":"BreadcrumbList","@id":"https:\/\/villamontes.pt\/termos\/#breadcrumb","itemListElement":[{"@type":"ListItem","position":1,"name":"In\u00edcio","item":"https:\/\/villamontes.pt\/"},{"@type":"ListItem","position":2,"name":"Termos &#038; Condi\u00e7\u00f5es"}]},{"@type":"WebSite","@id":"https:\/\/villamontes.pt\/#website","url":"https:\/\/villamontes.pt\/","name":"Villa Mont\u00eas","description":"Exclusive Apartaments &amp; Prime Location","publisher":{"@id":"https:\/\/villamontes.pt\/#organization"},"potentialAction":[{"@type":"SearchAction","target":{"@type":"EntryPoint","urlTemplate":"https:\/\/villamontes.pt\/?s={search_term_string}"},"query-input":{"@type":"PropertyValueSpecification","valueRequired":true,"valueName":"search_term_string"}}],"inLanguage":"en-GB"},{"@type":"Organization","@id":"https:\/\/villamontes.pt\/#organization","name":"Villa Mont\u00eas","url":"https:\/\/villamontes.pt\/","logo":{"@type":"ImageObject","inLanguage":"en-GB","@id":"https:\/\/villamontes.pt\/#\/schema\/logo\/image\/","url":"https:\/\/villamontes.pt\/wp-content\/uploads\/2020\/12\/cabra-preta-transparent-vector.png","contentUrl":"https:\/\/villamontes.pt\/wp-content\/uploads\/2020\/12\/cabra-preta-transparent-vector.png","width":844,"height":457,"caption":"Villa Mont\u00eas"},"image":{"@id":"https:\/\/villamontes.pt\/#\/schema\/logo\/image\/"},"sameAs":["https:\/\/www.facebook.com\/villamontescoja","https:\/\/www.instagram.com\/villamontescoja\/"]}]}},"_links":{"self":[{"href":"http:\/\/villamontes.pt\/en\/wp-json\/wp\/v2\/pages\/30","targetHints":{"allow":["GET"]}}],"collection":[{"href":"http:\/\/villamontes.pt\/en\/wp-json\/wp\/v2\/pages"}],"about":[{"href":"http:\/\/villamontes.pt\/en\/wp-json\/wp\/v2\/types\/page"}],"author":[{"embeddable":true,"href":"http:\/\/villamontes.pt\/en\/wp-json\/wp\/v2\/users\/1"}],"replies":[{"embeddable":true,"href":"http:\/\/villamontes.pt\/en\/wp-json\/wp\/v2\/comments?post=30"}],"version-history":[{"count":16,"href":"http:\/\/villamontes.pt\/en\/wp-json\/wp\/v2\/pages\/30\/revisions"}],"predecessor-version":[{"id":4413,"href":"http:\/\/villamontes.pt\/en\/wp-json\/wp\/v2\/pages\/30\/revisions\/4413"}],"wp:attachment":[{"href":"http:\/\/villamontes.pt\/en\/wp-json\/wp\/v2\/media?parent=30"}],"curies":[{"name":"wp","href":"https:\/\/api.w.org\/{rel}","templated":true}]}}