{"id":13,"date":"2018-11-06T09:18:56","date_gmt":"2018-11-06T09:18:56","guid":{"rendered":"https:\/\/puruno.com\/rokka\/?page_id=13"},"modified":"2024-06-24T15:04:32","modified_gmt":"2024-06-24T15:04:32","slug":"alojamento-local-coja","status":"publish","type":"page","link":"https:\/\/villamontes.pt\/en\/alojamento-local-coja\/","title":{"rendered":"P\u00e1gina Inicial Antiga"},"content":{"rendered":"<div class=\"wpb-content-wrapper\"><div><div data-vc-full-width=\"true\" data-vc-full-width-init=\"false\" data-vc-stretch-content=\"true\" class=\"vc_row wpb_row vc_row-fluid vc_custom_1718197094176 vc_row-o-full-height vc_row-o-columns-middle vc_row-flex\" style=\"color:#ffffff;\" data-overlay-color=\"rgba(0,0,0,0.4)\" data-color=\"#ffffff\"  ><div class=\"row-slides\"><div data-slide=\"https:\/\/villamontes.pt\/wp-content\/uploads\/2023\/03\/Villa-Montes-158.jpg\"><\/div><div data-slide=\"https:\/\/villamontes.pt\/wp-content\/uploads\/2020\/08\/DSC1399-1.jpg\"><\/div><div data-slide=\"https:\/\/villamontes.pt\/wp-content\/uploads\/2020\/08\/DSC1478-1.jpg\"><\/div><div data-slide=\"https:\/\/villamontes.pt\/wp-content\/uploads\/2018\/12\/Villa-Montes-155nova.jpg\"><\/div><\/div><div class=\"row-image-overlay\" style=\"background-color:rgba(0,0,0,0.4);\"><\/div><div class=\"wpb_column vc_column_container vc_col-md-12\"  ><div class=\"vc_column-inner\" ><div class=\"wpb_wrapper\"><h1 style=\"font-size: 80px;color: #ffffff;text-align: center;font-family:Cinzel;font-weight:400;font-style:normal\" class=\"vc_custom_heading logo-header-mobile wpb_animate_when_almost_visible wpb_fadeInUp fadeInUp vc_custom_1709592316669\" >The beauty is on the inside<\/h1><div class=\"btn-wrapper text-center id_169f2682a7f51f577652879   icon-left\" ><a href=\"https:\/\/web.ynnovbooking.com\/?l=pt&#038;apikey=XMZDiTF1ktYhaWYtlUy3qv1ierVVJ3Yq\"  class=\"btn btn-lg btn-light btn-decor\" data-btn-text=\"Fazer uma Reserva\">Fazer uma Reserva<\/a><\/div><\/div><\/div><\/div><\/div><div class=\"vc_row-full-width vc_clearfix\"><\/div><\/div><div><div class=\"vc_row wpb_row vc_row-fluid vc_custom_1540205913102 vc_row-o-equal-height vc_row-o-content-middle vc_row-flex\"  data-overlay-color=\"\" data-color=\"\"  ><div class=\"extended_bg\"><div class=\"row-image-overlay\"><\/div><\/div><div class=\"wpb_column vc_column_container vc_col-md-6\"  ><div class=\"vc_column-inner\" ><div class=\"wpb_wrapper\"><div class=\"heading-with-separator text-left id_169f2682a7f7701149187926   wpb_animate_when_almost_visible wpb_fadeInUp fadeInUp\"><div class=\"header-content\">\n\t\t\t<p class=\"h-subheading\">Discover our history<\/p>\n\t\t\t<h3 class=\"heading\" style=\"; letter-spacing: 0px; \"><em>Located in Vila de C\u00f4ja, near the Alva River and at the doors to Serra do A\u00e7or<\/em><\/h3><\/div><\/div><div class=\"custom-styles\" data-styles=\".id_169f2682a7f7701149187926 .heading-decorator-1:before, .id_169f2682a7f7701149187926 .heading-decorator-1:after { border-color: }\"><\/div>\n\t<div class=\"wpb_text_column wpb_content_element  wpb_animate_when_almost_visible wpb_fadeInUp fadeInUp\" >\n\t\t<div class=\"wpb_wrapper\">\n\t\t\t<p>Villa Mont\u00eas Guesthouse is located in the center of the historic village of C\u00f4ja, with 7 independent, modern and fully equipped apartments. Space for groups and exclusive activities, sunny swimming pool, private and closed parking. All this, just a few km from the most beautiful river beaches in the center of the country and the Serras do A\u00e7or and Serra da Estrela!<\/p>\n\n\t\t<\/div>\n\t<\/div>\n<div class=\"btn-wrapper text-center id_169f2682a7f99f1407546380   icon-left\" ><a href=\"https:\/\/villamontes.pt\/sobre-nos\/\"  class=\"btn btn-md btn-dark btn-decor\" data-btn-text=\"Sobre N\u00f3s\">About Us<\/a><\/div>\t<div class=\"vc_empty_space\" >\n\t\t<span class=\"vc_empty_space_inner\"><\/span>\n\t\t<div class=\"d-none d-lg-block\" style=\" height: 0px\"><\/div>\n\t\t<div class=\"d-block d-lg-none\" style=\" height: 50px\"><\/div>\t<\/div>\n<\/div><\/div><\/div><div class=\"wpb_column vc_column_container vc_col-md-6\"  ><div class=\"vc_column-inner\" ><div class=\"wpb_wrapper\">\n\t<div  class=\"wpb_single_image wpb_content_element vc_align_left\">\n\t\t\n\t\t<figure class=\"wpb_wrapper vc_figure\"><div class=\"animate-image\">\n\t\t\t<div class=\"vc_single_image-wrapper   vc_box_border_grey\"><img loading=\"lazy\" decoding=\"async\" width=\"640\" height=\"480\" src=\"https:\/\/villamontes.pt\/wp-content\/uploads\/2021\/03\/G00201291_HDR-1024x768.jpg\" class=\"vc_single_image-img attachment-large\" alt=\"Fraga da Pena Waterfall\" title=\"Fraga da Pena\" \/><\/div>\n\t\t<\/div><\/figure>\n\t<\/div>\n<\/div><\/div><\/div><\/div><\/div><div><div data-vc-full-width=\"true\" data-vc-full-width-init=\"false\" class=\"vc_row wpb_row vc_row-fluid vc_custom_1625577347092\" style=\"color:#ffffff;\" data-overlay-color=\"rgba(30,30,30,0.33)\" data-color=\"#ffffff\"  ><div data-rokka-parallax=\"1\" style=\"background-image: url(https:\/\/villamontes.pt\/wp-content\/uploads\/2020\/05\/annie-spratt-uvMYpVdiqlU-unsplash-scaled.jpg)\" class=\"extended_bg rokka-parallax\"><div class=\"row-image-overlay\" style=\"background-color:rgba(30,30,30,0.33);\"><\/div><\/div><div class=\"wpb_column vc_column_container vc_col-md-2\"  ><div class=\"vc_column-inner\" ><div class=\"wpb_wrapper\"><\/div><\/div><\/div><div class=\"wpb_column vc_column_container vc_col-md-8\"  ><div class=\"vc_column-inner\" ><div class=\"wpb_wrapper\"><div class=\"heading-with-separator text-center id_169f2682a80a4c1359993293   wpb_animate_when_almost_visible wpb_fadeInUp fadeInUp\"><div class=\"header-content\">\n\t\t\t<p class=\"h-subheading\">THE IDEAL PLACE<\/p>\n\t\t\t<h2 class=\"heading\" style=\"; letter-spacing: 0px; \"><em>Villa Mont\u00eas Guesthouse is the perfect place to renew your spirit. With recently renovated apartments and a bold focus on comfort and privacy<\/em><\/h2><\/div><\/div><div class=\"custom-styles\" data-styles=\".id_169f2682a80a4c1359993293 .heading-decorator-1:before, .id_169f2682a80a4c1359993293 .heading-decorator-1:after { border-color: }\"><\/div><\/div><\/div><\/div><div class=\"wpb_column vc_column_container vc_col-md-2\"  ><div class=\"vc_column-inner\" ><div class=\"wpb_wrapper\"><\/div><\/div><\/div><\/div><div class=\"vc_row-full-width vc_clearfix\"><\/div><\/div><div><div class=\"vc_row wpb_row vc_row-fluid vc_custom_1540205913102 vc_row-o-equal-height vc_row-o-content-middle vc_row-flex\"  data-overlay-color=\"\" data-color=\"\"  ><div class=\"extended_bg\"><div class=\"row-image-overlay\"><\/div><\/div><div class=\"wpb_column vc_column_container vc_col-md-6\"  ><div class=\"vc_column-inner\" ><div class=\"wpb_wrapper\">\n\t<div  class=\"wpb_single_image wpb_content_element vc_align_left\">\n\t\t\n\t\t<figure class=\"wpb_wrapper vc_figure\"><div class=\"animate-image\">\n\t\t\t<div class=\"vc_single_image-wrapper   vc_box_border_grey\"><img loading=\"lazy\" decoding=\"async\" width=\"640\" height=\"426\" src=\"https:\/\/villamontes.pt\/wp-content\/uploads\/2020\/08\/DSC1518-1024x682.jpg\" class=\"vc_single_image-img attachment-large\" alt=\"\" title=\"_DSC1518\" \/><\/div>\n\t\t<\/div><\/figure>\n\t<\/div>\n<\/div><\/div><\/div><div class=\"wpb_column vc_column_container vc_col-md-6\"  ><div class=\"vc_column-inner\" ><div class=\"wpb_wrapper\"><div class=\"heading-with-separator text-left id_169f2682a8127e1359769705   wpb_animate_when_almost_visible wpb_fadeInUp fadeInUp\"><div class=\"header-content\">\n\t\t\t<p class=\"h-subheading\">TOURISM APARTMENTS IN COJA<\/p>\n\t\t\t<h2 class=\"heading  heading-decorator-2\" style=\"; letter-spacing: 0px; \"><em>Apartments<br \/>\nSuperior Quality<\/em><\/h2><\/div><\/div><div class=\"custom-styles\" data-styles=\".id_169f2682a8127e1359769705 .heading-decorator-1:before, .id_169f2682a8127e1359769705 .heading-decorator-1:after { border-color: }\"><\/div>\n\t<div class=\"wpb_text_column wpb_content_element  wpb_animate_when_almost_visible wpb_fadeInUp fadeInUp\" >\n\t\t<div class=\"wpb_wrapper\">\n\t\t\t<div class=\"wpb_column vc_column_container vc_col-md-10\">\n<div class=\"vc_column-inner\">\n<div class=\"wpb_wrapper\">\n<div class=\"wpb_text_column wpb_content_element wpb_animate_when_almost_visible wpb_fadeInUp fadeInUp wpb_start_animation animated\">\n<div class=\"wpb_wrapper\">\n<p>Apartments equipped with all amenities for a comfortable and relaxing stay. Completely remodeled with quality materials. The apartments offer king-size double beds, doble sofa bed, spacious bathrooms, equipped kitchens, free wi-fi, smart TV. Everything so that nothing prevents you from enjoying your stay!<\/p>\n<\/div>\n<\/div>\n<div class=\"btn-wrapper text-left id_160e44ddee95f0246568124 icon-left wpb_animate_when_almost_visible wpb_fadeInUp fadeInUp wpb_start_animation animated\"><\/div>\n<\/div>\n<\/div>\n<\/div>\n\n\t\t<\/div>\n\t<\/div>\n<div class=\"btn-wrapper text-center id_169f2682a813322125452512   icon-left\" ><a href=\"https:\/\/web.ynnovbooking.com\/?sid=VMT963MeYTGHqAW6x1KWFPOu37QPrJTFJwgJJnxksOVQbFmA87RhurGdax9hsMGNP&#038;apikey=XMZDiTF1ktYhaWYtlUy3qv1ierVVJ3Yq\"  class=\"btn btn-lg btn-dark btn-decor\" data-btn-text=\"FAZER UMA RESERVA\">FAZER UMA RESERVA<\/a><\/div><\/div><\/div><\/div><\/div><\/div><div><div data-vc-full-width=\"true\" data-vc-full-width-init=\"false\" data-vc-stretch-content=\"true\" class=\"vc_row wpb_row vc_row-fluid vc_row-no-padding\"  data-overlay-color=\"\" data-color=\"\"  ><div class=\"extended_bg\"><div class=\"row-image-overlay\"><\/div><\/div><div class=\"wpb_column vc_column_container vc_col-md-6\"  ><div class=\"vc_column-inner\" ><div class=\"wpb_wrapper\"><div class=\"interactive-box  standard-box animate-text  active-hover open-lightbox\" data-sm-height=\"400\" data-lg-height=\"400\">\t\n\t\t\t\t\t<div class=\"interactive-img\" style=\"background-image: url(https:\/\/villamontes.pt\/wp-content\/uploads\/2018\/12\/DSC1315-1024x682.jpg);\"><\/div>\n\t\t\t\t\t<div class=\"box-overlay\" style=\"background: rgba(30,30,30,0.37)\"><\/div>\t\n\t\t\t\t\t<div class=\"box-content\" style=\"align-items: flex-end; justify-content: flex-start; color: #ffffff;\"><div class=\"box-text\" style=\" padding: 0;\">\n<h4>T1 Apartments<\/h4>\n<\/div>\n\t\t\t\t\t<\/div>\t\t\n\t\t\t\t\t<div class=\"icon-hover move-icon\" style=\"color: #ffffff;\"><div class=\"arrow-icon\"><i class=\"fa fa-angle-right\"><\/i><\/div><\/div>\n\t\t\t\t\t\n\t\t\t\t\t<a class=\"box-link\" href=\"https:\/\/villamontes.pt\/rooms\/\"  ><\/a> \n\t\t\t\t<\/div><\/div><\/div><\/div><div class=\"wpb_column vc_column_container vc_col-md-6\"  ><div class=\"vc_column-inner\" ><div class=\"wpb_wrapper\"><div class=\"interactive-box  standard-box animate-text  active-hover open-lightbox\" data-sm-height=\"400\" data-lg-height=\"400\">\t\n\t\t\t\t\t<div class=\"interactive-img\" style=\"background-image: url(https:\/\/villamontes.pt\/wp-content\/uploads\/2020\/08\/DSC1399-1-1024x682.jpg);\"><\/div>\n\t\t\t\t\t<div class=\"box-overlay\" style=\"background: rgba(30,30,30,0.37)\"><\/div>\t\n\t\t\t\t\t<div class=\"box-content\" style=\"align-items: flex-end; justify-content: flex-start; color: #ffffff;\"><div class=\"box-text\" style=\" padding: 0;\">\n<h4>Apartamentos T3<\/h4>\n<\/div>\n\t\t\t\t\t<\/div>\t\t\n\t\t\t\t\t<div class=\"icon-hover move-icon\" style=\"color: #ffffff;\"><div class=\"arrow-icon\"><i class=\"fa fa-angle-right\"><\/i><\/div><\/div>\n\t\t\t\t\t\n\t\t\t\t\t<a class=\"box-link\" href=\"https:\/\/villamontes.pt\/rooms\/\"  ><\/a> \n\t\t\t\t<\/div><\/div><\/div><\/div><\/div><div class=\"vc_row-full-width vc_clearfix\"><\/div><\/div><div><div class=\"vc_row wpb_row vc_row-fluid\"  data-overlay-color=\"\" data-color=\"\"  ><div class=\"extended_bg\"><div class=\"row-image-overlay\"><\/div><\/div><div class=\"wpb_column vc_column_container vc_col-md-12\"  ><div class=\"vc_column-inner\" ><div class=\"wpb_wrapper\">\n\t<div class=\"wpb_text_column wpb_content_element\" >\n\t\t<div class=\"wpb_wrapper\">\n\t\t\t<div class=\"name\">\n<div class=\"symbol small\" style=\"text-align: center;\">\u2606 \u2606\u00a0<span style=\"font-size: 20px;\"><strong><a style=\"text-align: center;\" href=\"https:\/\/villamontes.pt\/apartamentos\/\">See all apartments<\/a><\/strong><\/span>\u2606 \u2606<\/div>\n<\/div>\n\n\t\t<\/div>\n\t<\/div>\n<\/div><\/div><\/div><\/div><\/div>\n<\/div>","protected":false},"excerpt":{"rendered":"A Beleza est\u00e1 no InteriorFazer uma Reserva DESCUBRA A NOSSA HIST\u00d3RIA Localizados na Vila de C\u00f4ja, ao lado do Rio Alva e nas portas de entrada para a Serra do A\u00e7or O Villa Mont\u00eas Guesthouse localiza-se no centro da Vila hist\u00f3rica de C\u00f4ja, com 7 apartamentos independentes, modernos e totalmente equipados. Espa\u00e7o para grupos e[...] <a href=\"https:\/\/villamontes.pt\/en\/alojamento-local-coja\/\" class=\"more-link\">Continue reading<\/a>","protected":false},"author":1,"featured_media":0,"parent":0,"menu_order":0,"comment_status":"closed","ping_status":"closed","template":"","meta":{"footnotes":""},"class_list":["post-13","page","type-page","status-publish","hentry"],"yoast_head":"<!-- This site is optimized with the Yoast SEO plugin v26.6 - https:\/\/yoast.com\/wordpress\/plugins\/seo\/ -->\n<title>P\u00e1gina Inicial Antiga<\/title>\n<meta name=\"description\" content=\"Alojamento Local em C\u00f4ja, nas portas da Serra do A\u00e7or. Apartamentos independentes, piscina com tratamento natural de sal, estacionamento privativo;\" \/>\n<meta name=\"robots\" content=\"index, follow, max-snippet:-1, max-image-preview:large, max-video-preview:-1\" \/>\n<link rel=\"canonical\" href=\"https:\/\/villamontes.pt\/en\/alojamento-local-coja\/\" \/>\n<meta property=\"og:locale\" content=\"en_GB\" \/>\n<meta property=\"og:type\" content=\"article\" \/>\n<meta property=\"og:title\" content=\"P\u00e1gina Inicial Antiga\" \/>\n<meta property=\"og:description\" content=\"Alojamento Local em C\u00f4ja, nas portas da Serra do A\u00e7or. Apartamentos independentes, piscina com tratamento natural de sal, estacionamento privativo;\" \/>\n<meta property=\"og:url\" content=\"https:\/\/villamontes.pt\/en\/alojamento-local-coja\/\" \/>\n<meta property=\"og:site_name\" content=\"Villa Mont\u00eas\" \/>\n<meta property=\"article:publisher\" content=\"https:\/\/www.facebook.com\/villamontescoja\" \/>\n<meta property=\"article:modified_time\" content=\"2024-06-24T15:04:32+00:00\" \/>\n<meta name=\"twitter:card\" content=\"summary_large_image\" \/>\n<meta name=\"twitter:label1\" content=\"Estimated reading time\" \/>\n\t<meta name=\"twitter:data1\" content=\"4 minutes\" \/>\n<script type=\"application\/ld+json\" class=\"yoast-schema-graph\">{\"@context\":\"https:\/\/schema.org\",\"@graph\":[{\"@type\":\"WebPage\",\"@id\":\"https:\/\/villamontes.pt\/alojamento-local-coja\/\",\"url\":\"https:\/\/villamontes.pt\/alojamento-local-coja\/\",\"name\":\"P\u00e1gina Inicial Antiga\",\"isPartOf\":{\"@id\":\"https:\/\/villamontes.pt\/#website\"},\"datePublished\":\"2018-11-06T09:18:56+00:00\",\"dateModified\":\"2024-06-24T15:04:32+00:00\",\"description\":\"Alojamento Local em C\u00f4ja, nas portas da Serra do A\u00e7or. Apartamentos independentes, piscina com tratamento natural de sal, estacionamento privativo;\",\"breadcrumb\":{\"@id\":\"https:\/\/villamontes.pt\/alojamento-local-coja\/#breadcrumb\"},\"inLanguage\":\"en-GB\",\"potentialAction\":[{\"@type\":\"ReadAction\",\"target\":[\"https:\/\/villamontes.pt\/alojamento-local-coja\/\"]}]},{\"@type\":\"BreadcrumbList\",\"@id\":\"https:\/\/villamontes.pt\/alojamento-local-coja\/#breadcrumb\",\"itemListElement\":[{\"@type\":\"ListItem\",\"position\":1,\"name\":\"In\u00edcio\",\"item\":\"https:\/\/villamontes.pt\/\"},{\"@type\":\"ListItem\",\"position\":2,\"name\":\"P\u00e1gina Inicial Antiga\"}]},{\"@type\":\"WebSite\",\"@id\":\"https:\/\/villamontes.pt\/#website\",\"url\":\"https:\/\/villamontes.pt\/\",\"name\":\"Villa Mont\u00eas\",\"description\":\"Exclusive Apartaments &amp; Prime Location\",\"publisher\":{\"@id\":\"https:\/\/villamontes.pt\/#organization\"},\"potentialAction\":[{\"@type\":\"SearchAction\",\"target\":{\"@type\":\"EntryPoint\",\"urlTemplate\":\"https:\/\/villamontes.pt\/?s={search_term_string}\"},\"query-input\":{\"@type\":\"PropertyValueSpecification\",\"valueRequired\":true,\"valueName\":\"search_term_string\"}}],\"inLanguage\":\"en-GB\"},{\"@type\":\"Organization\",\"@id\":\"https:\/\/villamontes.pt\/#organization\",\"name\":\"Villa Mont\u00eas\",\"url\":\"https:\/\/villamontes.pt\/\",\"logo\":{\"@type\":\"ImageObject\",\"inLanguage\":\"en-GB\",\"@id\":\"https:\/\/villamontes.pt\/#\/schema\/logo\/image\/\",\"url\":\"https:\/\/villamontes.pt\/wp-content\/uploads\/2020\/12\/cabra-preta-transparent-vector.png\",\"contentUrl\":\"https:\/\/villamontes.pt\/wp-content\/uploads\/2020\/12\/cabra-preta-transparent-vector.png\",\"width\":844,\"height\":457,\"caption\":\"Villa Mont\u00eas\"},\"image\":{\"@id\":\"https:\/\/villamontes.pt\/#\/schema\/logo\/image\/\"},\"sameAs\":[\"https:\/\/www.facebook.com\/villamontescoja\",\"https:\/\/www.instagram.com\/villamontescoja\/\"]}]}<\/script>\n<!-- \/ Yoast SEO plugin. -->","yoast_head_json":{"title":"P\u00e1gina Inicial Antiga","description":"Alojamento Local em C\u00f4ja, nas portas da Serra do A\u00e7or. Apartamentos independentes, piscina com tratamento natural de sal, estacionamento privativo;","robots":{"index":"index","follow":"follow","max-snippet":"max-snippet:-1","max-image-preview":"max-image-preview:large","max-video-preview":"max-video-preview:-1"},"canonical":"https:\/\/villamontes.pt\/en\/alojamento-local-coja\/","og_locale":"en_GB","og_type":"article","og_title":"P\u00e1gina Inicial Antiga","og_description":"Alojamento Local em C\u00f4ja, nas portas da Serra do A\u00e7or. Apartamentos independentes, piscina com tratamento natural de sal, estacionamento privativo;","og_url":"https:\/\/villamontes.pt\/en\/alojamento-local-coja\/","og_site_name":"Villa Mont\u00eas","article_publisher":"https:\/\/www.facebook.com\/villamontescoja","article_modified_time":"2024-06-24T15:04:32+00:00","twitter_card":"summary_large_image","twitter_misc":{"Estimated reading time":"4 minutes"},"schema":{"@context":"https:\/\/schema.org","@graph":[{"@type":"WebPage","@id":"https:\/\/villamontes.pt\/alojamento-local-coja\/","url":"https:\/\/villamontes.pt\/alojamento-local-coja\/","name":"P\u00e1gina Inicial Antiga","isPartOf":{"@id":"https:\/\/villamontes.pt\/#website"},"datePublished":"2018-11-06T09:18:56+00:00","dateModified":"2024-06-24T15:04:32+00:00","description":"Alojamento Local em C\u00f4ja, nas portas da Serra do A\u00e7or. Apartamentos independentes, piscina com tratamento natural de sal, estacionamento privativo;","breadcrumb":{"@id":"https:\/\/villamontes.pt\/alojamento-local-coja\/#breadcrumb"},"inLanguage":"en-GB","potentialAction":[{"@type":"ReadAction","target":["https:\/\/villamontes.pt\/alojamento-local-coja\/"]}]},{"@type":"BreadcrumbList","@id":"https:\/\/villamontes.pt\/alojamento-local-coja\/#breadcrumb","itemListElement":[{"@type":"ListItem","position":1,"name":"In\u00edcio","item":"https:\/\/villamontes.pt\/"},{"@type":"ListItem","position":2,"name":"P\u00e1gina Inicial Antiga"}]},{"@type":"WebSite","@id":"https:\/\/villamontes.pt\/#website","url":"https:\/\/villamontes.pt\/","name":"Villa Mont\u00eas","description":"Exclusive Apartaments &amp; Prime Location","publisher":{"@id":"https:\/\/villamontes.pt\/#organization"},"potentialAction":[{"@type":"SearchAction","target":{"@type":"EntryPoint","urlTemplate":"https:\/\/villamontes.pt\/?s={search_term_string}"},"query-input":{"@type":"PropertyValueSpecification","valueRequired":true,"valueName":"search_term_string"}}],"inLanguage":"en-GB"},{"@type":"Organization","@id":"https:\/\/villamontes.pt\/#organization","name":"Villa Mont\u00eas","url":"https:\/\/villamontes.pt\/","logo":{"@type":"ImageObject","inLanguage":"en-GB","@id":"https:\/\/villamontes.pt\/#\/schema\/logo\/image\/","url":"https:\/\/villamontes.pt\/wp-content\/uploads\/2020\/12\/cabra-preta-transparent-vector.png","contentUrl":"https:\/\/villamontes.pt\/wp-content\/uploads\/2020\/12\/cabra-preta-transparent-vector.png","width":844,"height":457,"caption":"Villa Mont\u00eas"},"image":{"@id":"https:\/\/villamontes.pt\/#\/schema\/logo\/image\/"},"sameAs":["https:\/\/www.facebook.com\/villamontescoja","https:\/\/www.instagram.com\/villamontescoja\/"]}]}},"_links":{"self":[{"href":"https:\/\/villamontes.pt\/en\/wp-json\/wp\/v2\/pages\/13","targetHints":{"allow":["GET"]}}],"collection":[{"href":"https:\/\/villamontes.pt\/en\/wp-json\/wp\/v2\/pages"}],"about":[{"href":"https:\/\/villamontes.pt\/en\/wp-json\/wp\/v2\/types\/page"}],"author":[{"embeddable":true,"href":"https:\/\/villamontes.pt\/en\/wp-json\/wp\/v2\/users\/1"}],"replies":[{"embeddable":true,"href":"https:\/\/villamontes.pt\/en\/wp-json\/wp\/v2\/comments?post=13"}],"version-history":[{"count":57,"href":"https:\/\/villamontes.pt\/en\/wp-json\/wp\/v2\/pages\/13\/revisions"}],"predecessor-version":[{"id":4663,"href":"https:\/\/villamontes.pt\/en\/wp-json\/wp\/v2\/pages\/13\/revisions\/4663"}],"wp:attachment":[{"href":"https:\/\/villamontes.pt\/en\/wp-json\/wp\/v2\/media?parent=13"}],"curies":[{"name":"wp","href":"https:\/\/api.w.org\/{rel}","templated":true}]}}