{"id":15,"date":"2018-11-06T09:19:14","date_gmt":"2018-11-06T09:19:14","guid":{"rendered":"https:\/\/puruno.com\/rokka\/?page_id=15"},"modified":"2025-07-08T15:49:06","modified_gmt":"2025-07-08T15:49:06","slug":"city-hotel","status":"publish","type":"page","link":"https:\/\/villamontes.pt\/en\/","title":{"rendered":"Villa Mont\u00eas"},"content":{"rendered":"<div class=\"wpb-content-wrapper\"><div><div data-vc-full-width=\"true\" data-vc-full-width-init=\"false\" data-vc-stretch-content=\"true\" class=\"vc_row wpb_row vc_row-fluid vc_row-no-padding vc_row-o-full-height vc_row-o-columns-middle vc_row-flex\" style=\"color:#ffffff;\" data-overlay-color=\"rgba(0,0,0,0.4)\" data-color=\"#ffffff\"  ><div data-rokka-parallax=\"0.3\" style=\"background-image: url(https:\/\/villamontes.pt\/wp-content\/uploads\/2019\/10\/Fraga-da-Pena.jpg)\" class=\"extended_bg rokka-parallax\"><div class=\"row-image-overlay\" style=\"background-color:rgba(0,0,0,0.4);\"><\/div><\/div><div class=\"wpb_column vc_column_container vc_col-md-12\"  ><div class=\"vc_column-inner\" ><div class=\"wpb_wrapper\"><div class=\"heading-with-separator text-center id_169eded76b2d7f2012506766   wpb_animate_when_almost_visible wpb_fadeInUp fadeInUp\"><div class=\"header-content\">\n\t\t\t<p class=\"h-subheading\">VILLA MONT\u00caS<\/p>\n\t\t\t<h1 class=\"heading  heading-decorator-4\" style=\"; letter-spacing: 0px; \">Exclusive Apartments<br \/>\n&amp; Prime Location<\/h1><\/div><\/div><div class=\"custom-styles\" data-styles=\".id_169eded76b2d7f2012506766 .heading-decorator-1:before, .id_169eded76b2d7f2012506766 .heading-decorator-1:after { border-color: }\"><\/div><div class=\"btn-wrapper text-center id_169eded76b2dab894484728   icon-left  wpb_animate_when_almost_visible wpb_fadeInUp fadeInUp\" ><a href=\"https:\/\/web.ynnovbooking.com\/?l=pt&#038;apikey=XMZDiTF1ktYhaWYtlUy3qv1ierVVJ3Yq\"  class=\"btn btn-md btn-accent btn-outline\" data-btn-text=\"Reservar\">Booking<\/a><\/div><\/div><\/div><\/div><\/div><div class=\"vc_row-full-width vc_clearfix\"><\/div><\/div><div><div data-vc-full-width=\"true\" data-vc-full-width-init=\"false\" class=\"vc_row wpb_row vc_row-fluid vc_custom_1718711300727 remove-mobile-margin\" style=\"color:#000000;\" data-overlay-color=\"rgba(0,0,0,0.01)\" data-color=\"#000000\"  ><div data-rokka-parallax=\"1\" style=\"background-image: url(https:\/\/villamontes.pt\/wp-content\/uploads\/2020\/05\/annie-spratt-uvMYpVdiqlU-unsplash-scaled.jpg)\" class=\"extended_bg rokka-parallax\"><div class=\"row-image-overlay\" style=\"background-color:rgba(0,0,0,0.01);\"><\/div><\/div><div class=\"wpb_column vc_column_container vc_col-md-2\"  ><div class=\"vc_column-inner\" ><div class=\"wpb_wrapper\"><\/div><\/div><\/div><div class=\"wpb_column vc_column_container vc_col-md-8\"  style=\"color:#ffffff;\"><div class=\"vc_column-inner\" ><div class=\"wpb_wrapper\"><div class=\"heading-with-separator text-center id_169eded76b39cc1508268041   wpb_animate_when_almost_visible wpb_fadeInUp fadeInUp\"><div class=\"header-content\">\n\t\t\t<p class=\"h-subheading\">THE IDEAL PLACE<\/p>\n\t\t\t<h2 class=\"heading\" style=\"; letter-spacing: 0px; \"><em>A Villa Mont\u00eas offers the perfect retreat to rejuvenate your spirit. With brand new apartments and a bold focus on comfort, privacy, and cleanliness, we ensure an unforgettable stay experience.<\/em><\/h2><\/div><\/div><div class=\"custom-styles\" data-styles=\".id_169eded76b39cc1508268041 .heading-decorator-1:before, .id_169eded76b39cc1508268041 .heading-decorator-1:after { border-color: }\"><\/div><\/div><\/div><\/div><div class=\"wpb_column vc_column_container vc_col-md-2\"  ><div class=\"vc_column-inner\" ><div class=\"wpb_wrapper\"><\/div><\/div><\/div><div class=\"wpb_column vc_column_container vc_col-md-12\"  ><div class=\"vc_column-inner vc_custom_1718712768232\" ><div class=\"wpb_wrapper\"><div class=\"btn-wrapper text-center id_169eded76b3c241329735157   icon-left  wpb_animate_when_almost_visible wpb_fadeInUp fadeInUp\" ><a href=\"https:\/\/villamontes.pt\/descubra-a-villa-montes-guesthouse-o-destino-perfeito-para-suas-ferias-de-verao\/\"  class=\"btn btn-sm btn-accent btn-decor\" data-btn-text=\"Porqu\u00ea Escolher a Villa Mont\u00eas?\"><i class=\"fas fa-link\"><\/i>Porqu\u00ea Escolher a Villa Mont\u00eas?<\/a><\/div><\/div><\/div><\/div><\/div><div class=\"vc_row-full-width vc_clearfix\"><\/div><\/div><div><div data-vc-full-width=\"true\" data-vc-full-width-init=\"false\" data-vc-stretch-content=\"true\" class=\"vc_row wpb_row vc_row-fluid remove-gap vc_row-no-padding\"  data-overlay-color=\"\" data-color=\"\"  ><div class=\"extended_bg\"><div class=\"row-image-overlay\"><\/div><\/div><div class=\"wpb_column vc_column_container vc_col-md-6\"  ><div class=\"vc_column-inner\" ><div class=\"wpb_wrapper\"><div class=\"interactive-box  standard-box animate-text  active-hover open-lightbox\" data-sm-height=\"400\" data-lg-height=\"400\">\t\n\t\t\t\t\t<div class=\"interactive-img\" style=\"background-image: url(https:\/\/villamontes.pt\/wp-content\/uploads\/2025\/07\/66-1024x683.png);\"><\/div>\n\t\t\t\t\t<div class=\"box-overlay\" style=\"background: rgba(0,0,0,0.45)\"><\/div>\t\n\t\t\t\t\t<div class=\"box-content\" style=\"align-items: center; justify-content: center; color: #ffffff;\"><div class=\"box-text\" style=\" padding: 0;\">\n<h3 style=\"text-align: center;\">VILLA MONT\u00caS<br \/>\n<span style=\"font-size: 12px;\">\u2605\u2605\u2605\u2605\u2605<\/span><\/h3>\n<\/div>\n\t\t\t\t\t<\/div>\t\t\n\t\t\t\t\t<div class=\"icon-hover\" style=\"color: #ffffff;\"><div class=\"arrow-icon\"><i class=\"fa fa-angle-right\"><\/i><\/div><\/div>\n\t\t\t\t\t\n\t\t\t\t\t<a class=\"box-link\" href=\"https:\/\/villamontes.pt\/sobre-nos\/\"  ><\/a> \n\t\t\t\t<\/div><\/div><\/div><\/div><div class=\"wpb_column vc_column_container vc_col-md-6\"  ><div class=\"vc_column-inner\" ><div class=\"wpb_wrapper\"><div class=\"interactive-box  standard-box animate-text  active-hover open-lightbox\" data-sm-height=\"400\" data-lg-height=\"400\">\t\n\t\t\t\t\t<div class=\"interactive-img\" style=\"background-image: url(https:\/\/villamontes.pt\/wp-content\/uploads\/2018\/12\/Villa-Montes-57-1024x683.jpg);\"><\/div>\n\t\t\t\t\t<div class=\"box-overlay\" style=\"background: rgba(0,0,0,0.45)\"><\/div>\t\n\t\t\t\t\t<div class=\"box-content\" style=\"align-items: center; justify-content: center; color: #ffffff;\"><div class=\"box-text\" style=\" padding: 0;\">\n<h3 style=\"text-align: center;\">Apartments<\/h3>\n<\/div>\n\t\t\t\t\t<\/div>\t\t\n\t\t\t\t\t<div class=\"icon-hover\" style=\"color: #ffffff;\"><div class=\"arrow-icon\"><i class=\"fa fa-angle-right\"><\/i><\/div><\/div>\n\t\t\t\t\t\n\t\t\t\t\t<a class=\"box-link\" href=\"https:\/\/villamontes.pt\/apartamentos\/\"  ><\/a> \n\t\t\t\t<\/div><\/div><\/div><\/div><\/div><div class=\"vc_row-full-width vc_clearfix\"><\/div><\/div><div><div data-vc-full-width=\"true\" data-vc-full-width-init=\"false\" data-vc-stretch-content=\"true\" class=\"vc_row wpb_row vc_row-fluid remove-gap vc_row-no-padding\"  data-overlay-color=\"\" data-color=\"\"  ><div class=\"extended_bg\"><div class=\"row-image-overlay\"><\/div><\/div><div class=\"wpb_column vc_column_container vc_col-md-4\"  ><div class=\"vc_column-inner\" ><div class=\"wpb_wrapper\"><div class=\"interactive-box  standard-box animate-text  active-hover open-lightbox\" data-sm-height=\"400\" data-lg-height=\"400\">\t\n\t\t\t\t\t<div class=\"interactive-img\" style=\"background-image: url(https:\/\/villamontes.pt\/wp-content\/uploads\/2023\/04\/Praia-Fluvial-de-Coja-2.jpg);\"><\/div>\n\t\t\t\t\t<div class=\"box-overlay\" style=\"background: rgba(0,0,0,0.45)\"><\/div>\t\n\t\t\t\t\t<div class=\"box-content\" style=\"align-items: center; justify-content: center; color: #ffffff;\"><div class=\"box-text\" style=\" padding: 0;\">\n<h3 style=\"text-align: center;\">Attractions<\/h3>\n<\/div>\n\t\t\t\t\t<\/div>\t\t\n\t\t\t\t\t<div class=\"icon-hover\" style=\"color: #ffffff;\"><div class=\"arrow-icon\"><i class=\"fa fa-angle-right\"><\/i><\/div><\/div>\n\t\t\t\t\t\n\t\t\t\t\t<a class=\"box-link\" href=\"https:\/\/villamontes.pt\/atracoes\/\"  ><\/a> \n\t\t\t\t<\/div><\/div><\/div><\/div><div class=\"wpb_column vc_column_container vc_col-md-4\"  ><div class=\"vc_column-inner\" ><div class=\"wpb_wrapper\"><div class=\"interactive-box  standard-box animate-text  active-hover open-lightbox\" data-sm-height=\"400\" data-lg-height=\"400\">\t\n\t\t\t\t\t<div class=\"interactive-img\" style=\"background-image: url(https:\/\/villamontes.pt\/wp-content\/uploads\/2020\/05\/aluguer-de-bicicletas-1024x576.jpg);\"><\/div>\n\t\t\t\t\t<div class=\"box-overlay\" style=\"background: rgba(0,0,0,0.45)\"><\/div>\t\n\t\t\t\t\t<div class=\"box-content\" style=\"align-items: center; justify-content: center; color: #ffffff;\"><div class=\"box-text\" style=\" padding: 0;\">\n<h3 style=\"text-align: center;\">Activities &amp; Leisure<\/h3>\n<\/div>\n\t\t\t\t\t<\/div>\t\t\n\t\t\t\t\t<div class=\"icon-hover\" style=\"color: #ffffff;\"><div class=\"arrow-icon\"><i class=\"fa fa-angle-right\"><\/i><\/div><\/div>\n\t\t\t\t\t\n\t\t\t\t\t<a class=\"box-link\" href=\"https:\/\/villamontes.pt\/lazer\/\"  ><\/a> \n\t\t\t\t<\/div><\/div><\/div><\/div><div class=\"wpb_column vc_column_container vc_col-md-4\"  ><div class=\"vc_column-inner\" ><div class=\"wpb_wrapper\"><div class=\"interactive-box  standard-box animate-text  active-hover open-lightbox\" data-sm-height=\"400\" data-lg-height=\"400\">\t\n\t\t\t\t\t<div class=\"interactive-img\" style=\"background-image: url(https:\/\/villamontes.pt\/wp-content\/uploads\/2020\/03\/drew-dau-GA2sc8nIOsk-unsplash-1024x576.jpg);\"><\/div>\n\t\t\t\t\t<div class=\"box-overlay\" style=\"background: rgba(0,0,0,0.45)\"><\/div>\t\n\t\t\t\t\t<div class=\"box-content\" style=\"align-items: center; justify-content: center; color: #ffffff;\"><div class=\"box-text\" style=\" padding: 0;\">\n<h3 style=\"text-align: center;\">Special Offers<\/h3>\n<\/div>\n\t\t\t\t\t<\/div>\t\t\n\t\t\t\t\t<div class=\"icon-hover\" style=\"color: #ffffff;\"><div class=\"arrow-icon\"><i class=\"fa fa-angle-right\"><\/i><\/div><\/div>\n\t\t\t\t\t\n\t\t\t\t\t<a class=\"box-link\" href=\"https:\/\/villamontes.pt\/ofertas-especiais\/\"  ><\/a> \n\t\t\t\t<\/div><\/div><\/div><\/div><\/div><div class=\"vc_row-full-width vc_clearfix\"><\/div><\/div>\n<\/div>","protected":false},"excerpt":{"rendered":"VILLA MONT\u00caS A BELEZA EST\u00c1 NO INTERIORReservar UM LUGAR IDEAL A Villa Mont\u00eas \u00e9 o lugar perfeito para renovar o seu esp\u00edrito. Com apartamentos novos e um foco arrojado no conforto, privacidade e limpeza, garantimos uma experi\u00eancia de estadia inesquec\u00edvel.Porqu\u00ea Escolher a Villa Mont\u00eas? VILLA MONT\u00caS \u2605\u2605\u2605\u2605\u2605 APARTAMENTOS ATRA\u00c7\u00d5ES ATIVIDADES &amp; LAZER OFERTAS ESPECIAIS","protected":false},"author":1,"featured_media":0,"parent":0,"menu_order":0,"comment_status":"closed","ping_status":"closed","template":"","meta":{"footnotes":""},"class_list":["post-15","page","type-page","status-publish","hentry"],"yoast_head":"<!-- This site is optimized with the Yoast SEO plugin v26.6 - https:\/\/yoast.com\/wordpress\/plugins\/seo\/ -->\n<title>Villa Mont\u00eas - Exclusive Apartments &amp; Prime Location<\/title>\n<meta name=\"description\" content=\"Apartamentos exclusivos e independentes com piscina e estacionamento privado em Coja, ideais para relaxar e explorar o interior. Localizada a poucos minutos do rio Alva, da Serra do A\u00e7or e da Serra da Estrela, com restaurantes, mercearias e pastelarias mesmo ao lado. Explore trilhos, praias fluviais e o melhor da regi\u00e3o - desde o Pi\u00f3d\u00e3o at\u00e9 Foz D&#039;\u00c9gua. Uma experi\u00eancia inesquec\u00edvel espera por si numa localiza\u00e7\u00e3o verdadeiramente privilegiada.\" \/>\n<meta name=\"robots\" content=\"index, follow, max-snippet:-1, max-image-preview:large, max-video-preview:-1\" \/>\n<link rel=\"canonical\" href=\"https:\/\/villamontes.pt\/en\/\" \/>\n<meta property=\"og:locale\" content=\"en_GB\" \/>\n<meta property=\"og:type\" content=\"article\" \/>\n<meta property=\"og:title\" content=\"Villa Mont\u00eas - Exclusive Apartments &amp; Prime Location\" \/>\n<meta property=\"og:description\" content=\"Apartamentos exclusivos e independentes com piscina e estacionamento privado em Coja, ideais para relaxar e explorar o interior. Localizada a poucos minutos do rio Alva, da Serra do A\u00e7or e da Serra da Estrela, com restaurantes, mercearias e pastelarias mesmo ao lado. Explore trilhos, praias fluviais e o melhor da regi\u00e3o - desde o Pi\u00f3d\u00e3o at\u00e9 Foz D&#039;\u00c9gua. Uma experi\u00eancia inesquec\u00edvel espera por si numa localiza\u00e7\u00e3o verdadeiramente privilegiada.\" \/>\n<meta property=\"og:url\" content=\"https:\/\/villamontes.pt\/en\/\" \/>\n<meta property=\"og:site_name\" content=\"Villa Mont\u00eas\" \/>\n<meta property=\"article:publisher\" content=\"https:\/\/www.facebook.com\/villamontescoja\" \/>\n<meta property=\"article:modified_time\" content=\"2025-07-08T15:49:06+00:00\" \/>\n<meta property=\"og:image\" content=\"https:\/\/villamontes.pt\/wp-content\/uploads\/2024\/06\/Villa-Montes-158-1-scaled.jpg\" \/>\n\t<meta property=\"og:image:width\" content=\"2560\" \/>\n\t<meta property=\"og:image:height\" content=\"1705\" \/>\n\t<meta property=\"og:image:type\" content=\"image\/jpeg\" \/>\n<meta name=\"twitter:card\" content=\"summary_large_image\" \/>\n<meta name=\"twitter:label1\" content=\"Estimated reading time\" \/>\n\t<meta name=\"twitter:data1\" content=\"1 minute\" \/>\n<script type=\"application\/ld+json\" class=\"yoast-schema-graph\">{\"@context\":\"https:\/\/schema.org\",\"@graph\":[{\"@type\":\"WebPage\",\"@id\":\"https:\/\/villamontes.pt\/\",\"url\":\"https:\/\/villamontes.pt\/\",\"name\":\"Villa Mont\u00eas - Exclusive Apartments & Prime Location\",\"isPartOf\":{\"@id\":\"https:\/\/villamontes.pt\/#website\"},\"datePublished\":\"2018-11-06T09:19:14+00:00\",\"dateModified\":\"2025-07-08T15:49:06+00:00\",\"description\":\"Apartamentos exclusivos e independentes com piscina e estacionamento privado em Coja, ideais para relaxar e explorar o interior. Localizada a poucos minutos do rio Alva, da Serra do A\u00e7or e da Serra da Estrela, com restaurantes, mercearias e pastelarias mesmo ao lado. Explore trilhos, praias fluviais e o melhor da regi\u00e3o - desde o Pi\u00f3d\u00e3o at\u00e9 Foz D'\u00c9gua. Uma experi\u00eancia inesquec\u00edvel espera por si numa localiza\u00e7\u00e3o verdadeiramente privilegiada.\",\"breadcrumb\":{\"@id\":\"https:\/\/villamontes.pt\/#breadcrumb\"},\"inLanguage\":\"en-GB\",\"potentialAction\":[{\"@type\":\"ReadAction\",\"target\":[\"https:\/\/villamontes.pt\/\"]}]},{\"@type\":\"BreadcrumbList\",\"@id\":\"https:\/\/villamontes.pt\/#breadcrumb\",\"itemListElement\":[{\"@type\":\"ListItem\",\"position\":1,\"name\":\"In\u00edcio\",\"item\":\"https:\/\/villamontes.pt\/\"},{\"@type\":\"ListItem\",\"position\":2,\"name\":\"Villa Mont\u00eas\"}]},{\"@type\":\"WebSite\",\"@id\":\"https:\/\/villamontes.pt\/#website\",\"url\":\"https:\/\/villamontes.pt\/\",\"name\":\"Villa Mont\u00eas\",\"description\":\"Exclusive Apartaments &amp; Prime Location\",\"publisher\":{\"@id\":\"https:\/\/villamontes.pt\/#organization\"},\"potentialAction\":[{\"@type\":\"SearchAction\",\"target\":{\"@type\":\"EntryPoint\",\"urlTemplate\":\"https:\/\/villamontes.pt\/?s={search_term_string}\"},\"query-input\":{\"@type\":\"PropertyValueSpecification\",\"valueRequired\":true,\"valueName\":\"search_term_string\"}}],\"inLanguage\":\"en-GB\"},{\"@type\":\"Organization\",\"@id\":\"https:\/\/villamontes.pt\/#organization\",\"name\":\"Villa Mont\u00eas\",\"url\":\"https:\/\/villamontes.pt\/\",\"logo\":{\"@type\":\"ImageObject\",\"inLanguage\":\"en-GB\",\"@id\":\"https:\/\/villamontes.pt\/#\/schema\/logo\/image\/\",\"url\":\"https:\/\/villamontes.pt\/wp-content\/uploads\/2020\/12\/cabra-preta-transparent-vector.png\",\"contentUrl\":\"https:\/\/villamontes.pt\/wp-content\/uploads\/2020\/12\/cabra-preta-transparent-vector.png\",\"width\":844,\"height\":457,\"caption\":\"Villa Mont\u00eas\"},\"image\":{\"@id\":\"https:\/\/villamontes.pt\/#\/schema\/logo\/image\/\"},\"sameAs\":[\"https:\/\/www.facebook.com\/villamontescoja\",\"https:\/\/www.instagram.com\/villamontescoja\/\"]}]}<\/script>\n<!-- \/ Yoast SEO plugin. -->","yoast_head_json":{"title":"Villa Mont\u00eas - Exclusive Apartments & Prime Location","description":"Apartamentos exclusivos e independentes com piscina e estacionamento privado em Coja, ideais para relaxar e explorar o interior. Localizada a poucos minutos do rio Alva, da Serra do A\u00e7or e da Serra da Estrela, com restaurantes, mercearias e pastelarias mesmo ao lado. Explore trilhos, praias fluviais e o melhor da regi\u00e3o - desde o Pi\u00f3d\u00e3o at\u00e9 Foz D'\u00c9gua. Uma experi\u00eancia inesquec\u00edvel espera por si numa localiza\u00e7\u00e3o verdadeiramente privilegiada.","robots":{"index":"index","follow":"follow","max-snippet":"max-snippet:-1","max-image-preview":"max-image-preview:large","max-video-preview":"max-video-preview:-1"},"canonical":"https:\/\/villamontes.pt\/en\/","og_locale":"en_GB","og_type":"article","og_title":"Villa Mont\u00eas - Exclusive Apartments & Prime Location","og_description":"Apartamentos exclusivos e independentes com piscina e estacionamento privado em Coja, ideais para relaxar e explorar o interior. Localizada a poucos minutos do rio Alva, da Serra do A\u00e7or e da Serra da Estrela, com restaurantes, mercearias e pastelarias mesmo ao lado. Explore trilhos, praias fluviais e o melhor da regi\u00e3o - desde o Pi\u00f3d\u00e3o at\u00e9 Foz D'\u00c9gua. Uma experi\u00eancia inesquec\u00edvel espera por si numa localiza\u00e7\u00e3o verdadeiramente privilegiada.","og_url":"https:\/\/villamontes.pt\/en\/","og_site_name":"Villa Mont\u00eas","article_publisher":"https:\/\/www.facebook.com\/villamontescoja","article_modified_time":"2025-07-08T15:49:06+00:00","og_image":[{"width":2560,"height":1705,"url":"https:\/\/villamontes.pt\/wp-content\/uploads\/2024\/06\/Villa-Montes-158-1-scaled.jpg","type":"image\/jpeg"}],"twitter_card":"summary_large_image","twitter_misc":{"Estimated reading time":"1 minute"},"schema":{"@context":"https:\/\/schema.org","@graph":[{"@type":"WebPage","@id":"https:\/\/villamontes.pt\/","url":"https:\/\/villamontes.pt\/","name":"Villa Mont\u00eas - Exclusive Apartments & Prime Location","isPartOf":{"@id":"https:\/\/villamontes.pt\/#website"},"datePublished":"2018-11-06T09:19:14+00:00","dateModified":"2025-07-08T15:49:06+00:00","description":"Apartamentos exclusivos e independentes com piscina e estacionamento privado em Coja, ideais para relaxar e explorar o interior. Localizada a poucos minutos do rio Alva, da Serra do A\u00e7or e da Serra da Estrela, com restaurantes, mercearias e pastelarias mesmo ao lado. Explore trilhos, praias fluviais e o melhor da regi\u00e3o - desde o Pi\u00f3d\u00e3o at\u00e9 Foz D'\u00c9gua. Uma experi\u00eancia inesquec\u00edvel espera por si numa localiza\u00e7\u00e3o verdadeiramente privilegiada.","breadcrumb":{"@id":"https:\/\/villamontes.pt\/#breadcrumb"},"inLanguage":"en-GB","potentialAction":[{"@type":"ReadAction","target":["https:\/\/villamontes.pt\/"]}]},{"@type":"BreadcrumbList","@id":"https:\/\/villamontes.pt\/#breadcrumb","itemListElement":[{"@type":"ListItem","position":1,"name":"In\u00edcio","item":"https:\/\/villamontes.pt\/"},{"@type":"ListItem","position":2,"name":"Villa Mont\u00eas"}]},{"@type":"WebSite","@id":"https:\/\/villamontes.pt\/#website","url":"https:\/\/villamontes.pt\/","name":"Villa Mont\u00eas","description":"Exclusive Apartaments &amp; Prime Location","publisher":{"@id":"https:\/\/villamontes.pt\/#organization"},"potentialAction":[{"@type":"SearchAction","target":{"@type":"EntryPoint","urlTemplate":"https:\/\/villamontes.pt\/?s={search_term_string}"},"query-input":{"@type":"PropertyValueSpecification","valueRequired":true,"valueName":"search_term_string"}}],"inLanguage":"en-GB"},{"@type":"Organization","@id":"https:\/\/villamontes.pt\/#organization","name":"Villa Mont\u00eas","url":"https:\/\/villamontes.pt\/","logo":{"@type":"ImageObject","inLanguage":"en-GB","@id":"https:\/\/villamontes.pt\/#\/schema\/logo\/image\/","url":"https:\/\/villamontes.pt\/wp-content\/uploads\/2020\/12\/cabra-preta-transparent-vector.png","contentUrl":"https:\/\/villamontes.pt\/wp-content\/uploads\/2020\/12\/cabra-preta-transparent-vector.png","width":844,"height":457,"caption":"Villa Mont\u00eas"},"image":{"@id":"https:\/\/villamontes.pt\/#\/schema\/logo\/image\/"},"sameAs":["https:\/\/www.facebook.com\/villamontescoja","https:\/\/www.instagram.com\/villamontescoja\/"]}]}},"_links":{"self":[{"href":"https:\/\/villamontes.pt\/en\/wp-json\/wp\/v2\/pages\/15","targetHints":{"allow":["GET"]}}],"collection":[{"href":"https:\/\/villamontes.pt\/en\/wp-json\/wp\/v2\/pages"}],"about":[{"href":"https:\/\/villamontes.pt\/en\/wp-json\/wp\/v2\/types\/page"}],"author":[{"embeddable":true,"href":"https:\/\/villamontes.pt\/en\/wp-json\/wp\/v2\/users\/1"}],"replies":[{"embeddable":true,"href":"https:\/\/villamontes.pt\/en\/wp-json\/wp\/v2\/comments?post=15"}],"version-history":[{"count":46,"href":"https:\/\/villamontes.pt\/en\/wp-json\/wp\/v2\/pages\/15\/revisions"}],"predecessor-version":[{"id":4682,"href":"https:\/\/villamontes.pt\/en\/wp-json\/wp\/v2\/pages\/15\/revisions\/4682"}],"wp:attachment":[{"href":"https:\/\/villamontes.pt\/en\/wp-json\/wp\/v2\/media?parent=15"}],"curies":[{"name":"wp","href":"https:\/\/api.w.org\/{rel}","templated":true}]}}