{"id":1611,"date":"2018-12-21T13:57:28","date_gmt":"2018-12-21T13:57:28","guid":{"rendered":"https:\/\/puruno.com\/rokka\/?page_id=1611"},"modified":"2021-11-18T15:18:44","modified_gmt":"2021-11-18T15:18:44","slug":"trilhos","status":"publish","type":"page","link":"https:\/\/villamontes.pt\/en\/trilhos\/","title":{"rendered":"Trilhos de Caminhada &#038; BTT"},"content":{"rendered":"<div class=\"wpb-content-wrapper\"><div><div data-vc-full-width=\"true\" data-vc-full-width-init=\"false\" class=\"vc_row wpb_row vc_row-fluid vc_custom_1637247927629\" style=\"color:#ffffff;\" data-overlay-color=\"rgba(0,0,0,0.5)\" data-color=\"#ffffff\"  ><div data-rokka-parallax=\"1\" style=\"background-image: url(https:\/\/villamontes.pt\/wp-content\/uploads\/2021\/11\/trilhos-scaled.jpg)\" class=\"extended_bg rokka-parallax\"><div class=\"row-image-overlay\" style=\"background-color:rgba(0,0,0,0.5);\"><\/div><\/div><div class=\"wpb_column vc_column_container vc_col-md-12\"  ><div class=\"vc_column-inner\" ><div class=\"wpb_wrapper\"><div class=\"heading-with-separator text-center id_169d91ba89d07c434287878\"><div class=\"header-content\">\n\t\t\t<p class=\"h-subheading\"><\/p>\n\t\t\t<h1 class=\"heading  heading-decorator-1\" style=\"; letter-spacing: 0px; \">Trilhos de Caminhada &amp; BTT<\/h1><\/div><\/div><div class=\"custom-styles\" data-styles=\".id_169d91ba89d07c434287878 .heading-decorator-1:before, .id_169d91ba89d07c434287878 .heading-decorator-1:after { border-color: }\"><\/div><\/div><\/div><\/div><\/div><div class=\"vc_row-full-width vc_clearfix\"><\/div><\/div><div><div class=\"vc_row wpb_row vc_row-fluid vc_custom_1545400949816\"  data-overlay-color=\"\" data-color=\"\"  ><div class=\"extended_bg\"><div class=\"row-image-overlay\"><\/div><\/div><div class=\"wpb_column vc_column_container vc_col-md-12\"  ><div class=\"vc_column-inner\" ><div class=\"wpb_wrapper\"><div class=\"heading-with-separator text-center id_169d91ba89d3e2318997999\"><div class=\"header-content\">\n\t\t\t<p class=\"h-subheading\"><\/p>\n\t\t\t<h3 class=\"heading\" style=\"; letter-spacing: 0px; \">Trilhos de Caminhada<\/h3><\/div><\/div><div class=\"custom-styles\" data-styles=\".id_169d91ba89d3e2318997999 .heading-decorator-1:before, .id_169d91ba89d3e2318997999 .heading-decorator-1:after { border-color: }\"><\/div><div class=\"rokka-carousel-container id_169d91ba89d3f8617757821    show-pagination\" data-aos=\"\" data-aos-delay=\"0\">\n\t\t\t<div class=\"rokka-carousel swiper-container\" data-autoplay=\"3000\" data-arrows=\"true\" data-slide-loop=\"true\" data-slides=\"3\">\n\t\t\t\t<div class=\"swiper-wrapper\"><div class=\"rokka-carousel-item swiper-slide id_169d91ba89da471378019868\">\n\t\t\t\t\t<div class=\"slide\"><div class=\"rokka-carousel-img text-center\" style=\"margin-bottom: 30px\">\n\t\t\t\t\t\t\t<span class=\"img-wrapper\">\n\t\t\t\t\t\t\t\t<img decoding=\"async\" src=\"https:\/\/villamontes.pt\/wp-content\/uploads\/2018\/12\/benfeita-a\u00e7or.jpg\" alt=\"team-member-img\" style=\" width: 90%\"\/>\n\t\t\t\t\t\t\t<\/span>\n\t\t\t\t\t\t<\/div><div class=\"rokka-carousel-desc\">\n\t\t\t\t\t\t\t<div class=\"item-desc\">\n<h5>PR1 &#8211; AGN Caminho do Xisto de Benfeita<\/h5>\n<p>O Caminho do Xisto da\u00a0<a href=\"https:\/\/villamontes.pt\/aldeias-de-xisto\/\" target=\"_blank\" rel=\"noopener\">Benfeita<\/a> \u00e9 um percurso circular, ao longo da margem da ribeira, e tomamos contacto com pequenas mas fant\u00e1sticas quedas de \u00e1gua, bem como com as transforma\u00e7\u00f5es da paisagem, fruto da ac\u00e7\u00e3o secular do Homem.<br \/>\n<span style=\"color: #0000ff;\"><a style=\"color: #0000ff;\" href=\"https:\/\/www.visitarganil.pt\/diretorio\/pr1-agn-caminho-do-xisto-de-benfeita\/\" target=\"_blank\" rel=\"noopener\">+ info aqui<\/a><\/span><\/p>\n<\/div>\n\t\t\t\t\t\t<\/div>\n\t\t\t\t\t<\/div>\n\t\t\t\t<\/div> <div class=\"rokka-carousel-item swiper-slide id_169d91ba89e155768043954\">\n\t\t\t\t\t<div class=\"slide\"><div class=\"rokka-carousel-img text-center\" style=\"margin-bottom: 30px\">\n\t\t\t\t\t\t\t<span class=\"img-wrapper\">\n\t\t\t\t\t\t\t\t<img decoding=\"async\" src=\"https:\/\/villamontes.pt\/wp-content\/uploads\/2019\/10\/P\u00ed\u00f3d\u00e3o.jpg\" alt=\"team-member-img\" style=\" width: 90%\"\/>\n\t\t\t\t\t\t\t<\/span>\n\t\t\t\t\t\t<\/div><div class=\"rokka-carousel-desc\">\n\t\t\t\t\t\t\t<div class=\"item-desc\">\n<h5>PR2 &#8211; AGN Os Povos das Ribeiras de Piodam<\/h5>\n<p>H\u00e1 muitos s\u00e9culos que as verdes pastagens da Serra do A\u00e7or atra\u00edam grupos de pastores que a\u00ed levavam os seus rebanhos. Diz-se mesmo que esses pastores seriam os Lusitanos, h\u00e1beis criadores de cavalos que povoavam os Montes Herm\u00ednios (Serra da Estrela).<br \/>\n<span style=\"color: #0000ff;\"><a style=\"color: #0000ff;\" href=\"https:\/\/www.visitarganil.pt\/diretorio\/pr2-agn-percurso-pedestre-os-povos-das-ribeiras-de-piodam\/\" target=\"_blank\" rel=\"noopener\">+ info aqui<\/a><\/span><\/p>\n<\/div>\n\t\t\t\t\t\t<\/div>\n\t\t\t\t\t<\/div>\n\t\t\t\t<\/div> <div class=\"rokka-carousel-item swiper-slide id_169d91ba89e5aa884701571\">\n\t\t\t\t\t<div class=\"slide\"><div class=\"rokka-carousel-img text-center\" style=\"margin-bottom: 30px\">\n\t\t\t\t\t\t\t<span class=\"img-wrapper\">\n\t\t\t\t\t\t\t\t<img decoding=\"async\" src=\"https:\/\/villamontes.pt\/wp-content\/uploads\/2019\/10\/Foz-Degua.jpg\" alt=\"team-member-img\" style=\" width: 90%\"\/>\n\t\t\t\t\t\t\t<\/span>\n\t\t\t\t\t\t<\/div><div class=\"rokka-carousel-desc\">\n\t\t\t\t\t\t\t<div class=\"item-desc\">\n<h5>PR3 &#8211;\u00a0AGN Percurso Pedestre A\u00e7or<\/h5>\n<div class=\"post-content\">\n<div class=\"mapa-da-rota\">\n<div id=\"wpgpxmaps_605_2378730\" class=\"wpgpxmaps\">\n<div class=\"chartjs-size-monitor\">\n<div class=\"chartjs-size-monitor-expand\">\n<div class=\"\">Subindo pela escarpa abrupta em forma de anfiteatro, humildemente entalhada na paisagem que a envolve, a aldeia do Pi\u00f3d\u00e3o mant\u00e9m ainda o tra\u00e7ado antigo e irregular, t\u00e3o caracter\u00edstico das aldeias medievais.<\/div>\n<div><span style=\"color: #0000ff;\"><a style=\"color: #0000ff;\" href=\"https:\/\/www.visitarganil.pt\/diretorio\/pr3-agn-percurso-pedestre-acor\/\" target=\"_blank\" rel=\"noopener\">+ info aqui<\/a><\/span><\/div>\n<\/div>\n<\/div>\n<\/div>\n<\/div>\n<\/div>\n<\/div>\n\t\t\t\t\t\t<\/div>\n\t\t\t\t\t<\/div>\n\t\t\t\t<\/div> <div class=\"rokka-carousel-item swiper-slide id_169d91ba89eb79105118830\">\n\t\t\t\t\t<div class=\"slide\"><div class=\"rokka-carousel-img text-center\" style=\"margin-bottom: 30px\">\n\t\t\t\t\t\t\t<span class=\"img-wrapper\">\n\t\t\t\t\t\t\t\t<img decoding=\"async\" src=\"https:\/\/villamontes.pt\/wp-content\/uploads\/2018\/12\/vila-cova-de-alva.jpg\" alt=\"team-member-img\" style=\" width: 90%\"\/>\n\t\t\t\t\t\t\t<\/span>\n\t\t\t\t\t\t<\/div><div class=\"rokka-carousel-desc\">\n\t\t\t\t\t\t\t<div class=\"item-desc\">\n<h5>PR4 &#8211; AGN Caminho do Xisto de Vila Cova de Alva<\/h5>\n<div class=\"post-content\">\n<div class=\"mapa-da-rota\">\n<div id=\"wpgpxmaps_605_2378730\" class=\"wpgpxmaps\">\n<div class=\"chartjs-size-monitor\">\n<div class=\"chartjs-size-monitor-expand\">\n<div class=\"\">O percurso tem in\u00edcio no interior de\u00a0<a href=\"https:\/\/villamontes.pt\/aldeias-de-xisto\/\" target=\"_blank\" rel=\"noopener\">Vila Cova de Alva<\/a>, percorrendo algumas das antigas ruas cheias de pormenores arquitect\u00f3nicos com muitos s\u00e9culos e seguindo em dire\u00e7\u00e3o \u00e0 ponte rom\u00e2nica sobre o rio Alva.<\/div>\n<div><span style=\"color: #0000ff;\"><a style=\"color: #0000ff;\" href=\"https:\/\/www.visitarganil.pt\/diretorio\/pr4-agn-caminho-do-xisto-de-vila-cova-de-alva\/\" target=\"_blank\" rel=\"noopener\">+ info aqui<\/a><\/span><\/div>\n<\/div>\n<\/div>\n<\/div>\n<\/div>\n<\/div>\n<\/div>\n\t\t\t\t\t\t<\/div>\n\t\t\t\t\t<\/div>\n\t\t\t\t<\/div> <div class=\"rokka-carousel-item swiper-slide id_169d91ba89efd91015162783\">\n\t\t\t\t\t<div class=\"slide\"><div class=\"rokka-carousel-img text-center\" style=\"margin-bottom: 30px\">\n\t\t\t\t\t\t\t<span class=\"img-wrapper\">\n\t\t\t\t\t\t\t\t<img decoding=\"async\" src=\"https:\/\/villamontes.pt\/wp-content\/uploads\/2020\/03\/coja.jpg\" alt=\"team-member-img\" style=\" width: 90%\"\/>\n\t\t\t\t\t\t\t<\/span>\n\t\t\t\t\t\t<\/div><div class=\"rokka-carousel-desc\">\n\t\t\t\t\t\t\t<div class=\"item-desc\">\n<h5>PR5 &#8211; AGN Entre o Alva e a Ribeira da Mata<\/h5>\n<div class=\"post-content\">\n<div class=\"mapa-da-rota\">\n<div id=\"wpgpxmaps_4007_4428678\" class=\"wpgpxmaps\">\n<div class=\"chartjs-size-monitor\">\n<div class=\"chartjs-size-monitor-expand\">\n<div class=\"\">O PR5 AGN une Coja \u00e0 localidade de Barril de Alva ao longo do vale do rio Alva, atrav\u00e9s de caminhos florestais, com uma paisagem rural diversa em termos flor\u00edsticos, litol\u00f3gicos e algumas curiosidades de arquitetura hist\u00f3rica.<\/div>\n<div><span style=\"color: #0000ff;\"><a style=\"color: #0000ff;\" href=\"https:\/\/www.visitarganil.pt\/diretorio\/pr5-agn-entre-o-alva-e-a-ribeira-da-mata\/\" target=\"_blank\" rel=\"noopener\">+ info aqui<\/a><\/span><\/div>\n<\/div>\n<\/div>\n<\/div>\n<\/div>\n<\/div>\n<\/div>\n\t\t\t\t\t\t<\/div>\n\t\t\t\t\t<\/div>\n\t\t\t\t<\/div> <\/div><div class=\"rokka-carousel-pagination\"><\/div><\/div><div class=\"rokka-carousel-arrows show-for-large swiper-arrows\" style=\"padding: 0 60px;\" >\n\t\t\t\t\t<div class=\"arrow-prev arrow\">\n\t\t\t\t\t\t<div class=\"arrow-icon\" style=\"color: #c9c9c9;\"><div class=\"text-color\" style=\"color: #c9c9c9;\"><\/div><\/div>\n\t\t\t\t\t<\/div>\n\t\t\t\t\t<div class=\"arrow-next arrow\">\n\t\t\t\t\t\t<div class=\"arrow-icon\" style=\"color: #c9c9c9;\"><div class=\"text-color\" style=\"color: #c9c9c9;\"><\/div><\/div>\n\t\t\t\t\t<\/div>\n\t\t\t\t<\/div><\/div><div class=\"custom-styles\" data-styles=\".id_169d91ba89d3f8617757821 .swiper-pagination-bullet { background-color: #c9c9c9; color: #c9c9c9 } .id_169d91ba89d3f8617757821 .rokka-carousel-pagination .swiper-pagination-bullet.swiper-pagination-bullet-active { background-color: #907211} .id_169d91ba89d3f8617757821 .rokka-carousel-pagination .swiper-pagination-bullet.swiper-pagination-bullet-active { border-color: #c9c9c9}\"><\/div><\/div><\/div><\/div><\/div><\/div><div><div data-vc-full-width=\"true\" data-vc-full-width-init=\"false\" class=\"vc_row wpb_row vc_row-fluid vc_custom_1545400966620\"  data-overlay-color=\"#f7f7f7\" data-color=\"\"  ><div class=\"extended_bg\"><div class=\"row-image-overlay\" style=\"background-color:#f7f7f7;\"><\/div><\/div><div class=\"wpb_column vc_column_container vc_col-md-12\"  ><div class=\"vc_column-inner\" ><div class=\"wpb_wrapper\"><div class=\"heading-with-separator text-center id_169d91ba89f3d3786043122\"><div class=\"header-content\">\n\t\t\t<p class=\"h-subheading\"><\/p>\n\t\t\t<h3 class=\"heading\" style=\"; letter-spacing: 0px; \">Centro Cyclin\u2019 Portugal da Serra do A\u00e7or<\/h3><\/div><\/div><div class=\"custom-styles\" data-styles=\".id_169d91ba89f3d3786043122 .heading-decorator-1:before, .id_169d91ba89f3d3786043122 .heading-decorator-1:after { border-color: }\"><\/div><div class=\"rokka-carousel-container id_169d91ba89f3e71365770760\" data-aos=\"\" data-aos-delay=\"0\">\n\t\t\t<div class=\"rokka-carousel swiper-container\" data-autoplay=\"3000\" data-arrows=\"false\" data-slide-loop=\"false\" data-slides=\"2\">\n\t\t\t\t<div class=\"swiper-wrapper\"><div class=\"rokka-service swiper-slide service-1 content-left  vc_custom_1636112183613\" style=\"\"><div class=\"service-icon\" style=\"\">\n\t\t\t\t\t\t<img decoding=\"async\" src=\"https:\/\/villamontes.pt\/wp-content\/uploads\/2019\/09\/imported_rokka-150x150.jpg\" \/>\n\t\t\t\t\t<\/div><div class=\"service-content\"><div class=\"service-heading\" >\n\t\t\t\t\t<h5>Percurso Azul<\/h5>\n\t\t\t\t\t\n\t\t\t\t\t<\/div><div class=\"service-content-inner\" >\n\t\t\t\t\t\t<p>O percurso percorre na fase inicial, em conjunto com o percurso verde, pelas ruas de\u00a0<a href=\"https:\/\/villamontes.pt\/coja\/\" target=\"_blank\" rel=\"noopener noreferrer\">Coja<\/a>, e Ponte Romana, onde come\u00e7am os pisos de terra batida, no Parque do Vale. <span style=\"color: #0000ff;\"><a style=\"color: #0000ff;\" href=\"https:\/\/www.visitarganil.pt\/diretorio\/percurso-azul-centro-cyclin-portugal-da-serra-do-acor\/\" target=\"_blank\" rel=\"noopener\">+ info aqui<\/a><\/span><\/p>\n\t\t\t\t\t<\/div><\/div><\/div><div class=\"rokka-service swiper-slide service-1 content-left  vc_custom_1636112229421\" style=\"\"><div class=\"service-icon\" style=\"\">\n\t\t\t\t\t\t<img decoding=\"async\" src=\"https:\/\/villamontes.pt\/wp-content\/uploads\/2019\/09\/imported_rokka-150x150.jpg\" \/>\n\t\t\t\t\t<\/div><div class=\"service-content\"><div class=\"service-heading\" >\n\t\t\t\t\t<h5>Percurso Verde<\/h5>\n\t\t\t\t\t\n\t\t\t\t\t<\/div><div class=\"service-content-inner\" >\n\t\t\t\t\t\t<p>O percurso percorre algumas ruas estreitas de\u00a0<a href=\"https:\/\/villamontes.pt\/coja\/\" target=\"_blank\" rel=\"noopener noreferrer\">Coja<\/a>, em dire\u00e7\u00e3o \u00e0 Ponte Romana onde inicia a incurs\u00e3o por pisos de terra batida, em dire\u00e7\u00e3o ao Parque do Vale.<br \/>\n<span style=\"color: #0000ff;\"><a style=\"color: #0000ff;\" href=\"https:\/\/www.visitarganil.pt\/diretorio\/percurso-verde-centro-cyclin-portugal-da-serra-do-acor\/\" target=\"_blank\" rel=\"noopener\">+ info aqui<\/a><\/span><\/p>\n\t\t\t\t\t<\/div><\/div><\/div><\/div><\/div><\/div><div class=\"custom-styles\" data-styles=\".id_169d91ba89f3e71365770760 .swiper-pagination-bullet { background-color: #c9c9c9; color: #c9c9c9 } .id_169d91ba89f3e71365770760 .rokka-carousel-pagination .swiper-pagination-bullet.swiper-pagination-bullet-active { background-color: #907211} .id_169d91ba89f3e71365770760 .rokka-carousel-pagination .swiper-pagination-bullet.swiper-pagination-bullet-active { border-color: #c9c9c9}\"><\/div><\/div><\/div><\/div><\/div><div class=\"vc_row-full-width vc_clearfix\"><\/div><\/div>\n<\/div>","protected":false},"excerpt":{"rendered":"Trilhos de Caminhada &amp; BTT Trilhos de Caminhada PR1 &#8211; AGN Caminho do Xisto de Benfeita O Caminho do Xisto da\u00a0Benfeita \u00e9 um percurso circular, ao longo da margem da ribeira, e tomamos contacto com pequenas mas fant\u00e1sticas quedas de \u00e1gua, bem como com as transforma\u00e7\u00f5es da paisagem, fruto da ac\u00e7\u00e3o secular do Homem. +[...] <a href=\"https:\/\/villamontes.pt\/en\/trilhos\/\" class=\"more-link\">Continue reading<\/a>","protected":false},"author":1,"featured_media":0,"parent":0,"menu_order":0,"comment_status":"closed","ping_status":"closed","template":"","meta":{"footnotes":""},"class_list":["post-1611","page","type-page","status-publish","hentry"],"yoast_head":"<!-- This site is optimized with the Yoast SEO plugin v26.6 - https:\/\/yoast.com\/wordpress\/plugins\/seo\/ -->\n<title>Trilhos de Caminhada &amp; BTT - Villa Mont\u00eas<\/title>\n<meta name=\"robots\" content=\"index, follow, max-snippet:-1, max-image-preview:large, max-video-preview:-1\" \/>\n<link rel=\"canonical\" href=\"https:\/\/villamontes.pt\/en\/trilhos\/\" \/>\n<meta property=\"og:locale\" content=\"en_GB\" \/>\n<meta property=\"og:type\" content=\"article\" \/>\n<meta property=\"og:title\" content=\"Trilhos de Caminhada &amp; BTT - Villa Mont\u00eas\" \/>\n<meta property=\"og:url\" content=\"https:\/\/villamontes.pt\/en\/trilhos\/\" \/>\n<meta property=\"og:site_name\" content=\"Villa Mont\u00eas\" \/>\n<meta property=\"article:publisher\" content=\"https:\/\/www.facebook.com\/villamontescoja\" \/>\n<meta property=\"article:modified_time\" content=\"2021-11-18T15:18:44+00:00\" \/>\n<meta name=\"twitter:card\" content=\"summary_large_image\" \/>\n<meta name=\"twitter:label1\" content=\"Estimated reading time\" \/>\n\t<meta name=\"twitter:data1\" content=\"2 minutes\" \/>\n<script type=\"application\/ld+json\" class=\"yoast-schema-graph\">{\"@context\":\"https:\/\/schema.org\",\"@graph\":[{\"@type\":\"WebPage\",\"@id\":\"https:\/\/villamontes.pt\/trilhos\/\",\"url\":\"https:\/\/villamontes.pt\/trilhos\/\",\"name\":\"Trilhos de Caminhada & BTT - Villa Mont\u00eas\",\"isPartOf\":{\"@id\":\"https:\/\/villamontes.pt\/#website\"},\"datePublished\":\"2018-12-21T13:57:28+00:00\",\"dateModified\":\"2021-11-18T15:18:44+00:00\",\"breadcrumb\":{\"@id\":\"https:\/\/villamontes.pt\/trilhos\/#breadcrumb\"},\"inLanguage\":\"en-GB\",\"potentialAction\":[{\"@type\":\"ReadAction\",\"target\":[\"https:\/\/villamontes.pt\/trilhos\/\"]}]},{\"@type\":\"BreadcrumbList\",\"@id\":\"https:\/\/villamontes.pt\/trilhos\/#breadcrumb\",\"itemListElement\":[{\"@type\":\"ListItem\",\"position\":1,\"name\":\"In\u00edcio\",\"item\":\"https:\/\/villamontes.pt\/\"},{\"@type\":\"ListItem\",\"position\":2,\"name\":\"Trilhos de Caminhada &#038; BTT\"}]},{\"@type\":\"WebSite\",\"@id\":\"https:\/\/villamontes.pt\/#website\",\"url\":\"https:\/\/villamontes.pt\/\",\"name\":\"Villa Mont\u00eas\",\"description\":\"Exclusive Apartaments &amp; Prime Location\",\"publisher\":{\"@id\":\"https:\/\/villamontes.pt\/#organization\"},\"potentialAction\":[{\"@type\":\"SearchAction\",\"target\":{\"@type\":\"EntryPoint\",\"urlTemplate\":\"https:\/\/villamontes.pt\/?s={search_term_string}\"},\"query-input\":{\"@type\":\"PropertyValueSpecification\",\"valueRequired\":true,\"valueName\":\"search_term_string\"}}],\"inLanguage\":\"en-GB\"},{\"@type\":\"Organization\",\"@id\":\"https:\/\/villamontes.pt\/#organization\",\"name\":\"Villa Mont\u00eas\",\"url\":\"https:\/\/villamontes.pt\/\",\"logo\":{\"@type\":\"ImageObject\",\"inLanguage\":\"en-GB\",\"@id\":\"https:\/\/villamontes.pt\/#\/schema\/logo\/image\/\",\"url\":\"https:\/\/villamontes.pt\/wp-content\/uploads\/2020\/12\/cabra-preta-transparent-vector.png\",\"contentUrl\":\"https:\/\/villamontes.pt\/wp-content\/uploads\/2020\/12\/cabra-preta-transparent-vector.png\",\"width\":844,\"height\":457,\"caption\":\"Villa Mont\u00eas\"},\"image\":{\"@id\":\"https:\/\/villamontes.pt\/#\/schema\/logo\/image\/\"},\"sameAs\":[\"https:\/\/www.facebook.com\/villamontescoja\",\"https:\/\/www.instagram.com\/villamontescoja\/\"]}]}<\/script>\n<!-- \/ Yoast SEO plugin. -->","yoast_head_json":{"title":"Trilhos de Caminhada & BTT - Villa Mont\u00eas","robots":{"index":"index","follow":"follow","max-snippet":"max-snippet:-1","max-image-preview":"max-image-preview:large","max-video-preview":"max-video-preview:-1"},"canonical":"https:\/\/villamontes.pt\/en\/trilhos\/","og_locale":"en_GB","og_type":"article","og_title":"Trilhos de Caminhada & BTT - Villa Mont\u00eas","og_url":"https:\/\/villamontes.pt\/en\/trilhos\/","og_site_name":"Villa Mont\u00eas","article_publisher":"https:\/\/www.facebook.com\/villamontescoja","article_modified_time":"2021-11-18T15:18:44+00:00","twitter_card":"summary_large_image","twitter_misc":{"Estimated reading time":"2 minutes"},"schema":{"@context":"https:\/\/schema.org","@graph":[{"@type":"WebPage","@id":"https:\/\/villamontes.pt\/trilhos\/","url":"https:\/\/villamontes.pt\/trilhos\/","name":"Trilhos de Caminhada & BTT - Villa Mont\u00eas","isPartOf":{"@id":"https:\/\/villamontes.pt\/#website"},"datePublished":"2018-12-21T13:57:28+00:00","dateModified":"2021-11-18T15:18:44+00:00","breadcrumb":{"@id":"https:\/\/villamontes.pt\/trilhos\/#breadcrumb"},"inLanguage":"en-GB","potentialAction":[{"@type":"ReadAction","target":["https:\/\/villamontes.pt\/trilhos\/"]}]},{"@type":"BreadcrumbList","@id":"https:\/\/villamontes.pt\/trilhos\/#breadcrumb","itemListElement":[{"@type":"ListItem","position":1,"name":"In\u00edcio","item":"https:\/\/villamontes.pt\/"},{"@type":"ListItem","position":2,"name":"Trilhos de Caminhada &#038; BTT"}]},{"@type":"WebSite","@id":"https:\/\/villamontes.pt\/#website","url":"https:\/\/villamontes.pt\/","name":"Villa Mont\u00eas","description":"Exclusive Apartaments &amp; Prime Location","publisher":{"@id":"https:\/\/villamontes.pt\/#organization"},"potentialAction":[{"@type":"SearchAction","target":{"@type":"EntryPoint","urlTemplate":"https:\/\/villamontes.pt\/?s={search_term_string}"},"query-input":{"@type":"PropertyValueSpecification","valueRequired":true,"valueName":"search_term_string"}}],"inLanguage":"en-GB"},{"@type":"Organization","@id":"https:\/\/villamontes.pt\/#organization","name":"Villa Mont\u00eas","url":"https:\/\/villamontes.pt\/","logo":{"@type":"ImageObject","inLanguage":"en-GB","@id":"https:\/\/villamontes.pt\/#\/schema\/logo\/image\/","url":"https:\/\/villamontes.pt\/wp-content\/uploads\/2020\/12\/cabra-preta-transparent-vector.png","contentUrl":"https:\/\/villamontes.pt\/wp-content\/uploads\/2020\/12\/cabra-preta-transparent-vector.png","width":844,"height":457,"caption":"Villa Mont\u00eas"},"image":{"@id":"https:\/\/villamontes.pt\/#\/schema\/logo\/image\/"},"sameAs":["https:\/\/www.facebook.com\/villamontescoja","https:\/\/www.instagram.com\/villamontescoja\/"]}]}},"_links":{"self":[{"href":"https:\/\/villamontes.pt\/en\/wp-json\/wp\/v2\/pages\/1611","targetHints":{"allow":["GET"]}}],"collection":[{"href":"https:\/\/villamontes.pt\/en\/wp-json\/wp\/v2\/pages"}],"about":[{"href":"https:\/\/villamontes.pt\/en\/wp-json\/wp\/v2\/types\/page"}],"author":[{"embeddable":true,"href":"https:\/\/villamontes.pt\/en\/wp-json\/wp\/v2\/users\/1"}],"replies":[{"embeddable":true,"href":"https:\/\/villamontes.pt\/en\/wp-json\/wp\/v2\/comments?post=1611"}],"version-history":[{"count":20,"href":"https:\/\/villamontes.pt\/en\/wp-json\/wp\/v2\/pages\/1611\/revisions"}],"predecessor-version":[{"id":4183,"href":"https:\/\/villamontes.pt\/en\/wp-json\/wp\/v2\/pages\/1611\/revisions\/4183"}],"wp:attachment":[{"href":"https:\/\/villamontes.pt\/en\/wp-json\/wp\/v2\/media?parent=1611"}],"curies":[{"name":"wp","href":"https:\/\/api.w.org\/{rel}","templated":true}]}}