{"id":1760,"date":"2019-01-02T10:48:16","date_gmt":"2019-01-02T10:48:16","guid":{"rendered":"https:\/\/puruno.com\/rokka\/?page_id=1760"},"modified":"2024-06-24T14:47:35","modified_gmt":"2024-06-24T14:47:35","slug":"ofertas-especiais","status":"publish","type":"page","link":"https:\/\/villamontes.pt\/en\/ofertas-especiais\/","title":{"rendered":"Special Offers"},"content":{"rendered":"<div class=\"wpb-content-wrapper\"><div><div data-vc-full-width=\"true\" data-vc-full-width-init=\"false\" class=\"vc_row wpb_row vc_row-fluid vc_custom_1605280737372\"  data-overlay-color=\"rgba(0,0,0,0.6)\" data-color=\"\"  ><div data-rokka-parallax=\"1\" style=\"background-image: url(https:\/\/villamontes.pt\/wp-content\/uploads\/2020\/08\/DSC1271.jpg)\" class=\"extended_bg rokka-parallax\"><div class=\"row-image-overlay\" style=\"background-color:rgba(0,0,0,0.6);\"><\/div><\/div><div class=\"wpb_column vc_column_container vc_col-md-12\"  ><div class=\"vc_column-inner\" ><div class=\"wpb_wrapper\"><div class=\"heading-with-separator text-center id_169eb8e944beb81622788808\"><div class=\"header-content\">\n\t\t\t<p class=\"h-subheading\"><\/p>\n\t\t\t<h1 class=\"heading  heading-decorator-1\" style=\"color: #ffffff; letter-spacing: 0px; \">Special Offers <\/h1><\/div><\/div><div class=\"custom-styles\" data-styles=\".id_169eb8e944beb81622788808 .heading-decorator-1:before, .id_169eb8e944beb81622788808 .heading-decorator-1:after { border-color: #ffffff}\"><\/div><\/div><\/div><\/div><\/div><div class=\"vc_row-full-width vc_clearfix\"><\/div><\/div><div><div data-vc-full-width=\"true\" data-vc-full-width-init=\"false\" class=\"vc_row wpb_row vc_row-fluid vc_custom_1546429127817\"  data-overlay-color=\"\" data-color=\"\"  ><div class=\"extended_bg\"><div class=\"row-image-overlay\"><\/div><\/div><div class=\"wpb_column vc_column_container vc_col-md-6\"  ><div class=\"vc_column-inner\" ><div class=\"wpb_wrapper\"><div class=\"presentation-box-container\">\n\t\t\t<div class=\"box-standard presentation-box pos-left pos-middle\">\n\t\t\t\t<div class=\"box-content content-with-btn  vc_custom_1606738682193\" style=\"width: 50%; background: #fff; color:  \">\n\t\t\t\t\t<h2 style=\"text-align: left;font-family:Abril Fatface;font-weight:400;font-style:normal\" class=\"vc_custom_heading\" >Up to 15% Discount<\/h2>\n\t<div class=\"wpb_text_column wpb_content_element\" >\n\t\t<div class=\"wpb_wrapper\">\n\t\t\t\n\t\t<\/div>\n\t<\/div>\n\n\t<div class=\"wpb_text_column wpb_content_element\" >\n\t\t<div class=\"wpb_wrapper\">\n\t\t\t<p><span style=\"font-size: 12px;\"><strong>On direct bookings<\/strong><\/span><\/p>\n\n\t\t<\/div>\n\t<\/div>\n\n\t\t\t\t\t\n\t\t\t\t<\/div>\n\t\t\t\t<div class=\"box-img\" style=\"width: 100%\">\n\t\t\t\t\t<div class=\"animate-image\">\n\t\t\t\t\t\t<img decoding=\"async\" src=\"https:\/\/villamontes.pt\/wp-content\/uploads\/2020\/08\/DSC1430-1-1024x682.jpg\">\n\t\t\t\t\t<\/div>\n\t\t\t\t<\/div>\n\t\t\t<\/div>\n\t\t<\/div>\n\t<div class=\"wpb_text_column wpb_content_element\" >\n\t\t<div class=\"wpb_wrapper\">\n\t\t\t<p><strong><span style=\"font-size: 12px;\">3 Nights (5%); + than 5 Nights (10%); + 7 Nights (15%);<br \/>\n<\/span><\/strong><\/p>\n\n\t\t<\/div>\n\t<\/div>\n\t<div class=\"vc_empty_space\" >\n\t\t<span class=\"vc_empty_space_inner\"><\/span>\n\t\t<div class=\"d-none d-lg-block\" style=\" height: 0px\"><\/div>\n\t\t<div class=\"d-block d-lg-none\" style=\" height: 50px\"><\/div>\t<\/div>\n<\/div><\/div><\/div><div class=\"wpb_column vc_column_container vc_col-md-6\"  ><div class=\"vc_column-inner\" ><div class=\"wpb_wrapper\"><div class=\"presentation-box-container\">\n\t\t\t<div class=\"box-standard presentation-box pos-left pos-middle\">\n\t\t\t\t<div class=\"box-content content-with-btn  vc_custom_1719239772303\" style=\"width: 50%; background: #fff; color:  \">\n\t\t\t\t\t<h2 style=\"font-size: 50px;text-align: left;font-family:Abril Fatface;font-weight:400;font-style:normal\" class=\"vc_custom_heading\" >Romantic Package<\/h2>\n\t<div class=\"wpb_text_column wpb_content_element\" >\n\t\t<div class=\"wpb_wrapper\">\n\t\t\t<p>Surprise your loved one just by <strong>+ 20 \u20ac<\/strong><\/p>\n\n\t\t<\/div>\n\t<\/div>\n\n\t<div class=\"wpb_text_column wpb_content_element\" >\n\t\t<div class=\"wpb_wrapper\">\n\t\t\t<p><strong><span style=\"font-size: 12px;\">W\/ Sparkling wine or wine, chocolates, roses and candles in a loving atmosphere<\/span><\/strong><\/p>\n\n\t\t<\/div>\n\t<\/div>\n\n\t\t\t\t\t\n\t\t\t\t<\/div>\n\t\t\t\t<div class=\"box-img\" style=\"width: 100%\">\n\t\t\t\t\t<div class=\"animate-image\">\n\t\t\t\t\t\t<img decoding=\"async\" src=\"https:\/\/villamontes.pt\/wp-content\/uploads\/2021\/02\/1613401424010-scaled-e1719058565817-1024x559.jpg\">\n\t\t\t\t\t<\/div>\n\t\t\t\t<\/div>\n\t\t\t<\/div>\n\t\t<\/div><\/div><\/div><\/div><\/div><div class=\"vc_row-full-width vc_clearfix\"><\/div><\/div><div><div class=\"vc_row wpb_row vc_row-fluid vc_custom_1613400962527 remove-mobile-margin\"  data-overlay-color=\"\" data-color=\"\"  ><div class=\"extended_bg\"><div class=\"row-image-overlay\"><\/div><\/div><div class=\"wpb_column vc_column_container vc_col-md-12\"  ><div class=\"vc_column-inner\" ><div class=\"wpb_wrapper\"><\/div><\/div><\/div><\/div><\/div><div><div class=\"vc_row wpb_row vc_row-fluid\"  data-overlay-color=\"\" data-color=\"\"  ><div class=\"extended_bg\"><div class=\"row-image-overlay\"><\/div><\/div><div class=\"wpb_column vc_column_container vc_col-md-12\"  ><div class=\"vc_column-inner\" ><div class=\"wpb_wrapper\">\t<div class=\"vc_empty_space\" >\n\t\t<span class=\"vc_empty_space_inner\"><\/span>\n\t\t<div class=\"d-none d-lg-block\" style=\" height: 60px\"><\/div>\n\t\t<div class=\"d-block d-lg-none\" style=\" height: 40px\"><\/div>\t<\/div>\n<div class=\"vc_separator wpb_content_element vc_separator_align_center vc_sep_width_100 vc_sep_pos_align_center vc_separator_no_text vc_sep_color_grey\" ><span class=\"vc_sep_holder vc_sep_holder_l\"><span class=\"vc_sep_line\"><\/span><\/span><span class=\"vc_sep_holder vc_sep_holder_r\"><span class=\"vc_sep_line\"><\/span><\/span>\n<\/div><\/div><\/div><\/div><\/div><\/div><div><div class=\"vc_row wpb_row vc_row-fluid\"  data-overlay-color=\"\" data-color=\"\"  ><div class=\"extended_bg\"><div class=\"row-image-overlay\"><\/div><\/div><div class=\"wpb_column vc_column_container vc_col-md-12\"  ><div class=\"vc_column-inner\" ><div class=\"wpb_wrapper\">\n\t<div class=\"wpb_text_column wpb_content_element\" >\n\t\t<div class=\"wpb_wrapper\">\n\t\t\t<p style=\"text-align: center;\"><strong>Any questions, contact us through the contact form, email or phone.\u00a0<\/strong><\/p>\n<p style=\"text-align: center;\"><a href=\"https:\/\/villamontes.pt\/contacto\/\">Contact Form<\/a> | info@villamontes.pt |\u00a0(+351) 937 535 359<br \/>\n(Cost of a call to a national mobile network)<\/p>\n\n\t\t<\/div>\n\t<\/div>\n\t<div class=\"vc_empty_space\" >\n\t\t<span class=\"vc_empty_space_inner\"><\/span>\n\t\t<div class=\"\" style=\" height: 40px\"><\/div>\n\t\t\t<\/div>\n<\/div><\/div><\/div><\/div><\/div>\n<\/div>","protected":false},"excerpt":{"rendered":"Ofertas Especiais At\u00e9 15% Desconto Em reservas directas 3 Noites (5%); + de 5 Noites (10%); + de 7 Noites (15%); Pacote Rom\u00e2ntico Surpreenda a sua cara-metade por apenas + 20 \u20ac C\/ Espumante ou vinho, chocolates, rosas e velas num ambiente amoroso Qualquer d\u00favida, contacte-nos atrav\u00e9s do formul\u00e1rio de contacto, e-mail ou telefone.\u00a0 Formul\u00e1rio[...] <a href=\"https:\/\/villamontes.pt\/en\/ofertas-especiais\/\" class=\"more-link\">Continue reading<\/a>","protected":false},"author":1,"featured_media":0,"parent":0,"menu_order":0,"comment_status":"closed","ping_status":"closed","template":"","meta":{"footnotes":""},"class_list":["post-1760","page","type-page","status-publish","hentry"],"yoast_head":"<!-- This site is optimized with the Yoast SEO plugin v26.6 - https:\/\/yoast.com\/wordpress\/plugins\/seo\/ -->\n<title>Ofertas Especiais - Villa Mont\u00eas<\/title>\n<meta name=\"robots\" content=\"index, follow, max-snippet:-1, max-image-preview:large, max-video-preview:-1\" \/>\n<link rel=\"canonical\" href=\"https:\/\/villamontes.pt\/en\/ofertas-especiais\/\" \/>\n<meta property=\"og:locale\" content=\"en_GB\" \/>\n<meta property=\"og:type\" content=\"article\" \/>\n<meta property=\"og:title\" content=\"Ofertas Especiais - Villa Mont\u00eas\" \/>\n<meta property=\"og:url\" content=\"https:\/\/villamontes.pt\/en\/ofertas-especiais\/\" \/>\n<meta property=\"og:site_name\" content=\"Villa Mont\u00eas\" \/>\n<meta property=\"article:publisher\" content=\"https:\/\/www.facebook.com\/villamontescoja\" \/>\n<meta property=\"article:modified_time\" content=\"2024-06-24T14:47:35+00:00\" \/>\n<meta name=\"twitter:card\" content=\"summary_large_image\" \/>\n<meta name=\"twitter:label1\" content=\"Estimated reading time\" \/>\n\t<meta name=\"twitter:data1\" content=\"2 minutes\" \/>\n<script type=\"application\/ld+json\" class=\"yoast-schema-graph\">{\"@context\":\"https:\/\/schema.org\",\"@graph\":[{\"@type\":\"WebPage\",\"@id\":\"https:\/\/villamontes.pt\/ofertas-especiais\/\",\"url\":\"https:\/\/villamontes.pt\/ofertas-especiais\/\",\"name\":\"Ofertas Especiais - Villa Mont\u00eas\",\"isPartOf\":{\"@id\":\"https:\/\/villamontes.pt\/#website\"},\"datePublished\":\"2019-01-02T10:48:16+00:00\",\"dateModified\":\"2024-06-24T14:47:35+00:00\",\"breadcrumb\":{\"@id\":\"https:\/\/villamontes.pt\/ofertas-especiais\/#breadcrumb\"},\"inLanguage\":\"en-GB\",\"potentialAction\":[{\"@type\":\"ReadAction\",\"target\":[\"https:\/\/villamontes.pt\/ofertas-especiais\/\"]}]},{\"@type\":\"BreadcrumbList\",\"@id\":\"https:\/\/villamontes.pt\/ofertas-especiais\/#breadcrumb\",\"itemListElement\":[{\"@type\":\"ListItem\",\"position\":1,\"name\":\"In\u00edcio\",\"item\":\"https:\/\/villamontes.pt\/\"},{\"@type\":\"ListItem\",\"position\":2,\"name\":\"Ofertas Especiais\"}]},{\"@type\":\"WebSite\",\"@id\":\"https:\/\/villamontes.pt\/#website\",\"url\":\"https:\/\/villamontes.pt\/\",\"name\":\"Villa Mont\u00eas\",\"description\":\"Exclusive Apartaments &amp; Prime Location\",\"publisher\":{\"@id\":\"https:\/\/villamontes.pt\/#organization\"},\"potentialAction\":[{\"@type\":\"SearchAction\",\"target\":{\"@type\":\"EntryPoint\",\"urlTemplate\":\"https:\/\/villamontes.pt\/?s={search_term_string}\"},\"query-input\":{\"@type\":\"PropertyValueSpecification\",\"valueRequired\":true,\"valueName\":\"search_term_string\"}}],\"inLanguage\":\"en-GB\"},{\"@type\":\"Organization\",\"@id\":\"https:\/\/villamontes.pt\/#organization\",\"name\":\"Villa Mont\u00eas\",\"url\":\"https:\/\/villamontes.pt\/\",\"logo\":{\"@type\":\"ImageObject\",\"inLanguage\":\"en-GB\",\"@id\":\"https:\/\/villamontes.pt\/#\/schema\/logo\/image\/\",\"url\":\"https:\/\/villamontes.pt\/wp-content\/uploads\/2020\/12\/cabra-preta-transparent-vector.png\",\"contentUrl\":\"https:\/\/villamontes.pt\/wp-content\/uploads\/2020\/12\/cabra-preta-transparent-vector.png\",\"width\":844,\"height\":457,\"caption\":\"Villa Mont\u00eas\"},\"image\":{\"@id\":\"https:\/\/villamontes.pt\/#\/schema\/logo\/image\/\"},\"sameAs\":[\"https:\/\/www.facebook.com\/villamontescoja\",\"https:\/\/www.instagram.com\/villamontescoja\/\"]}]}<\/script>\n<!-- \/ Yoast SEO plugin. -->","yoast_head_json":{"title":"Ofertas Especiais - Villa Mont\u00eas","robots":{"index":"index","follow":"follow","max-snippet":"max-snippet:-1","max-image-preview":"max-image-preview:large","max-video-preview":"max-video-preview:-1"},"canonical":"https:\/\/villamontes.pt\/en\/ofertas-especiais\/","og_locale":"en_GB","og_type":"article","og_title":"Ofertas Especiais - Villa Mont\u00eas","og_url":"https:\/\/villamontes.pt\/en\/ofertas-especiais\/","og_site_name":"Villa Mont\u00eas","article_publisher":"https:\/\/www.facebook.com\/villamontescoja","article_modified_time":"2024-06-24T14:47:35+00:00","twitter_card":"summary_large_image","twitter_misc":{"Estimated reading time":"2 minutes"},"schema":{"@context":"https:\/\/schema.org","@graph":[{"@type":"WebPage","@id":"https:\/\/villamontes.pt\/ofertas-especiais\/","url":"https:\/\/villamontes.pt\/ofertas-especiais\/","name":"Ofertas Especiais - Villa Mont\u00eas","isPartOf":{"@id":"https:\/\/villamontes.pt\/#website"},"datePublished":"2019-01-02T10:48:16+00:00","dateModified":"2024-06-24T14:47:35+00:00","breadcrumb":{"@id":"https:\/\/villamontes.pt\/ofertas-especiais\/#breadcrumb"},"inLanguage":"en-GB","potentialAction":[{"@type":"ReadAction","target":["https:\/\/villamontes.pt\/ofertas-especiais\/"]}]},{"@type":"BreadcrumbList","@id":"https:\/\/villamontes.pt\/ofertas-especiais\/#breadcrumb","itemListElement":[{"@type":"ListItem","position":1,"name":"In\u00edcio","item":"https:\/\/villamontes.pt\/"},{"@type":"ListItem","position":2,"name":"Ofertas Especiais"}]},{"@type":"WebSite","@id":"https:\/\/villamontes.pt\/#website","url":"https:\/\/villamontes.pt\/","name":"Villa Mont\u00eas","description":"Exclusive Apartaments &amp; Prime Location","publisher":{"@id":"https:\/\/villamontes.pt\/#organization"},"potentialAction":[{"@type":"SearchAction","target":{"@type":"EntryPoint","urlTemplate":"https:\/\/villamontes.pt\/?s={search_term_string}"},"query-input":{"@type":"PropertyValueSpecification","valueRequired":true,"valueName":"search_term_string"}}],"inLanguage":"en-GB"},{"@type":"Organization","@id":"https:\/\/villamontes.pt\/#organization","name":"Villa Mont\u00eas","url":"https:\/\/villamontes.pt\/","logo":{"@type":"ImageObject","inLanguage":"en-GB","@id":"https:\/\/villamontes.pt\/#\/schema\/logo\/image\/","url":"https:\/\/villamontes.pt\/wp-content\/uploads\/2020\/12\/cabra-preta-transparent-vector.png","contentUrl":"https:\/\/villamontes.pt\/wp-content\/uploads\/2020\/12\/cabra-preta-transparent-vector.png","width":844,"height":457,"caption":"Villa Mont\u00eas"},"image":{"@id":"https:\/\/villamontes.pt\/#\/schema\/logo\/image\/"},"sameAs":["https:\/\/www.facebook.com\/villamontescoja","https:\/\/www.instagram.com\/villamontescoja\/"]}]}},"_links":{"self":[{"href":"https:\/\/villamontes.pt\/en\/wp-json\/wp\/v2\/pages\/1760","targetHints":{"allow":["GET"]}}],"collection":[{"href":"https:\/\/villamontes.pt\/en\/wp-json\/wp\/v2\/pages"}],"about":[{"href":"https:\/\/villamontes.pt\/en\/wp-json\/wp\/v2\/types\/page"}],"author":[{"embeddable":true,"href":"https:\/\/villamontes.pt\/en\/wp-json\/wp\/v2\/users\/1"}],"replies":[{"embeddable":true,"href":"https:\/\/villamontes.pt\/en\/wp-json\/wp\/v2\/comments?post=1760"}],"version-history":[{"count":51,"href":"https:\/\/villamontes.pt\/en\/wp-json\/wp\/v2\/pages\/1760\/revisions"}],"predecessor-version":[{"id":4662,"href":"https:\/\/villamontes.pt\/en\/wp-json\/wp\/v2\/pages\/1760\/revisions\/4662"}],"wp:attachment":[{"href":"https:\/\/villamontes.pt\/en\/wp-json\/wp\/v2\/media?parent=1760"}],"curies":[{"name":"wp","href":"https:\/\/api.w.org\/{rel}","templated":true}]}}