{"id":1883,"date":"2019-01-02T14:55:29","date_gmt":"2019-01-02T14:55:29","guid":{"rendered":"https:\/\/puruno.com\/rokka\/?page_id=1883"},"modified":"2019-01-03T08:15:11","modified_gmt":"2019-01-03T08:15:11","slug":"tabs","status":"publish","type":"page","link":"https:\/\/villamontes.pt\/en\/tabs\/","title":{"rendered":"Tabs &#038; Tour sections"},"content":{"rendered":"<div class=\"wpb-content-wrapper\"><div><div data-vc-full-width=\"true\" data-vc-full-width-init=\"false\" class=\"vc_row wpb_row vc_row-fluid vc_custom_1546440913397\"  data-overlay-color=\"\" data-color=\"\"  ><div data-rokka-parallax=\"1\" style=\"background-image: url(https:\/\/villamontes.pt\/wp-content\/uploads\/2019\/09\/imported_rokka.jpg)\" class=\"extended_bg rokka-parallax\"><div class=\"row-image-overlay\" style=\"\"><\/div><\/div><div class=\"wpb_column vc_column_container vc_col-md-12\"  ><div class=\"vc_column-inner\" ><div class=\"wpb_wrapper\"><div class=\"heading-with-separator text-center id_169d22b89d5e48458279241\"><div class=\"header-content\">\n\t\t\t<p class=\"h-subheading\"><\/p>\n\t\t\t<h3 class=\"heading  heading-decorator-1\" style=\"; letter-spacing: 0px; \">Tabs \/ Tour<\/h3><\/div><\/div><div class=\"custom-styles\" data-styles=\".id_169d22b89d5e48458279241 .heading-decorator-1:before, .id_169d22b89d5e48458279241 .heading-decorator-1:after { border-color: }\"><\/div><\/div><\/div><\/div><\/div><div class=\"vc_row-full-width vc_clearfix\"><\/div><\/div><div><div class=\"vc_row wpb_row vc_row-fluid vc_custom_1546440948414\"  data-overlay-color=\"\" data-color=\"\"  ><div class=\"extended_bg\"><div class=\"row-image-overlay\"><\/div><\/div><div class=\"wpb_column vc_column_container vc_col-md-1\"  ><div class=\"vc_column-inner\" ><div class=\"wpb_wrapper\"><\/div><\/div><\/div><div class=\"wpb_column vc_column_container vc_col-md-10\"  ><div class=\"vc_column-inner\" ><div class=\"wpb_wrapper\"><div class=\"vc_tta-container\" data-vc-action=\"collapse\"><div class=\"vc_general vc_tta vc_tta-tabs vc_tta-o-shape-group vc_tta-tabs-position-top vc_tta-controls-align-left\" data-accent=\"\"><div class=\"vc_tta-tabs-container\"><ul class=\"vc_tta-tabs-list\"><li class=\"vc_tta-tab vc_active\" data-vc-tab><a href=\"#1546499648147-00b4362d-b056\" data-vc-tabs data-vc-container=\".vc_tta\"><span class=\"vc_tta-title-text\">Ingredients<\/span><\/a><\/li><li class=\"vc_tta-tab\" data-vc-tab><a href=\"#1546499648183-625ae22d-16c0\" data-vc-tabs data-vc-container=\".vc_tta\"><span class=\"vc_tta-title-text\">Dishes of the day<\/span><\/a><\/li><li class=\"vc_tta-tab\" data-vc-tab><a href=\"#1546499648216-79fff814-c9ed\" data-vc-tabs data-vc-container=\".vc_tta\"><span class=\"vc_tta-title-text\">Dessert<\/span><\/a><\/li><li class=\"vc_tta-tab\" data-vc-tab><a href=\"#1546499895524-bef91466-d8f1\" data-vc-tabs data-vc-container=\".vc_tta\"><span class=\"vc_tta-title-text\">Drinks<\/span><\/a><\/li><\/ul><\/div><div class=\"vc_tta-panels-container\"><div class=\"vc_tta-panels\"><div class=\"vc_tta-panel vc_active\" id=\"1546499648147-00b4362d-b056\" data-vc-content=\".vc_tta-panel-body\"><div class=\"vc_tta-panel-heading\"><h4 class=\"vc_tta-panel-title\"><a href=\"#1546499648147-00b4362d-b056\" data-vc-accordion data-vc-container=\".vc_tta-container\"><span class=\"vc_tta-title-text\">Ingredients<\/span><span><\/span><\/a><\/h4><\/div><div class=\"vc_tta-panel-body\">\t<div class=\"vc_empty_space\" >\n\t\t<span class=\"vc_empty_space_inner\"><\/span>\n\t\t<div class=\"\" style=\" height: 30px\"><\/div>\n\t\t\t<\/div>\n<div class=\"rokka-gallery rokka-gallery-element\"><div class=\"rokka-gallery-masonry rokka-grid rokka-4-col show-gutter  animate-text\" data-ismasonry=\"0\" data-imgbg=\"1\"><article class=\"grid-sizer\"><\/article><article class=\"gutter-sizer\"><\/article><article class=\"w1-h1\"><div class=\"layer\"><div class=\"img-bg\" data-depth=\"0.50\" style=\"background-image: url(https:\/\/villamontes.pt\/wp-content\/uploads\/2019\/09\/imported_rokka-1024x576.jpg) \" ><\/div><\/div>\n\t\t\t\t\t\t<div class=\"rokka-gallery-item open-lightbox_images\"><a class=\"gallery-link\" href=\"https:\/\/villamontes.pt\/wp-content\/uploads\/2019\/09\/imported_rokka.jpg\" data-size=\"640x360\"><\/a><div class=\"image-wrapper\"><span class=\"gallery-img\" style=\"background-image: url(https:\/\/villamontes.pt\/wp-content\/uploads\/2019\/09\/imported_rokka-1024x576.jpg);\"><\/span><\/div><\/div><\/article><article class=\"w1-h1\"><div class=\"layer\"><div class=\"img-bg\" data-depth=\"0.50\" style=\"background-image: url(https:\/\/villamontes.pt\/wp-content\/uploads\/2019\/09\/imported_rokka-1024x576.jpg) \" ><\/div><\/div>\n\t\t\t\t\t\t<div class=\"rokka-gallery-item open-lightbox_images\"><a class=\"gallery-link\" href=\"https:\/\/villamontes.pt\/wp-content\/uploads\/2019\/09\/imported_rokka.jpg\" data-size=\"640x360\"><\/a><div class=\"image-wrapper\"><span class=\"gallery-img\" style=\"background-image: url(https:\/\/villamontes.pt\/wp-content\/uploads\/2019\/09\/imported_rokka-1024x576.jpg);\"><\/span><\/div><\/div><\/article><article class=\"w1-h1\"><div class=\"layer\"><div class=\"img-bg\" data-depth=\"0.50\" style=\"background-image: url(https:\/\/villamontes.pt\/wp-content\/uploads\/2019\/09\/imported_rokka-1024x576.jpg) \" ><\/div><\/div>\n\t\t\t\t\t\t<div class=\"rokka-gallery-item open-lightbox_images\"><a class=\"gallery-link\" href=\"https:\/\/villamontes.pt\/wp-content\/uploads\/2019\/09\/imported_rokka.jpg\" data-size=\"640x360\"><\/a><div class=\"image-wrapper\"><span class=\"gallery-img\" style=\"background-image: url(https:\/\/villamontes.pt\/wp-content\/uploads\/2019\/09\/imported_rokka-1024x576.jpg);\"><\/span><\/div><\/div><\/article><article class=\"w1-h1\"><div class=\"layer\"><div class=\"img-bg\" data-depth=\"0.50\" style=\"background-image: url(https:\/\/villamontes.pt\/wp-content\/uploads\/2019\/09\/imported_rokka-1024x576.jpg) \" ><\/div><\/div>\n\t\t\t\t\t\t<div class=\"rokka-gallery-item open-lightbox_images\"><a class=\"gallery-link\" href=\"https:\/\/villamontes.pt\/wp-content\/uploads\/2019\/09\/imported_rokka.jpg\" data-size=\"640x360\"><\/a><div class=\"image-wrapper\"><span class=\"gallery-img\" style=\"background-image: url(https:\/\/villamontes.pt\/wp-content\/uploads\/2019\/09\/imported_rokka-1024x576.jpg);\"><\/span><\/div><\/div><\/article><\/div><\/div>\n\t<div class=\"wpb_text_column wpb_content_element\" >\n\t\t<div class=\"wpb_wrapper\">\n\t\t\t<p>* <em><span style=\"font-size: 14px;\">Had gathered, thing fifth creeping his. Us seed saw don&#8217;t unto which. After bearing good great tree. One firmament saw they&#8217;re all beast lesser in divided over waters be so open winged him them thing stars him god.<\/span><\/em><\/p>\n\n\t\t<\/div>\n\t<\/div>\n<\/div><\/div><div class=\"vc_tta-panel\" id=\"1546499648183-625ae22d-16c0\" data-vc-content=\".vc_tta-panel-body\"><div class=\"vc_tta-panel-heading\"><h4 class=\"vc_tta-panel-title\"><a href=\"#1546499648183-625ae22d-16c0\" data-vc-accordion data-vc-container=\".vc_tta-container\"><span class=\"vc_tta-title-text\">Dishes of the day<\/span><span><\/span><\/a><\/h4><\/div><div class=\"vc_tta-panel-body\"><div class=\"food-menu food-menu-1col id_169d22b89d897b1876333784\">\n\t\t\t\t\t\t<div class=\"food-menu-header\"><p class=\"food-header-desc\"><\/p>\n\t\t\t\t\t\t<\/div>\n\t\t\t\t\t\t<div class=\"food-menu-items\"><div class=\"food-item\">\n\t\t\t\t\t\t\t\t\t<div class=\"food-header\">\n\t\t\t\t\t\t\t\t\t\t<div class=\"food-title\"><span>PORK RILLETTE HAND PIES<\/span>\n\t\t\t\t\t\t\t\t\t\t<\/div>\n\t\t\t\t\t\t\t\t\t\t<div class=\"food-dots\"><\/div>\n\t\t\t\t\t\t\t\t\t\t<div class=\"food-price\"><span>$16<\/span><\/div>\n\t\t\t\t\t\t\t\t\t<\/div>\n\t\t\t\t\t\t\t\t\t<div class=\"food-desc\">\n\t\t\t\t\t\t\t\t\t\t<p>rye bread and lemon<\/p>\n\t\t\t\t\t\t\t\t\t<\/div>\n\t\t\t\t\t\t\t\t<\/div><div class=\"food-item\">\n\t\t\t\t\t\t\t\t\t<div class=\"food-header\">\n\t\t\t\t\t\t\t\t\t\t<div class=\"food-title\"><span class=\"food-badge badge badge-accent\">NEW<\/span><span>PASTA WITH LAMB RAG\u00d9<\/span>\n\t\t\t\t\t\t\t\t\t\t<\/div>\n\t\t\t\t\t\t\t\t\t\t<div class=\"food-dots\"><\/div>\n\t\t\t\t\t\t\t\t\t\t<div class=\"food-price\"><span>$23<\/span><\/div>\n\t\t\t\t\t\t\t\t\t<\/div>\n\t\t\t\t\t\t\t\t\t<div class=\"food-desc\">\n\t\t\t\t\t\t\t\t\t\t<p>toast &amp; celeriac remoulade<\/p>\n\t\t\t\t\t\t\t\t\t<\/div>\n\t\t\t\t\t\t\t\t<\/div><div class=\"food-item\">\n\t\t\t\t\t\t\t\t\t<div class=\"food-header\">\n\t\t\t\t\t\t\t\t\t\t<div class=\"food-title\"><span>CHICKEN STRIPS<\/span>\n\t\t\t\t\t\t\t\t\t\t<\/div>\n\t\t\t\t\t\t\t\t\t\t<div class=\"food-dots\"><\/div>\n\t\t\t\t\t\t\t\t\t\t<div class=\"food-price\"><span>$27<\/span><\/div>\n\t\t\t\t\t\t\t\t\t<\/div>\n\t\t\t\t\t\t\t\t\t<div class=\"food-desc\">\n\t\t\t\t\t\t\t\t\t\t<p>fried chicken strips<\/p>\n\t\t\t\t\t\t\t\t\t<\/div>\n\t\t\t\t\t\t\t\t<\/div><div class=\"food-item\">\n\t\t\t\t\t\t\t\t\t<div class=\"food-header\">\n\t\t\t\t\t\t\t\t\t\t<div class=\"food-title\"><span>OYSTER OMELET<\/span>\n\t\t\t\t\t\t\t\t\t\t<\/div>\n\t\t\t\t\t\t\t\t\t\t<div class=\"food-dots\"><\/div>\n\t\t\t\t\t\t\t\t\t\t<div class=\"food-price\"><span>$6<\/span><\/div>\n\t\t\t\t\t\t\t\t\t<\/div>\n\t\t\t\t\t\t\t\t\t<div class=\"food-desc\">\n\t\t\t\t\t\t\t\t\t\t<p>fresh shucked Corpus Christi oysters<\/p>\n\t\t\t\t\t\t\t\t\t<\/div>\n\t\t\t\t\t\t\t\t<\/div><\/div>\n\t\t\t\t\t<\/div><\/div><\/div><div class=\"vc_tta-panel\" id=\"1546499648216-79fff814-c9ed\" data-vc-content=\".vc_tta-panel-body\"><div class=\"vc_tta-panel-heading\"><h4 class=\"vc_tta-panel-title\"><a href=\"#1546499648216-79fff814-c9ed\" data-vc-accordion data-vc-container=\".vc_tta-container\"><span class=\"vc_tta-title-text\">Dessert<\/span><span><\/span><\/a><\/h4><\/div><div class=\"vc_tta-panel-body\"><div class=\"food-menu food-menu-1col id_169d22b89d8d09764097163\">\n\t\t\t\t\t\t<div class=\"food-menu-header\"><p class=\"food-header-desc\"><\/p>\n\t\t\t\t\t\t<\/div>\n\t\t\t\t\t\t<div class=\"food-menu-items\"><div class=\"food-item\">\n\t\t\t\t\t\t\t\t\t<div class=\"food-header\">\n\t\t\t\t\t\t\t\t\t\t<div class=\"food-title\"><span>LEMON RICOTTA TART<\/span>\n\t\t\t\t\t\t\t\t\t\t<\/div>\n\t\t\t\t\t\t\t\t\t\t<div class=\"food-dots\"><\/div>\n\t\t\t\t\t\t\t\t\t\t<div class=\"food-price\"><span>$7<\/span><\/div>\n\t\t\t\t\t\t\t\t\t<\/div>\n\t\t\t\t\t\t\t\t\t<div class=\"food-desc\">\n\t\t\t\t\t\t\t\t\t\t<p>tart with lemon and ricotta cheese<\/p>\n\t\t\t\t\t\t\t\t\t<\/div>\n\t\t\t\t\t\t\t\t<\/div><div class=\"food-item\">\n\t\t\t\t\t\t\t\t\t<div class=\"food-header\">\n\t\t\t\t\t\t\t\t\t\t<div class=\"food-title\"><span>SUGAR CRUSTED WAFFLE<\/span>\n\t\t\t\t\t\t\t\t\t\t<\/div>\n\t\t\t\t\t\t\t\t\t\t<div class=\"food-dots\"><\/div>\n\t\t\t\t\t\t\t\t\t\t<div class=\"food-price\"><span>$6<\/span><\/div>\n\t\t\t\t\t\t\t\t\t<\/div>\n\t\t\t\t\t\t\t\t\t<div class=\"food-desc\">\n\t\t\t\t\t\t\t\t\t\t<p>berry compote &amp; cream<\/p>\n\t\t\t\t\t\t\t\t\t<\/div>\n\t\t\t\t\t\t\t\t<\/div><div class=\"food-item\">\n\t\t\t\t\t\t\t\t\t<div class=\"food-header\">\n\t\t\t\t\t\t\t\t\t\t<div class=\"food-title\"><span>SEASONAL FRUITS<\/span>\n\t\t\t\t\t\t\t\t\t\t<\/div>\n\t\t\t\t\t\t\t\t\t\t<div class=\"food-dots\"><\/div>\n\t\t\t\t\t\t\t\t\t\t<div class=\"food-price\"><span>$9<\/span><\/div>\n\t\t\t\t\t\t\t\t\t<\/div>\n\t\t\t\t\t\t\t\t\t<div class=\"food-desc\">\n\t\t\t\t\t\t\t\t\t\t<p>fresh seasonal fruits<\/p>\n\t\t\t\t\t\t\t\t\t<\/div>\n\t\t\t\t\t\t\t\t<\/div><div class=\"food-item\">\n\t\t\t\t\t\t\t\t\t<div class=\"food-header\">\n\t\t\t\t\t\t\t\t\t\t<div class=\"food-title\"><span>APRICOT GALETTE<\/span>\n\t\t\t\t\t\t\t\t\t\t<\/div>\n\t\t\t\t\t\t\t\t\t\t<div class=\"food-dots\"><\/div>\n\t\t\t\t\t\t\t\t\t\t<div class=\"food-price\"><span>$5<\/span><\/div>\n\t\t\t\t\t\t\t\t\t<\/div>\n\t\t\t\t\t\t\t\t\t<div class=\"food-desc\">\n\t\t\t\t\t\t\t\t\t\t<p>poached pineapple<\/p>\n\t\t\t\t\t\t\t\t\t<\/div>\n\t\t\t\t\t\t\t\t<\/div><\/div>\n\t\t\t\t\t<\/div><\/div><\/div><div class=\"vc_tta-panel\" id=\"1546499895524-bef91466-d8f1\" data-vc-content=\".vc_tta-panel-body\"><div class=\"vc_tta-panel-heading\"><h4 class=\"vc_tta-panel-title\"><a href=\"#1546499895524-bef91466-d8f1\" data-vc-accordion data-vc-container=\".vc_tta-container\"><span class=\"vc_tta-title-text\">Drinks<\/span><span><\/span><\/a><\/h4><\/div><div class=\"vc_tta-panel-body\"><div class=\"food-menu food-menu-1col id_169d22b89d8f441279498915\">\n\t\t\t\t\t\t<div class=\"food-menu-header\"><p class=\"food-header-desc\"><\/p>\n\t\t\t\t\t\t<\/div>\n\t\t\t\t\t\t<div class=\"food-menu-items\"><div class=\"food-item\">\n\t\t\t\t\t\t\t\t\t<div class=\"food-header\">\n\t\t\t\t\t\t\t\t\t\t<div class=\"food-title\"><span>{:pt}Visitas guiadas{:}{:gb}Guided Tour{:}<\/span>\n\t\t\t\t\t\t\t\t\t\t<\/div>\n\t\t\t\t\t\t\t\t\t\t<div class=\"food-dots\"><\/div>\n\t\t\t\t\t\t\t\t\t\t<div class=\"food-price\"><span><\/span><\/div>\n\t\t\t\t\t\t\t\t\t<\/div>\n\t\t\t\t\t\t\t\t\t<div class=\"food-desc\">\n\t\t\t\t\t\t\t\t\t\t<p>Serra do A\u00e7or, Serra da Estrela, Vila de Coja, entre outras;<\/p>\n\t\t\t\t\t\t\t\t\t<\/div>\n\t\t\t\t\t\t\t\t<\/div><div class=\"food-item\">\n\t\t\t\t\t\t\t\t\t<div class=\"food-header\">\n\t\t\t\t\t\t\t\t\t\t<div class=\"food-title\"><span>{:pt}Caminhada{:}{:gb}Walks{:}<\/span>\n\t\t\t\t\t\t\t\t\t\t<\/div>\n\t\t\t\t\t\t\t\t\t\t<div class=\"food-dots\"><\/div>\n\t\t\t\t\t\t\t\t\t\t<div class=\"food-price\"><span><\/span><\/div>\n\t\t\t\t\t\t\t\t\t<\/div>\n\t\t\t\t\t\t\t\t\t<div class=\"food-desc\">\n\t\t\t\t\t\t\t\t\t\t<p>Temos para si dispon\u00edveis v\u00e1rias percursos poss\u00edveis de caminhadas<\/p>\n\t\t\t\t\t\t\t\t\t<\/div>\n\t\t\t\t\t\t\t\t<\/div><div class=\"food-item\">\n\t\t\t\t\t\t\t\t\t<div class=\"food-header\">\n\t\t\t\t\t\t\t\t\t\t<div class=\"food-title\"><span>{:pt}Montanhismo{:}{:gb}Trekking{:}<\/span>\n\t\t\t\t\t\t\t\t\t\t<\/div>\n\t\t\t\t\t\t\t\t\t\t<div class=\"food-dots\"><\/div>\n\t\t\t\t\t\t\t\t\t\t<div class=\"food-price\"><span><\/span><\/div>\n\t\t\t\t\t\t\t\t\t<\/div>\n\t\t\t\t\t\t\t\t\t<div class=\"food-desc\">\n\t\t\t\t\t\t\t\t\t\t<p>Se for mais aventureiro, temos v\u00e1rias op\u00e7\u00f5es de trilhos de montanha<\/p>\n\t\t\t\t\t\t\t\t\t<\/div>\n\t\t\t\t\t\t\t\t<\/div><\/div>\n\t\t\t\t\t<\/div><\/div><\/div><\/div><\/div><\/div><\/div><\/div><\/div><\/div><div class=\"wpb_column vc_column_container vc_col-md-1\"  ><div class=\"vc_column-inner\" ><div class=\"wpb_wrapper\"><\/div><\/div><\/div><\/div><\/div><div><div data-vc-full-width=\"true\" data-vc-full-width-init=\"false\" class=\"vc_row wpb_row vc_row-fluid vc_custom_1546500541446\"  data-overlay-color=\"#f4f4f4\" data-color=\"\"  ><div class=\"extended_bg\"><div class=\"row-image-overlay\" style=\"background-color:#f4f4f4;\"><\/div><\/div><div class=\"wpb_column vc_column_container vc_col-md-2\"  ><div class=\"vc_column-inner\" ><div class=\"wpb_wrapper\"><\/div><\/div><\/div><div class=\"wpb_column vc_column_container vc_col-md-8\"  ><div class=\"vc_column-inner\" ><div class=\"wpb_wrapper\"><div class=\"vc_tta-container\" data-vc-action=\"collapse\"><div class=\"vc_general vc_tta vc_tta-tabs vc_tta-o-shape-group vc_tta-tabs-position-left vc_tta-controls-align-left\" data-accent=\"\"><div class=\"vc_tta-tabs-container\"><ul class=\"vc_tta-tabs-list\"><li class=\"vc_tta-tab vc_active\" data-vc-tab><a href=\"#1546441103740-93a1d0eb-5f4b\" data-vc-tabs data-vc-container=\".vc_tta\"><span class=\"vc_tta-title-text\">Section 1<\/span><\/a><\/li><li class=\"vc_tta-tab\" data-vc-tab><a href=\"#1546441103752-379c625a-2b22\" data-vc-tabs data-vc-container=\".vc_tta\"><span class=\"vc_tta-title-text\">Section 2<\/span><\/a><\/li><li class=\"vc_tta-tab\" data-vc-tab><a href=\"#1546441142592-241040b5-0818\" data-vc-tabs data-vc-container=\".vc_tta\"><span class=\"vc_tta-title-text\">Section 3<\/span><\/a><\/li><\/ul><\/div><div class=\"vc_tta-panels-container\"><div class=\"vc_tta-panels\"><div class=\"vc_tta-panel vc_active\" id=\"1546441103740-93a1d0eb-5f4b\" data-vc-content=\".vc_tta-panel-body\"><div class=\"vc_tta-panel-heading\"><h4 class=\"vc_tta-panel-title\"><a href=\"#1546441103740-93a1d0eb-5f4b\" data-vc-accordion data-vc-container=\".vc_tta-container\"><span class=\"vc_tta-title-text\">Section 1<\/span><span><\/span><\/a><\/h4><\/div><div class=\"vc_tta-panel-body\">\n\t<div class=\"wpb_text_column wpb_content_element\" >\n\t\t<div class=\"wpb_wrapper\">\n\t\t\t<p>Years beast after under. Appear first moving whales firmament likeness. Is it, i seed, grass. Midst saying moved, years. Subdue can&#8217;t. Morning one abundantly darkness of two wherein a our land creature tree waters stars isn&#8217;t. Be you&#8217;re and light, he wherein living saw darkness a for days beginning two good every was seed doesn&#8217;t all blessed likeness she&#8217;d. Blessed that i blessed bearing winged spirit creature days image void replenish third gathering gathering given divided day fifth bring sea third.<\/p>\n\n\t\t<\/div>\n\t<\/div>\n<\/div><\/div><div class=\"vc_tta-panel\" id=\"1546441103752-379c625a-2b22\" data-vc-content=\".vc_tta-panel-body\"><div class=\"vc_tta-panel-heading\"><h4 class=\"vc_tta-panel-title\"><a href=\"#1546441103752-379c625a-2b22\" data-vc-accordion data-vc-container=\".vc_tta-container\"><span class=\"vc_tta-title-text\">Section 2<\/span><span><\/span><\/a><\/h4><\/div><div class=\"vc_tta-panel-body\">\n\t<div class=\"wpb_text_column wpb_content_element\" >\n\t\t<div class=\"wpb_wrapper\">\n\t\t\t<p>Saying i subdue dominion creepeth they&#8217;re you&#8217;re they&#8217;re isn&#8217;t earth won&#8217;t given. You Lesser light fill fruitful. Shall Light divided land moved so waters spirit to likeness the, living. Creepeth good, signs. Bearing lesser. Give them moved likeness man there, him. From fish first Him spirit make dry sixth form made saw so fish the seas is appear above open bring have they&#8217;re years yielding life moved day thing made midst living isn&#8217;t them. Sixth you&#8217;ll, creepeth darkness thing fill of.<\/p>\n\n\t\t<\/div>\n\t<\/div>\n<\/div><\/div><div class=\"vc_tta-panel\" id=\"1546441142592-241040b5-0818\" data-vc-content=\".vc_tta-panel-body\"><div class=\"vc_tta-panel-heading\"><h4 class=\"vc_tta-panel-title\"><a href=\"#1546441142592-241040b5-0818\" data-vc-accordion data-vc-container=\".vc_tta-container\"><span class=\"vc_tta-title-text\">Section 3<\/span><span><\/span><\/a><\/h4><\/div><div class=\"vc_tta-panel-body\">\n\t<div class=\"wpb_text_column wpb_content_element\" >\n\t\t<div class=\"wpb_wrapper\">\n\t\t\t<p>May life upon without man and. Land. Can&#8217;t said. Seas in days, form moved and. He good after which good night second i, female for spirit she&#8217;d. Give have, above gathered Herb lights Deep thing called let won&#8217;t. Was their don&#8217;t together his. Above under good heaven is may life fly forth that land shall you&#8217;ll bring seas appear, fruit. Forth creepeth saw was cattle. Hath. Fowl divide place fruitful seed two hath give together In gathering you to. Open the divide was, she&#8217;d life.<\/p>\n\n\t\t<\/div>\n\t<\/div>\n<\/div><\/div><\/div><\/div><\/div><\/div><\/div><\/div><\/div><div class=\"wpb_column vc_column_container vc_col-md-2\"  ><div class=\"vc_column-inner\" ><div class=\"wpb_wrapper\"><\/div><\/div><\/div><\/div><div class=\"vc_row-full-width vc_clearfix\"><\/div><\/div>\n<\/div>","protected":false},"excerpt":{"rendered":"Tabs \/ TourIngredientsDishes of the dayDessertDrinksIngredients * Had gathered, thing fifth creeping his. Us seed saw don't unto which. After bearing good great tree. One firmament saw they're all beast lesser in divided over waters be so open winged him them thing stars him god. Dishes of the day PORK RILLETTE HAND PIES $16 rye[...] <a href=\"https:\/\/villamontes.pt\/en\/tabs\/\" class=\"more-link\">Continue reading<\/a>","protected":false},"author":1,"featured_media":0,"parent":0,"menu_order":0,"comment_status":"closed","ping_status":"closed","template":"","meta":{"footnotes":""},"class_list":["post-1883","page","type-page","status-publish","hentry"],"yoast_head":"<!-- This site is optimized with the Yoast SEO plugin v26.6 - https:\/\/yoast.com\/wordpress\/plugins\/seo\/ -->\n<title>Tabs &amp; Tour sections - Villa Mont\u00eas<\/title>\n<meta name=\"robots\" content=\"index, follow, max-snippet:-1, max-image-preview:large, max-video-preview:-1\" \/>\n<link rel=\"canonical\" href=\"https:\/\/villamontes.pt\/en\/tabs\/\" \/>\n<meta property=\"og:locale\" content=\"en_GB\" \/>\n<meta property=\"og:type\" content=\"article\" \/>\n<meta property=\"og:title\" content=\"Tabs &amp; Tour sections - Villa Mont\u00eas\" \/>\n<meta property=\"og:url\" content=\"https:\/\/villamontes.pt\/en\/tabs\/\" \/>\n<meta property=\"og:site_name\" content=\"Villa Mont\u00eas\" \/>\n<meta property=\"article:publisher\" content=\"https:\/\/www.facebook.com\/villamontescoja\" \/>\n<meta property=\"article:modified_time\" content=\"2019-01-03T08:15:11+00:00\" \/>\n<meta name=\"twitter:card\" content=\"summary_large_image\" \/>\n<meta name=\"twitter:label1\" content=\"Estimated reading time\" \/>\n\t<meta name=\"twitter:data1\" content=\"3 minutes\" \/>\n<script type=\"application\/ld+json\" class=\"yoast-schema-graph\">{\"@context\":\"https:\/\/schema.org\",\"@graph\":[{\"@type\":\"WebPage\",\"@id\":\"https:\/\/villamontes.pt\/tabs\/\",\"url\":\"https:\/\/villamontes.pt\/tabs\/\",\"name\":\"Tabs & Tour sections - Villa Mont\u00eas\",\"isPartOf\":{\"@id\":\"https:\/\/villamontes.pt\/#website\"},\"datePublished\":\"2019-01-02T14:55:29+00:00\",\"dateModified\":\"2019-01-03T08:15:11+00:00\",\"breadcrumb\":{\"@id\":\"https:\/\/villamontes.pt\/tabs\/#breadcrumb\"},\"inLanguage\":\"en-GB\",\"potentialAction\":[{\"@type\":\"ReadAction\",\"target\":[\"https:\/\/villamontes.pt\/tabs\/\"]}]},{\"@type\":\"BreadcrumbList\",\"@id\":\"https:\/\/villamontes.pt\/tabs\/#breadcrumb\",\"itemListElement\":[{\"@type\":\"ListItem\",\"position\":1,\"name\":\"In\u00edcio\",\"item\":\"https:\/\/villamontes.pt\/\"},{\"@type\":\"ListItem\",\"position\":2,\"name\":\"Tabs &#038; Tour sections\"}]},{\"@type\":\"WebSite\",\"@id\":\"https:\/\/villamontes.pt\/#website\",\"url\":\"https:\/\/villamontes.pt\/\",\"name\":\"Villa Mont\u00eas\",\"description\":\"Exclusive Apartaments &amp; Prime Location\",\"publisher\":{\"@id\":\"https:\/\/villamontes.pt\/#organization\"},\"potentialAction\":[{\"@type\":\"SearchAction\",\"target\":{\"@type\":\"EntryPoint\",\"urlTemplate\":\"https:\/\/villamontes.pt\/?s={search_term_string}\"},\"query-input\":{\"@type\":\"PropertyValueSpecification\",\"valueRequired\":true,\"valueName\":\"search_term_string\"}}],\"inLanguage\":\"en-GB\"},{\"@type\":\"Organization\",\"@id\":\"https:\/\/villamontes.pt\/#organization\",\"name\":\"Villa Mont\u00eas\",\"url\":\"https:\/\/villamontes.pt\/\",\"logo\":{\"@type\":\"ImageObject\",\"inLanguage\":\"en-GB\",\"@id\":\"https:\/\/villamontes.pt\/#\/schema\/logo\/image\/\",\"url\":\"https:\/\/villamontes.pt\/wp-content\/uploads\/2020\/12\/cabra-preta-transparent-vector.png\",\"contentUrl\":\"https:\/\/villamontes.pt\/wp-content\/uploads\/2020\/12\/cabra-preta-transparent-vector.png\",\"width\":844,\"height\":457,\"caption\":\"Villa Mont\u00eas\"},\"image\":{\"@id\":\"https:\/\/villamontes.pt\/#\/schema\/logo\/image\/\"},\"sameAs\":[\"https:\/\/www.facebook.com\/villamontescoja\",\"https:\/\/www.instagram.com\/villamontescoja\/\"]}]}<\/script>\n<!-- \/ Yoast SEO plugin. -->","yoast_head_json":{"title":"Tabs & Tour sections - Villa Mont\u00eas","robots":{"index":"index","follow":"follow","max-snippet":"max-snippet:-1","max-image-preview":"max-image-preview:large","max-video-preview":"max-video-preview:-1"},"canonical":"https:\/\/villamontes.pt\/en\/tabs\/","og_locale":"en_GB","og_type":"article","og_title":"Tabs & Tour sections - Villa Mont\u00eas","og_url":"https:\/\/villamontes.pt\/en\/tabs\/","og_site_name":"Villa Mont\u00eas","article_publisher":"https:\/\/www.facebook.com\/villamontescoja","article_modified_time":"2019-01-03T08:15:11+00:00","twitter_card":"summary_large_image","twitter_misc":{"Estimated reading time":"3 minutes"},"schema":{"@context":"https:\/\/schema.org","@graph":[{"@type":"WebPage","@id":"https:\/\/villamontes.pt\/tabs\/","url":"https:\/\/villamontes.pt\/tabs\/","name":"Tabs & Tour sections - Villa Mont\u00eas","isPartOf":{"@id":"https:\/\/villamontes.pt\/#website"},"datePublished":"2019-01-02T14:55:29+00:00","dateModified":"2019-01-03T08:15:11+00:00","breadcrumb":{"@id":"https:\/\/villamontes.pt\/tabs\/#breadcrumb"},"inLanguage":"en-GB","potentialAction":[{"@type":"ReadAction","target":["https:\/\/villamontes.pt\/tabs\/"]}]},{"@type":"BreadcrumbList","@id":"https:\/\/villamontes.pt\/tabs\/#breadcrumb","itemListElement":[{"@type":"ListItem","position":1,"name":"In\u00edcio","item":"https:\/\/villamontes.pt\/"},{"@type":"ListItem","position":2,"name":"Tabs &#038; Tour sections"}]},{"@type":"WebSite","@id":"https:\/\/villamontes.pt\/#website","url":"https:\/\/villamontes.pt\/","name":"Villa Mont\u00eas","description":"Exclusive Apartaments &amp; Prime Location","publisher":{"@id":"https:\/\/villamontes.pt\/#organization"},"potentialAction":[{"@type":"SearchAction","target":{"@type":"EntryPoint","urlTemplate":"https:\/\/villamontes.pt\/?s={search_term_string}"},"query-input":{"@type":"PropertyValueSpecification","valueRequired":true,"valueName":"search_term_string"}}],"inLanguage":"en-GB"},{"@type":"Organization","@id":"https:\/\/villamontes.pt\/#organization","name":"Villa Mont\u00eas","url":"https:\/\/villamontes.pt\/","logo":{"@type":"ImageObject","inLanguage":"en-GB","@id":"https:\/\/villamontes.pt\/#\/schema\/logo\/image\/","url":"https:\/\/villamontes.pt\/wp-content\/uploads\/2020\/12\/cabra-preta-transparent-vector.png","contentUrl":"https:\/\/villamontes.pt\/wp-content\/uploads\/2020\/12\/cabra-preta-transparent-vector.png","width":844,"height":457,"caption":"Villa Mont\u00eas"},"image":{"@id":"https:\/\/villamontes.pt\/#\/schema\/logo\/image\/"},"sameAs":["https:\/\/www.facebook.com\/villamontescoja","https:\/\/www.instagram.com\/villamontescoja\/"]}]}},"_links":{"self":[{"href":"https:\/\/villamontes.pt\/en\/wp-json\/wp\/v2\/pages\/1883","targetHints":{"allow":["GET"]}}],"collection":[{"href":"https:\/\/villamontes.pt\/en\/wp-json\/wp\/v2\/pages"}],"about":[{"href":"https:\/\/villamontes.pt\/en\/wp-json\/wp\/v2\/types\/page"}],"author":[{"embeddable":true,"href":"https:\/\/villamontes.pt\/en\/wp-json\/wp\/v2\/users\/1"}],"replies":[{"embeddable":true,"href":"https:\/\/villamontes.pt\/en\/wp-json\/wp\/v2\/comments?post=1883"}],"version-history":[{"count":0,"href":"https:\/\/villamontes.pt\/en\/wp-json\/wp\/v2\/pages\/1883\/revisions"}],"wp:attachment":[{"href":"https:\/\/villamontes.pt\/en\/wp-json\/wp\/v2\/media?parent=1883"}],"curies":[{"name":"wp","href":"https:\/\/api.w.org\/{rel}","templated":true}]}}