{"id":789,"date":"2018-12-17T08:49:07","date_gmt":"2018-12-17T08:49:07","guid":{"rendered":"https:\/\/puruno.com\/rokka\/?page_id=789"},"modified":"2019-10-30T14:51:21","modified_gmt":"2019-10-30T14:51:21","slug":"sobre-nos_edited","status":"publish","type":"page","link":"https:\/\/villamontes.pt\/en\/sobre-nos_edited\/","title":{"rendered":"Sobre N\u00f3s 2"},"content":{"rendered":"<div class=\"wpb-content-wrapper\"><div><div data-vc-full-width=\"true\" data-vc-full-width-init=\"false\" class=\"vc_row wpb_row vc_row-fluid vc_custom_1545135781128 vc_row-o-content-middle vc_row-flex\" style=\"color:#ffffff;\" data-overlay-color=\"rgba(0,0,0,0.5)\" data-color=\"#ffffff\"  ><div data-rokka-parallax=\"0.5\" style=\"background-image: url(https:\/\/villamontes.pt\/wp-content\/uploads\/2019\/09\/imported_rokka.jpg)\" class=\"extended_bg rokka-parallax\"><div class=\"row-image-overlay\" style=\"background-color:rgba(0,0,0,0.5);\"><\/div><\/div><div class=\"wpb_column vc_column_container vc_col-md-12\"  ><div class=\"vc_column-inner\" ><div class=\"wpb_wrapper\"><div class=\"heading-with-separator text-center id_169d55d14bd6a21898067524\"><div class=\"header-content\">\n\t\t\t<p class=\"h-subheading\"><\/p>\n\t\t\t<h1 class=\"heading  heading-decorator-1\" style=\"color: #ffffff; letter-spacing: 0px; \">Villa Mont\u00eas<\/h1><\/div><\/div><div class=\"custom-styles\" data-styles=\".id_169d55d14bd6a21898067524 .heading-decorator-1:before, .id_169d55d14bd6a21898067524 .heading-decorator-1:after { border-color: }\"><\/div><\/div><\/div><\/div><\/div><div class=\"vc_row-full-width vc_clearfix\"><\/div><\/div><div><div data-vc-full-width=\"true\" data-vc-full-width-init=\"false\" class=\"vc_row wpb_row vc_row-fluid vc_custom_1545053569970\"  data-overlay-color=\"#f4f4f4\" data-color=\"\"  ><div class=\"extended_bg\"><div class=\"row-image-overlay\" style=\"background-color:#f4f4f4;\"><\/div><\/div><div class=\"wpb_column vc_column_container vc_col-md-6\"  ><div class=\"vc_column-inner\" ><div class=\"wpb_wrapper\"><div class=\"heading-with-separator text-left id_169d55d14bd8022074494419\"><div class=\"header-content\">\n\t\t\t<p class=\"h-subheading\">About our hotel<\/p>\n\t\t\t<h3 class=\"heading  heading-decorator-2\" style=\"; letter-spacing: 0px; \">Difficult is not to arrive<br \/>\nDif\u00edcil ser\u00e1 partir!<\/h3><\/div><\/div><div class=\"custom-styles\" data-styles=\".id_169d55d14bd8022074494419 .heading-decorator-1:before, .id_169d55d14bd8022074494419 .heading-decorator-1:after { border-color: }\"><\/div><\/div><\/div><\/div><div class=\"wpb_column vc_column_container vc_col-md-6\"  ><div class=\"vc_column-inner\" ><div class=\"wpb_wrapper\">\n\t<div class=\"wpb_text_column wpb_content_element\" >\n\t\t<div class=\"wpb_wrapper\">\n\t\t\t<p>O Villa Mont\u00eas Guesthouse nasce fruto da reabilita\u00e7\u00e3o de duas casas na hist\u00f3rica Vila de C\u00f4ja, na regi\u00e3o da Beira Serra, tamb\u00e9m conhecida como as portas da Serra do A\u00e7or, a 30 mins do pi\u00f3d\u00e3o e a 45 min da Serra da Estrela. Aqui ter\u00e1 todas as comodidades para uma estadia \u00fanica e confort\u00e1vel, numa zona com tradi\u00e7\u00e3o, gastronomia e lugares \u00fanicos.<\/p>\n\n\t\t<\/div>\n\t<\/div>\n\n\t<div  class=\"wpb_single_image wpb_content_element vc_align_right  vc_custom_1569575892783\">\n\t\t\n\t\t<figure class=\"wpb_wrapper vc_figure\"><div class=\"animate-image\">\n\t\t\t<div class=\"vc_single_image-wrapper   vc_box_border_grey\"><img loading=\"lazy\" decoding=\"async\" width=\"216\" height=\"57\" src=\"https:\/\/villamontes.pt\/wp-content\/uploads\/2019\/09\/imagem-bitmap.png\" class=\"vc_single_image-img attachment-medium\" alt=\"francisco costa\" title=\"assinatura francisco\" \/><\/div>\n\t\t<\/div><\/figure>\n\t<\/div>\n<\/div><\/div><\/div><\/div><div class=\"vc_row-full-width vc_clearfix\"><\/div><\/div><div><div data-vc-full-width=\"true\" data-vc-full-width-init=\"false\" class=\"vc_row wpb_row vc_row-fluid vc_custom_1545053590547\"  data-overlay-color=\"#f4f4f4\" data-color=\"\"  ><div class=\"extended_bg\"><div class=\"row-image-overlay\" style=\"background-color:#f4f4f4;\"><\/div><\/div><div class=\"wpb_column vc_column_container vc_col-md-12\"  ><div class=\"vc_column-inner\" ><div class=\"wpb_wrapper\"><div class=\"rokka-carousel-container id_169d55d14c0ef01302475489  vc_custom_1545049492021\" data-aos=\"\" data-aos-delay=\"0\">\n\t\t\t<div class=\"rokka-carousel swiper-container\" data-autoplay=\"3000\" data-arrows=\"false\" data-slide-loop=\"true\" data-slides=\"3\">\n\t\t\t\t<div class=\"swiper-wrapper\"><div class=\"rokka-carousel-item swiper-slide id_169d55d14c12612106973816\">\n\t\t\t\t\t<div class=\"slide\"><div class=\"rokka-carousel-img text-center\" style=\"\">\n\t\t\t\t\t\t\t<span class=\"img-wrapper\">\n\t\t\t\t\t\t\t\t<img decoding=\"async\" src=\"https:\/\/villamontes.pt\/wp-content\/uploads\/2019\/09\/imported_rokka.jpg\" alt=\"team-member-img\" style=\" width: 90%\"\/>\n\t\t\t\t\t\t\t<\/span>\n\t\t\t\t\t\t<\/div><div class=\"rokka-carousel-desc\">\n\t\t\t\t\t\t\t\n\t\t\t\t\t\t<\/div>\n\t\t\t\t\t<\/div>\n\t\t\t\t<\/div> <div class=\"rokka-carousel-item swiper-slide id_169d55d14c15e91697867553\">\n\t\t\t\t\t<div class=\"slide\"><div class=\"rokka-carousel-img text-center\" style=\"\">\n\t\t\t\t\t\t\t<span class=\"img-wrapper\">\n\t\t\t\t\t\t\t\t<img decoding=\"async\" src=\"https:\/\/villamontes.pt\/wp-content\/uploads\/2019\/09\/imported_rokka.jpg\" alt=\"team-member-img\" style=\" width: 90%\"\/>\n\t\t\t\t\t\t\t<\/span>\n\t\t\t\t\t\t<\/div><div class=\"rokka-carousel-desc\">\n\t\t\t\t\t\t\t\n\t\t\t\t\t\t<\/div>\n\t\t\t\t\t<\/div>\n\t\t\t\t<\/div> <div class=\"rokka-carousel-item swiper-slide id_169d55d14c16271699103174\">\n\t\t\t\t\t<div class=\"slide\"><div class=\"rokka-carousel-img text-center\" style=\"\">\n\t\t\t\t\t\t\t<span class=\"img-wrapper\">\n\t\t\t\t\t\t\t\t<img decoding=\"async\" src=\"https:\/\/villamontes.pt\/wp-content\/uploads\/2019\/09\/imported_rokka.jpg\" alt=\"team-member-img\" style=\" width: 90%\"\/>\n\t\t\t\t\t\t\t<\/span>\n\t\t\t\t\t\t<\/div><div class=\"rokka-carousel-desc\">\n\t\t\t\t\t\t\t\n\t\t\t\t\t\t<\/div>\n\t\t\t\t\t<\/div>\n\t\t\t\t<\/div> <div class=\"rokka-carousel-item swiper-slide id_169d55d14c18ae1888420002\">\n\t\t\t\t\t<div class=\"slide\"><div class=\"rokka-carousel-img text-center\" style=\"\">\n\t\t\t\t\t\t\t<span class=\"img-wrapper\">\n\t\t\t\t\t\t\t\t<img decoding=\"async\" src=\"https:\/\/villamontes.pt\/wp-content\/uploads\/2019\/09\/imported_rokka.jpg\" alt=\"team-member-img\" style=\" width: 90%\"\/>\n\t\t\t\t\t\t\t<\/span>\n\t\t\t\t\t\t<\/div><div class=\"rokka-carousel-desc\">\n\t\t\t\t\t\t\t\n\t\t\t\t\t\t<\/div>\n\t\t\t\t\t<\/div>\n\t\t\t\t<\/div> <div class=\"rokka-carousel-item swiper-slide id_169d55d14c1b2c243881115\">\n\t\t\t\t\t<div class=\"slide\"><div class=\"rokka-carousel-img text-center\" style=\"\">\n\t\t\t\t\t\t\t<span class=\"img-wrapper\">\n\t\t\t\t\t\t\t\t<img decoding=\"async\" src=\"https:\/\/villamontes.pt\/wp-content\/uploads\/2019\/09\/imported_rokka.jpg\" alt=\"team-member-img\" style=\" width: 90%\"\/>\n\t\t\t\t\t\t\t<\/span>\n\t\t\t\t\t\t<\/div><div class=\"rokka-carousel-desc\">\n\t\t\t\t\t\t\t\n\t\t\t\t\t\t<\/div>\n\t\t\t\t\t<\/div>\n\t\t\t\t<\/div> <\/div><\/div><\/div><div class=\"custom-styles\" data-styles=\".id_169d55d14c0ef01302475489 .swiper-pagination-bullet { background-color: ; color:  } .id_169d55d14c0ef01302475489 .rokka-carousel-pagination .swiper-pagination-bullet.swiper-pagination-bullet-active { background-color: } .id_169d55d14c0ef01302475489 .rokka-carousel-pagination .swiper-pagination-bullet.swiper-pagination-bullet-active { border-color: }\"><\/div><\/div><\/div><\/div><\/div><div class=\"vc_row-full-width vc_clearfix\"><\/div><\/div><div><div class=\"vc_row wpb_row vc_row-fluid vc_custom_1545049744042\"  data-overlay-color=\"\" data-color=\"\"  ><div class=\"extended_bg\"><div class=\"row-image-overlay\"><\/div><\/div><div class=\"wpb_column vc_column_container vc_col-md-12\"  ><div class=\"vc_column-inner\" ><div class=\"wpb_wrapper\"><div class=\"heading-with-separator text-center id_169d55d14c1d151290746668  vc_custom_1570113211832\"><div class=\"header-content\">\n\t\t\t<p class=\"h-subheading\"><\/p>\n\t\t\t<h3 class=\"heading  heading-decorator-1\" style=\"; letter-spacing: 0px; \">A nossa hist\u00f3ria<\/h3><\/div><\/div><div class=\"custom-styles\" data-styles=\".id_169d55d14c1d151290746668 .heading-decorator-1:before, .id_169d55d14c1d151290746668 .heading-decorator-1:after { border-color: }\"><\/div><div class=\"vc_row wpb_row vc_inner vc_row-fluid vc_row-o-equal-height vc_row-flex\"><div class=\"wpb_column vc_column_container vc_col-md-6\" ><div class=\"vc_column-inner vc_custom_1545051397886\"><div class=\"wpb_wrapper\">\n\t<div  class=\"wpb_single_image wpb_content_element vc_align_center\">\n\t\t\n\t\t<figure class=\"wpb_wrapper vc_figure\"><div class=\"animate-image\">\n\t\t\t<div class=\"vc_single_image-wrapper   vc_box_border_grey\"><img loading=\"lazy\" decoding=\"async\" width=\"640\" height=\"360\" src=\"https:\/\/villamontes.pt\/wp-content\/uploads\/2019\/09\/imported_rokka-1024x576.jpg\" class=\"vc_single_image-img attachment-large\" alt=\"\" title=\"daniel-mccullough-348488-unsplash\" \/><\/div>\n\t\t<\/div><\/figure>\n\t<\/div>\n<div class=\"heading-with-separator text-center id_169d55d14c24c11711594712   timeline-dot dot-right\"><div class=\"header-content\">\n\t\t\t<p class=\"h-subheading\"><\/p>\n\t\t\t<h3 class=\"heading  heading-decorator-1\" style=\"; letter-spacing: 0px; \"><i>2018 - O in\u00edcio<\/i><\/h3><\/div><\/div><div class=\"custom-styles\" data-styles=\".id_169d55d14c24c11711594712 .heading-decorator-1:before, .id_169d55d14c24c11711594712 .heading-decorator-1:after { border-color: }\"><\/div>\n\t<div class=\"wpb_text_column wpb_content_element  vc_custom_1545051056319\" >\n\t\t<div class=\"wpb_wrapper\">\n\t\t\t<p style=\"text-align: center;\">Fly moving, whales together living called sixth, lesser darkness fifth saying there rule greater divide shall Female sea had saw dominion signs. Was meat likeness them she&#8217;d bring so seas grass shall, face sea whales said, creature blessed evening great.<\/p>\n\n\t\t<\/div>\n\t<\/div>\n<\/div><\/div><\/div><div class=\"no-border-sm wpb_column vc_column_container vc_col-md-6\" ><div class=\"vc_column-inner vc_custom_1545219954653\"><div class=\"wpb_wrapper\">\t<div class=\"vc_empty_space\" >\n\t\t<span class=\"vc_empty_space_inner\"><\/span>\n\t\t<div class=\"d-none d-lg-block\" style=\" height: 160px\"><\/div>\n\t\t<div class=\"d-block d-lg-none\" style=\" height: 0px\"><\/div>\t<\/div>\n\n\t<div  class=\"wpb_single_image wpb_content_element vc_align_center\">\n\t\t\n\t\t<figure class=\"wpb_wrapper vc_figure\"><div class=\"animate-image\">\n\t\t\t<div class=\"vc_single_image-wrapper   vc_box_border_grey\"><img loading=\"lazy\" decoding=\"async\" width=\"640\" height=\"360\" src=\"https:\/\/villamontes.pt\/wp-content\/uploads\/2019\/09\/imported_rokka-1024x576.jpg\" class=\"vc_single_image-img attachment-large\" alt=\"\" title=\"zoltan-tasi-379500-unsplash\" \/><\/div>\n\t\t<\/div><\/figure>\n\t<\/div>\n<div class=\"heading-with-separator text-center id_169d55d14c2b0d1994393885   timeline-dot dot-left\"><div class=\"header-content\">\n\t\t\t<p class=\"h-subheading\"><\/p>\n\t\t\t<h3 class=\"heading  heading-decorator-1\" style=\"; letter-spacing: 0px; \"><i>2019 - Reconstru\u00e7\u00e3o e Licenciamento<\/i><\/h3><\/div><\/div><div class=\"custom-styles\" data-styles=\".id_169d55d14c2b0d1994393885 .heading-decorator-1:before, .id_169d55d14c2b0d1994393885 .heading-decorator-1:after { border-color: }\"><\/div>\n\t<div class=\"wpb_text_column wpb_content_element  vc_custom_1545051047191\" >\n\t\t<div class=\"wpb_wrapper\">\n\t\t\t<p style=\"text-align: center;\">Brought fill. Beginning land after over. Upon thing and years Upon grass bearing unto doesn&#8217;t evening greater kind form Wherein good can&#8217;t under fruitful. Above likeness beast won&#8217;t void set Fish face a every fifth fill under tree sea kind, above them every forth, thing, living.<\/p>\n\n\t\t<\/div>\n\t<\/div>\n<\/div><\/div><\/div><\/div><div class=\"vc_row wpb_row vc_inner vc_row-fluid vc_custom_1545053524650 vc_row-o-equal-height vc_row-flex\"><div class=\"wpb_column vc_column_container vc_col-md-6\" ><div class=\"vc_column-inner vc_custom_1545053215973\"><div class=\"wpb_wrapper\">\n\t<div  class=\"wpb_single_image wpb_content_element vc_align_center\">\n\t\t\n\t\t<figure class=\"wpb_wrapper vc_figure\"><div class=\"animate-image\">\n\t\t\t<div class=\"vc_single_image-wrapper   vc_box_border_grey\"><img loading=\"lazy\" decoding=\"async\" width=\"640\" height=\"360\" src=\"https:\/\/villamontes.pt\/wp-content\/uploads\/2019\/09\/imported_rokka-1024x576.jpg\" class=\"vc_single_image-img attachment-large\" alt=\"\" title=\"architecture-ceiling-chairs-262047\" \/><\/div>\n\t\t<\/div><\/figure>\n\t<\/div>\n<div class=\"heading-with-separator text-center id_169d55d14c2f8b530079632   timeline-dot dot-right\"><div class=\"header-content\">\n\t\t\t<p class=\"h-subheading\"><\/p>\n\t\t\t<h3 class=\"heading  heading-decorator-1\" style=\"; letter-spacing: 0px; \"><i>2020 - Inaugura\u00e7\u00e3o<\/i><\/h3><\/div><\/div><div class=\"custom-styles\" data-styles=\".id_169d55d14c2f8b530079632 .heading-decorator-1:before, .id_169d55d14c2f8b530079632 .heading-decorator-1:after { border-color: }\"><\/div>\n\t<div class=\"wpb_text_column wpb_content_element  vc_custom_1545051056319\" >\n\t\t<div class=\"wpb_wrapper\">\n\t\t\t<p style=\"text-align: center;\">Fly moving, whales together living called sixth, lesser darkness fifth saying there rule greater divide shall Female sea had saw dominion signs. Was meat likeness them she&#8217;d bring so seas grass shall, face sea whales said, creature blessed evening great.<\/p>\n\n\t\t<\/div>\n\t<\/div>\n<\/div><\/div><\/div><div class=\"no-border-sm wpb_column vc_column_container vc_col-md-6\" ><div class=\"vc_column-inner vc_custom_1545219980648\"><div class=\"wpb_wrapper\">\t<div class=\"vc_empty_space\" >\n\t\t<span class=\"vc_empty_space_inner\"><\/span>\n\t\t<div class=\"d-none d-lg-block\" style=\" height: 160px\"><\/div>\n\t\t<div class=\"d-block d-lg-none\" style=\" height: 0px\"><\/div>\t<\/div>\n\n\t<div  class=\"wpb_single_image wpb_content_element vc_align_center\">\n\t\t\n\t\t<figure class=\"wpb_wrapper vc_figure\"><div class=\"animate-image\">\n\t\t\t<div class=\"vc_single_image-wrapper   vc_box_border_grey\"><img loading=\"lazy\" decoding=\"async\" width=\"640\" height=\"360\" src=\"https:\/\/villamontes.pt\/wp-content\/uploads\/2019\/09\/imported_rokka-1024x576.jpg\" class=\"vc_single_image-img attachment-large\" alt=\"\" title=\"bed-bedroom-chair-275851\" \/><\/div>\n\t\t<\/div><\/figure>\n\t<\/div>\n<div class=\"heading-with-separator text-center id_169d55d14c33d920825020   timeline-dot dot-left\"><div class=\"header-content\">\n\t\t\t<p class=\"h-subheading\"><\/p>\n\t\t\t<h3 class=\"heading  heading-decorator-1\" style=\"; letter-spacing: 0px; \"><i>2020 - Abertura do p\u00fablico<\/i><\/h3><\/div><\/div><div class=\"custom-styles\" data-styles=\".id_169d55d14c33d920825020 .heading-decorator-1:before, .id_169d55d14c33d920825020 .heading-decorator-1:after { border-color: }\"><\/div>\n\t<div class=\"wpb_text_column wpb_content_element  vc_custom_1545053518627\" >\n\t\t<div class=\"wpb_wrapper\">\n\t\t\t<p style=\"text-align: center;\">Brought fill. Beginning land after over. Upon thing and years Upon grass bearing unto doesn&#8217;t evening greater kind form Wherein good can&#8217;t under fruitful. Above likeness beast won&#8217;t void set Fish face a every fifth fill under tree sea kind, above them every forth, thing, living.<\/p>\n\n\t\t<\/div>\n\t<\/div>\n<\/div><\/div><\/div><\/div><\/div><\/div><\/div><\/div><\/div>\n<\/div>","protected":false},"excerpt":{"rendered":"Villa Mont\u00eas About our hotel Dif\u00edcil n\u00e3o \u00e9 chegar Dif\u00edcil ser\u00e1 partir! O Villa Mont\u00eas Guesthouse nasce fruto da reabilita\u00e7\u00e3o de duas casas na hist\u00f3rica Vila de C\u00f4ja, na regi\u00e3o da Beira Serra, tamb\u00e9m conhecida como as portas da Serra do A\u00e7or, a 30 mins do pi\u00f3d\u00e3o e a 45 min da Serra da Estrela.[...] <a href=\"https:\/\/villamontes.pt\/en\/sobre-nos_edited\/\" class=\"more-link\">Continue reading<\/a>","protected":false},"author":1,"featured_media":0,"parent":0,"menu_order":0,"comment_status":"closed","ping_status":"closed","template":"","meta":{"footnotes":""},"class_list":["post-789","page","type-page","status-publish","hentry"],"yoast_head":"<!-- This site is optimized with the Yoast SEO plugin v26.6 - https:\/\/yoast.com\/wordpress\/plugins\/seo\/ -->\n<title>Sobre N\u00f3s 2 - Villa Mont\u00eas<\/title>\n<meta name=\"robots\" content=\"index, follow, max-snippet:-1, max-image-preview:large, max-video-preview:-1\" \/>\n<link rel=\"canonical\" href=\"https:\/\/villamontes.pt\/en\/sobre-nos_edited\/\" \/>\n<meta property=\"og:locale\" content=\"en_GB\" \/>\n<meta property=\"og:type\" content=\"article\" \/>\n<meta property=\"og:title\" content=\"Sobre N\u00f3s 2 - Villa Mont\u00eas\" \/>\n<meta property=\"og:url\" content=\"https:\/\/villamontes.pt\/en\/sobre-nos_edited\/\" \/>\n<meta property=\"og:site_name\" content=\"Villa Mont\u00eas\" \/>\n<meta property=\"article:publisher\" content=\"https:\/\/www.facebook.com\/villamontescoja\" \/>\n<meta property=\"article:modified_time\" content=\"2019-10-30T14:51:21+00:00\" \/>\n<meta name=\"twitter:card\" content=\"summary_large_image\" \/>\n<meta name=\"twitter:label1\" content=\"Estimated reading time\" \/>\n\t<meta name=\"twitter:data1\" content=\"4 minutes\" \/>\n<script type=\"application\/ld+json\" class=\"yoast-schema-graph\">{\"@context\":\"https:\/\/schema.org\",\"@graph\":[{\"@type\":\"WebPage\",\"@id\":\"https:\/\/villamontes.pt\/sobre-nos_edited\/\",\"url\":\"https:\/\/villamontes.pt\/sobre-nos_edited\/\",\"name\":\"Sobre N\u00f3s 2 - Villa Mont\u00eas\",\"isPartOf\":{\"@id\":\"https:\/\/villamontes.pt\/#website\"},\"datePublished\":\"2018-12-17T08:49:07+00:00\",\"dateModified\":\"2019-10-30T14:51:21+00:00\",\"breadcrumb\":{\"@id\":\"https:\/\/villamontes.pt\/sobre-nos_edited\/#breadcrumb\"},\"inLanguage\":\"en-GB\",\"potentialAction\":[{\"@type\":\"ReadAction\",\"target\":[\"https:\/\/villamontes.pt\/sobre-nos_edited\/\"]}]},{\"@type\":\"BreadcrumbList\",\"@id\":\"https:\/\/villamontes.pt\/sobre-nos_edited\/#breadcrumb\",\"itemListElement\":[{\"@type\":\"ListItem\",\"position\":1,\"name\":\"In\u00edcio\",\"item\":\"https:\/\/villamontes.pt\/\"},{\"@type\":\"ListItem\",\"position\":2,\"name\":\"Sobre N\u00f3s 2\"}]},{\"@type\":\"WebSite\",\"@id\":\"https:\/\/villamontes.pt\/#website\",\"url\":\"https:\/\/villamontes.pt\/\",\"name\":\"Villa Mont\u00eas\",\"description\":\"Exclusive Apartaments &amp; Prime Location\",\"publisher\":{\"@id\":\"https:\/\/villamontes.pt\/#organization\"},\"potentialAction\":[{\"@type\":\"SearchAction\",\"target\":{\"@type\":\"EntryPoint\",\"urlTemplate\":\"https:\/\/villamontes.pt\/?s={search_term_string}\"},\"query-input\":{\"@type\":\"PropertyValueSpecification\",\"valueRequired\":true,\"valueName\":\"search_term_string\"}}],\"inLanguage\":\"en-GB\"},{\"@type\":\"Organization\",\"@id\":\"https:\/\/villamontes.pt\/#organization\",\"name\":\"Villa Mont\u00eas\",\"url\":\"https:\/\/villamontes.pt\/\",\"logo\":{\"@type\":\"ImageObject\",\"inLanguage\":\"en-GB\",\"@id\":\"https:\/\/villamontes.pt\/#\/schema\/logo\/image\/\",\"url\":\"https:\/\/villamontes.pt\/wp-content\/uploads\/2020\/12\/cabra-preta-transparent-vector.png\",\"contentUrl\":\"https:\/\/villamontes.pt\/wp-content\/uploads\/2020\/12\/cabra-preta-transparent-vector.png\",\"width\":844,\"height\":457,\"caption\":\"Villa Mont\u00eas\"},\"image\":{\"@id\":\"https:\/\/villamontes.pt\/#\/schema\/logo\/image\/\"},\"sameAs\":[\"https:\/\/www.facebook.com\/villamontescoja\",\"https:\/\/www.instagram.com\/villamontescoja\/\"]}]}<\/script>\n<!-- \/ Yoast SEO plugin. -->","yoast_head_json":{"title":"Sobre N\u00f3s 2 - Villa Mont\u00eas","robots":{"index":"index","follow":"follow","max-snippet":"max-snippet:-1","max-image-preview":"max-image-preview:large","max-video-preview":"max-video-preview:-1"},"canonical":"https:\/\/villamontes.pt\/en\/sobre-nos_edited\/","og_locale":"en_GB","og_type":"article","og_title":"Sobre N\u00f3s 2 - Villa Mont\u00eas","og_url":"https:\/\/villamontes.pt\/en\/sobre-nos_edited\/","og_site_name":"Villa Mont\u00eas","article_publisher":"https:\/\/www.facebook.com\/villamontescoja","article_modified_time":"2019-10-30T14:51:21+00:00","twitter_card":"summary_large_image","twitter_misc":{"Estimated reading time":"4 minutes"},"schema":{"@context":"https:\/\/schema.org","@graph":[{"@type":"WebPage","@id":"https:\/\/villamontes.pt\/sobre-nos_edited\/","url":"https:\/\/villamontes.pt\/sobre-nos_edited\/","name":"Sobre N\u00f3s 2 - Villa Mont\u00eas","isPartOf":{"@id":"https:\/\/villamontes.pt\/#website"},"datePublished":"2018-12-17T08:49:07+00:00","dateModified":"2019-10-30T14:51:21+00:00","breadcrumb":{"@id":"https:\/\/villamontes.pt\/sobre-nos_edited\/#breadcrumb"},"inLanguage":"en-GB","potentialAction":[{"@type":"ReadAction","target":["https:\/\/villamontes.pt\/sobre-nos_edited\/"]}]},{"@type":"BreadcrumbList","@id":"https:\/\/villamontes.pt\/sobre-nos_edited\/#breadcrumb","itemListElement":[{"@type":"ListItem","position":1,"name":"In\u00edcio","item":"https:\/\/villamontes.pt\/"},{"@type":"ListItem","position":2,"name":"Sobre N\u00f3s 2"}]},{"@type":"WebSite","@id":"https:\/\/villamontes.pt\/#website","url":"https:\/\/villamontes.pt\/","name":"Villa Mont\u00eas","description":"Exclusive Apartaments &amp; Prime Location","publisher":{"@id":"https:\/\/villamontes.pt\/#organization"},"potentialAction":[{"@type":"SearchAction","target":{"@type":"EntryPoint","urlTemplate":"https:\/\/villamontes.pt\/?s={search_term_string}"},"query-input":{"@type":"PropertyValueSpecification","valueRequired":true,"valueName":"search_term_string"}}],"inLanguage":"en-GB"},{"@type":"Organization","@id":"https:\/\/villamontes.pt\/#organization","name":"Villa Mont\u00eas","url":"https:\/\/villamontes.pt\/","logo":{"@type":"ImageObject","inLanguage":"en-GB","@id":"https:\/\/villamontes.pt\/#\/schema\/logo\/image\/","url":"https:\/\/villamontes.pt\/wp-content\/uploads\/2020\/12\/cabra-preta-transparent-vector.png","contentUrl":"https:\/\/villamontes.pt\/wp-content\/uploads\/2020\/12\/cabra-preta-transparent-vector.png","width":844,"height":457,"caption":"Villa Mont\u00eas"},"image":{"@id":"https:\/\/villamontes.pt\/#\/schema\/logo\/image\/"},"sameAs":["https:\/\/www.facebook.com\/villamontescoja","https:\/\/www.instagram.com\/villamontescoja\/"]}]}},"_links":{"self":[{"href":"https:\/\/villamontes.pt\/en\/wp-json\/wp\/v2\/pages\/789","targetHints":{"allow":["GET"]}}],"collection":[{"href":"https:\/\/villamontes.pt\/en\/wp-json\/wp\/v2\/pages"}],"about":[{"href":"https:\/\/villamontes.pt\/en\/wp-json\/wp\/v2\/types\/page"}],"author":[{"embeddable":true,"href":"https:\/\/villamontes.pt\/en\/wp-json\/wp\/v2\/users\/1"}],"replies":[{"embeddable":true,"href":"https:\/\/villamontes.pt\/en\/wp-json\/wp\/v2\/comments?post=789"}],"version-history":[{"count":15,"href":"https:\/\/villamontes.pt\/en\/wp-json\/wp\/v2\/pages\/789\/revisions"}],"predecessor-version":[{"id":2635,"href":"https:\/\/villamontes.pt\/en\/wp-json\/wp\/v2\/pages\/789\/revisions\/2635"}],"wp:attachment":[{"href":"https:\/\/villamontes.pt\/en\/wp-json\/wp\/v2\/media?parent=789"}],"curies":[{"name":"wp","href":"https:\/\/api.w.org\/{rel}","templated":true}]}}