{"id":915,"date":"2018-12-17T13:52:42","date_gmt":"2018-12-17T13:52:42","guid":{"rendered":"https:\/\/puruno.com\/rokka\/?page_id=915"},"modified":"2024-03-07T20:14:41","modified_gmt":"2024-03-07T20:14:41","slug":"contacto","status":"publish","type":"page","link":"https:\/\/villamontes.pt\/en\/contacto\/","title":{"rendered":"Contact"},"content":{"rendered":"<div class=\"wpb-content-wrapper\"><div><div data-vc-full-width=\"true\" data-vc-full-width-init=\"false\" class=\"vc_row wpb_row vc_row-fluid vc_custom_1585574266895\"  data-overlay-color=\"rgba(0,0,0,0.65)\" data-color=\"\"  ><div data-rokka-parallax=\"0.5\" style=\"background-image: url(https:\/\/villamontes.pt\/wp-content\/uploads\/2020\/03\/coja.jpg)\" class=\"extended_bg rokka-parallax\"><div class=\"row-image-overlay\" style=\"background-color:rgba(0,0,0,0.65);\"><\/div><\/div><div class=\"wpb_column vc_column_container vc_col-md-12\"  ><div class=\"vc_column-inner\" ><div class=\"wpb_wrapper\"><div class=\"heading-with-separator text-center id_169d691a47e09f1583662191  vc_custom_1569576750386  mb-0\"><div class=\"header-content\">\n\t\t\t<p class=\"h-subheading\"><\/p>\n\t\t\t<h1 class=\"heading  heading-decorator-1\" style=\"color: #ffffff; letter-spacing: 0px; \">Contact<\/h1><\/div><\/div><div class=\"custom-styles\" data-styles=\".id_169d691a47e09f1583662191 .heading-decorator-1:before, .id_169d691a47e09f1583662191 .heading-decorator-1:after { border-color: }\"><\/div><\/div><\/div><\/div><\/div><div class=\"vc_row-full-width vc_clearfix\"><\/div><\/div><div><div class=\"vc_row wpb_row vc_row-fluid vc_custom_1545120208413\"  data-overlay-color=\"\" data-color=\"\"  ><div class=\"extended_bg\"><div class=\"row-image-overlay\"><\/div><\/div><div class=\"wpb_column vc_column_container vc_col-md-5\"  ><div class=\"vc_column-inner\" ><div class=\"wpb_wrapper\"><div class=\"wpb_gmaps_widget wpb_content_element\"><div class=\"wpb_wrapper\"><div class=\"wpb_map_wraper\"><iframe loading=\"lazy\" src=\"https:\/\/www.google.com\/maps\/embed?pb=!1m18!1m12!1m3!1d625.6763053426655!2d-7.984354218151704!3d40.267886810580215!2m3!1f0!2f0!3f0!3m2!1i1024!2i768!4f13.1!3m3!1m2!1s0xd22da232beacac5%3A0x554142073e3ed190!2sR.%20Padre%20Ant%C3%B3nio%20Santos%20Calinas!5e1!3m2!1spt-PT!2spt!4v1569576537067!5m2!1spt-PT!2spt\" width=\"600\" height=\"450\" frameborder=\"0\" style=\"border:0;\" allowfullscreen=\"\"><\/iframe><\/div><\/div><\/div><div class=\"heading-with-separator text-left id_169d691a47e7f2748387013  vc_custom_1569580723820\"><div class=\"header-content\">\n\t\t\t<p class=\"h-subheading\"><\/p>\n\t\t\t<h3 class=\"heading  heading-decorator-1\" style=\"; letter-spacing: 0px; \">Contacts:<\/h3><\/div><\/div><div class=\"custom-styles\" data-styles=\".id_169d691a47e7f2748387013 .heading-decorator-1:before, .id_169d691a47e7f2748387013 .heading-decorator-1:after { border-color: }\"><\/div><div class=\"vc_row wpb_row vc_inner vc_row-fluid vc_custom_1545119646455\"><div class=\"wpb_column vc_column_container vc_col-md-12\" ><div class=\"vc_column-inner\"><div class=\"wpb_wrapper\">\n\t<div class=\"wpb_text_column wpb_content_element\" >\n\t\t<div class=\"wpb_wrapper\">\n\t\t\t<h5 style=\"text-align: left;\">Villa Mont\u00eas Guesthouse<\/h5>\n<p style=\"text-align: left;\"><span style=\"font-size: 14px;\">Rua Ant\u00f3nio Santos Calinas, nr. 74<\/span><br \/>\n<span style=\"font-size: 14px;\">3305-120 Coja, Arganil (Coimbra)<br \/>\n<\/span><\/p>\n<p style=\"text-align: left;\" class=\" translation-block\"><span style=\"font-size: 14px\"><strong>email:<\/strong> <a href=\"mailto:geral@villamontes.pt\" target=\"_self\">info@villamontes.pt<\/a><br>\n<strong>reservations: <\/strong><a href=\"mailto:reservas@villamontes.pt\" target=\"_self\">reservas@villamontes.pt<\/a><br>\n<strong>tel:<\/strong> (+351) 937 535 359<br>\n(Chamada para <span class=\"font-[700]\">rede m\u00f3vel nacional)<\/span><br>\n<\/span><span style=\"font-size: 14px\"><br>\n<\/span><\/p>\n\n\t\t<\/div>\n\t<\/div>\n<ul class=\"member-socials rokka-social-profiles text-left id_169d691a47ee7b1924975389  animate-text social-default circle\" style=\"font-size: 16px; \" ><li class=\"profile\" style=\"color: #000000\" data-color=\"#000000\"><a href=\"https:\/\/www.facebook.com\/villamontescoja\"><i class=\"fab fa-facebook-f\"><\/i><\/a><\/li><li class=\"profile\" style=\"color: #000000\" data-color=\"#000000\"><a href=\"\"><i class=\"fab fa-tripadvisor\"><\/i><\/a><\/li><li class=\"profile\" style=\"color: #000000\" data-color=\"#000000\"><a href=\"https:\/\/www.instagram.com\/villamontescoja\"><i class=\"fab fa-instagram\"><\/i><\/a><\/li><\/ul><div class=\"custom-styles\" data-styles=\"\"><\/div>\t<div class=\"vc_empty_space\" >\n\t\t<span class=\"vc_empty_space_inner\"><\/span>\n\t\t<div class=\"d-none d-lg-block\" style=\" height: 20px\"><\/div>\n\t\t<div class=\"d-block d-lg-none\" style=\" height: 20px\"><\/div>\t<\/div>\n<div class=\"btn-wrapper text-left id_169d691a47f0851585306127   icon-right\" ><a href=\"https:\/\/www.google.com\/maps\/place\/R.+Padre+Ant%C3%B3nio+Santos+Calinas\/@40.267985,-7.984048,144m\/data=!3m1!1e3!4m5!3m4!1s0xd22da232beacac5:0x554142073e3ed190!8m2!3d40.2679846!4d-7.9840479?hl=pt-PT\"  class=\"btn btn-md btn-accent btn-solid\" data-btn-text=\"Obter dire\u00e7\u00f5es\">Get Directions<i class=\"fas fa-map-marker-alt\"><\/i><\/a><\/div><\/div><\/div><\/div><\/div><\/div><\/div><\/div><div class=\"wpb_column vc_column_container vc_col-md-7\"  ><div class=\"vc_column-inner\" ><div class=\"wpb_wrapper\">\n\t<div  class=\"wpb_single_image wpb_content_element vc_align_left\">\n\t\t\n\t\t<figure class=\"wpb_wrapper vc_figure\"><div class=\"animate-image\">\n\t\t\t<div class=\"vc_single_image-wrapper   vc_box_border_grey\"><img loading=\"lazy\" decoding=\"async\" width=\"640\" height=\"492\" src=\"https:\/\/villamontes.pt\/wp-content\/uploads\/2020\/08\/DSC1557-1024x787.jpg\" class=\"vc_single_image-img attachment-large\" alt=\"\" title=\"_DSC1557\" \/><\/div>\n\t\t<\/div><\/figure>\n\t<\/div>\n<div class=\"heading-with-separator text-left id_169d691a47f870715984478  vc_custom_1569580600001\"><div class=\"header-content\">\n\t\t\t<p class=\"h-subheading\"><\/p>\n\t\t\t<h3 class=\"heading  heading-decorator-1\" style=\"; letter-spacing: 0px; \">Form:<\/h3><\/div><\/div><div class=\"custom-styles\" data-styles=\".id_169d691a47f870715984478 .heading-decorator-1:before, .id_169d691a47f870715984478 .heading-decorator-1:after { border-color: }\"><\/div>\n<div class=\"wpcf7 no-js\" id=\"wpcf7-f2457-o1\" lang=\"en-US\" dir=\"ltr\" data-wpcf7-id=\"2457\">\n<div class=\"screen-reader-response\"><p role=\"status\" aria-live=\"polite\" aria-atomic=\"true\"><\/p> <ul><\/ul><\/div>\n<form action=\"\/en\/wp-json\/wp\/v2\/pages\/915#wpcf7-f2457-o1\" method=\"post\" class=\"wpcf7-form init\" aria-label=\"Contact form\" novalidate=\"novalidate\" data-status=\"init\" data-trp-original-action=\"\/en\/wp-json\/wp\/v2\/pages\/915#wpcf7-f2457-o1\">\n<fieldset class=\"hidden-fields-container\"><input type=\"hidden\" name=\"_wpcf7\" value=\"2457\" \/><input type=\"hidden\" name=\"_wpcf7_version\" value=\"6.1.4\" \/><input type=\"hidden\" name=\"_wpcf7_locale\" value=\"en_US\" \/><input type=\"hidden\" name=\"_wpcf7_unit_tag\" value=\"wpcf7-f2457-o1\" \/><input type=\"hidden\" name=\"_wpcf7_container_post\" value=\"0\" \/><input type=\"hidden\" name=\"_wpcf7_posted_data_hash\" value=\"\" \/><input type=\"hidden\" name=\"_wpcf7_recaptcha_response\" value=\"\" \/>\n<\/fieldset>\n<div class=\"fieldset\">\n\t<p class=\"field-name form-control\"><label>Name <span class=\"required\">*<\/span><\/label><span class=\"wpcf7-form-control-wrap\" data-name=\"your-name\"><input size=\"40\" maxlength=\"400\" class=\"wpcf7-form-control wpcf7-text wpcf7-validates-as-required\" aria-required=\"true\" aria-invalid=\"false\" value=\"\" type=\"text\" name=\"your-name\" \/><\/span>\n\t<\/p>\n\t<p class=\"field-mail  form-control\"><label>E-Mail <span class=\"required\">*<\/span><\/label><span class=\"wpcf7-form-control-wrap\" data-name=\"your-email\"><input size=\"40\" maxlength=\"400\" class=\"wpcf7-form-control wpcf7-email wpcf7-validates-as-required wpcf7-text wpcf7-validates-as-email\" aria-required=\"true\" aria-invalid=\"false\" value=\"\" type=\"email\" name=\"your-email\" \/><\/span>\n\t<\/p>\n<\/div>\n<p class=\"field-subject  form-control\"><label>Subject<\/label><span class=\"wpcf7-form-control-wrap\" data-name=\"your-subject\"><input size=\"40\" maxlength=\"400\" class=\"wpcf7-form-control wpcf7-text\" aria-invalid=\"false\" value=\"\" type=\"text\" name=\"your-subject\" \/><\/span>\n<\/p>\n<p class=\"field-message  form-control\"><label>Your message:<\/label><span class=\"wpcf7-form-control-wrap\" data-name=\"your-message\"><textarea cols=\"40\" rows=\"10\" maxlength=\"2000\" class=\"wpcf7-form-control wpcf7-textarea\" aria-invalid=\"false\" name=\"your-message\"><\/textarea><\/span>\n<\/p>\n<p class=\"text-right form-submit\"><input class=\"wpcf7-form-control wpcf7-submit has-spinner\" type=\"submit\" value=\"Enviar\" \/>\n<\/p><input type=\"hidden\" id=\"ct_checkjs_cf7_e56954b4f6347e897f954495eab16a88\" name=\"ct_checkjs_cf7\" value=\"0\" \/><script >setTimeout(function(){var ct_input_name = \"ct_checkjs_cf7_e56954b4f6347e897f954495eab16a88\";if (document.getElementById(ct_input_name) !== null) {var ct_input_value = document.getElementById(ct_input_name).value;document.getElementById(ct_input_name).value = document.getElementById(ct_input_name).value.replace(ct_input_value, 'ef79750861eb5f30914519b77612b14cfecbcb3d24b26809f7569e5cde64ebc3');}}, 1000);<\/script><input\n                    class=\"apbct_special_field apbct_email_id__wp_contact_form_7\"\n                    name=\"apbct__email_id__wp_contact_form_7\"\n                    aria-label=\"apbct__label_id__wp_contact_form_7\"\n                    type=\"text\" size=\"30\" maxlength=\"200\" autocomplete=\"off\"\n                    value=\"\"\n                \/><div class=\"wpcf7-response-output\" aria-hidden=\"true\"><\/div>\n<input type=\"hidden\" name=\"trp-form-language\" value=\"en\"\/><\/form>\n<\/div>\n<\/div><\/div><\/div><\/div><\/div>\n<\/div>","protected":false},"excerpt":{"rendered":"Contacto Contactos Villa Mont\u00eas Guesthouse Rua Ant\u00f3nio Santos Calinas, nr. 74 3305-120 Coja, Arganil (Coimbra) email: info@villamontes.pt reservas: reservas@villamontes.pt tel: (+351) 937 535 359 (Chamada para rede m\u00f3vel nacional) Obter dire\u00e7\u00f5es Formul\u00e1rio: Nome * E-Mail * Assunto A sua mensagem:","protected":false},"author":1,"featured_media":0,"parent":0,"menu_order":0,"comment_status":"closed","ping_status":"closed","template":"","meta":{"footnotes":""},"class_list":["post-915","page","type-page","status-publish","hentry"],"yoast_head":"<!-- This site is optimized with the Yoast SEO plugin v26.6 - https:\/\/yoast.com\/wordpress\/plugins\/seo\/ -->\n<title>Contacto - Villa Mont\u00eas<\/title>\n<meta name=\"robots\" content=\"index, follow, max-snippet:-1, max-image-preview:large, max-video-preview:-1\" \/>\n<link rel=\"canonical\" href=\"https:\/\/villamontes.pt\/en\/contacto\/\" \/>\n<meta property=\"og:locale\" content=\"en_GB\" \/>\n<meta property=\"og:type\" content=\"article\" \/>\n<meta property=\"og:title\" content=\"Contacto - Villa Mont\u00eas\" \/>\n<meta property=\"og:url\" content=\"https:\/\/villamontes.pt\/en\/contacto\/\" \/>\n<meta property=\"og:site_name\" content=\"Villa Mont\u00eas\" \/>\n<meta property=\"article:publisher\" content=\"https:\/\/www.facebook.com\/villamontescoja\" \/>\n<meta property=\"article:modified_time\" content=\"2024-03-07T20:14:41+00:00\" \/>\n<meta name=\"twitter:card\" content=\"summary_large_image\" \/>\n<meta name=\"twitter:label1\" content=\"Estimated reading time\" \/>\n\t<meta name=\"twitter:data1\" content=\"1 minute\" \/>\n<script type=\"application\/ld+json\" class=\"yoast-schema-graph\">{\"@context\":\"https:\/\/schema.org\",\"@graph\":[{\"@type\":\"WebPage\",\"@id\":\"https:\/\/villamontes.pt\/contacto\/\",\"url\":\"https:\/\/villamontes.pt\/contacto\/\",\"name\":\"Contacto - Villa Mont\u00eas\",\"isPartOf\":{\"@id\":\"https:\/\/villamontes.pt\/#website\"},\"datePublished\":\"2018-12-17T13:52:42+00:00\",\"dateModified\":\"2024-03-07T20:14:41+00:00\",\"breadcrumb\":{\"@id\":\"https:\/\/villamontes.pt\/contacto\/#breadcrumb\"},\"inLanguage\":\"en-GB\",\"potentialAction\":[{\"@type\":\"ReadAction\",\"target\":[\"https:\/\/villamontes.pt\/contacto\/\"]}]},{\"@type\":\"BreadcrumbList\",\"@id\":\"https:\/\/villamontes.pt\/contacto\/#breadcrumb\",\"itemListElement\":[{\"@type\":\"ListItem\",\"position\":1,\"name\":\"In\u00edcio\",\"item\":\"https:\/\/villamontes.pt\/\"},{\"@type\":\"ListItem\",\"position\":2,\"name\":\"Contacto\"}]},{\"@type\":\"WebSite\",\"@id\":\"https:\/\/villamontes.pt\/#website\",\"url\":\"https:\/\/villamontes.pt\/\",\"name\":\"Villa Mont\u00eas\",\"description\":\"Exclusive Apartaments &amp; Prime Location\",\"publisher\":{\"@id\":\"https:\/\/villamontes.pt\/#organization\"},\"potentialAction\":[{\"@type\":\"SearchAction\",\"target\":{\"@type\":\"EntryPoint\",\"urlTemplate\":\"https:\/\/villamontes.pt\/?s={search_term_string}\"},\"query-input\":{\"@type\":\"PropertyValueSpecification\",\"valueRequired\":true,\"valueName\":\"search_term_string\"}}],\"inLanguage\":\"en-GB\"},{\"@type\":\"Organization\",\"@id\":\"https:\/\/villamontes.pt\/#organization\",\"name\":\"Villa Mont\u00eas\",\"url\":\"https:\/\/villamontes.pt\/\",\"logo\":{\"@type\":\"ImageObject\",\"inLanguage\":\"en-GB\",\"@id\":\"https:\/\/villamontes.pt\/#\/schema\/logo\/image\/\",\"url\":\"https:\/\/villamontes.pt\/wp-content\/uploads\/2020\/12\/cabra-preta-transparent-vector.png\",\"contentUrl\":\"https:\/\/villamontes.pt\/wp-content\/uploads\/2020\/12\/cabra-preta-transparent-vector.png\",\"width\":844,\"height\":457,\"caption\":\"Villa Mont\u00eas\"},\"image\":{\"@id\":\"https:\/\/villamontes.pt\/#\/schema\/logo\/image\/\"},\"sameAs\":[\"https:\/\/www.facebook.com\/villamontescoja\",\"https:\/\/www.instagram.com\/villamontescoja\/\"]}]}<\/script>\n<!-- \/ Yoast SEO plugin. -->","yoast_head_json":{"title":"Contacto - Villa Mont\u00eas","robots":{"index":"index","follow":"follow","max-snippet":"max-snippet:-1","max-image-preview":"max-image-preview:large","max-video-preview":"max-video-preview:-1"},"canonical":"https:\/\/villamontes.pt\/en\/contacto\/","og_locale":"en_GB","og_type":"article","og_title":"Contacto - Villa Mont\u00eas","og_url":"https:\/\/villamontes.pt\/en\/contacto\/","og_site_name":"Villa Mont\u00eas","article_publisher":"https:\/\/www.facebook.com\/villamontescoja","article_modified_time":"2024-03-07T20:14:41+00:00","twitter_card":"summary_large_image","twitter_misc":{"Estimated reading time":"1 minute"},"schema":{"@context":"https:\/\/schema.org","@graph":[{"@type":"WebPage","@id":"https:\/\/villamontes.pt\/contacto\/","url":"https:\/\/villamontes.pt\/contacto\/","name":"Contacto - Villa Mont\u00eas","isPartOf":{"@id":"https:\/\/villamontes.pt\/#website"},"datePublished":"2018-12-17T13:52:42+00:00","dateModified":"2024-03-07T20:14:41+00:00","breadcrumb":{"@id":"https:\/\/villamontes.pt\/contacto\/#breadcrumb"},"inLanguage":"en-GB","potentialAction":[{"@type":"ReadAction","target":["https:\/\/villamontes.pt\/contacto\/"]}]},{"@type":"BreadcrumbList","@id":"https:\/\/villamontes.pt\/contacto\/#breadcrumb","itemListElement":[{"@type":"ListItem","position":1,"name":"In\u00edcio","item":"https:\/\/villamontes.pt\/"},{"@type":"ListItem","position":2,"name":"Contacto"}]},{"@type":"WebSite","@id":"https:\/\/villamontes.pt\/#website","url":"https:\/\/villamontes.pt\/","name":"Villa Mont\u00eas","description":"Exclusive Apartaments &amp; Prime Location","publisher":{"@id":"https:\/\/villamontes.pt\/#organization"},"potentialAction":[{"@type":"SearchAction","target":{"@type":"EntryPoint","urlTemplate":"https:\/\/villamontes.pt\/?s={search_term_string}"},"query-input":{"@type":"PropertyValueSpecification","valueRequired":true,"valueName":"search_term_string"}}],"inLanguage":"en-GB"},{"@type":"Organization","@id":"https:\/\/villamontes.pt\/#organization","name":"Villa Mont\u00eas","url":"https:\/\/villamontes.pt\/","logo":{"@type":"ImageObject","inLanguage":"en-GB","@id":"https:\/\/villamontes.pt\/#\/schema\/logo\/image\/","url":"https:\/\/villamontes.pt\/wp-content\/uploads\/2020\/12\/cabra-preta-transparent-vector.png","contentUrl":"https:\/\/villamontes.pt\/wp-content\/uploads\/2020\/12\/cabra-preta-transparent-vector.png","width":844,"height":457,"caption":"Villa Mont\u00eas"},"image":{"@id":"https:\/\/villamontes.pt\/#\/schema\/logo\/image\/"},"sameAs":["https:\/\/www.facebook.com\/villamontescoja","https:\/\/www.instagram.com\/villamontescoja\/"]}]}},"_links":{"self":[{"href":"https:\/\/villamontes.pt\/en\/wp-json\/wp\/v2\/pages\/915","targetHints":{"allow":["GET"]}}],"collection":[{"href":"https:\/\/villamontes.pt\/en\/wp-json\/wp\/v2\/pages"}],"about":[{"href":"https:\/\/villamontes.pt\/en\/wp-json\/wp\/v2\/types\/page"}],"author":[{"embeddable":true,"href":"https:\/\/villamontes.pt\/en\/wp-json\/wp\/v2\/users\/1"}],"replies":[{"embeddable":true,"href":"https:\/\/villamontes.pt\/en\/wp-json\/wp\/v2\/comments?post=915"}],"version-history":[{"count":30,"href":"https:\/\/villamontes.pt\/en\/wp-json\/wp\/v2\/pages\/915\/revisions"}],"predecessor-version":[{"id":4504,"href":"https:\/\/villamontes.pt\/en\/wp-json\/wp\/v2\/pages\/915\/revisions\/4504"}],"wp:attachment":[{"href":"https:\/\/villamontes.pt\/en\/wp-json\/wp\/v2\/media?parent=915"}],"curies":[{"name":"wp","href":"https:\/\/api.w.org\/{rel}","templated":true}]}}