{"id":966,"date":"2018-12-18T08:46:49","date_gmt":"2018-12-18T08:46:49","guid":{"rendered":"https:\/\/puruno.com\/rokka\/?page_id=966"},"modified":"2024-06-24T13:35:07","modified_gmt":"2024-06-24T13:35:07","slug":"lazer","status":"publish","type":"page","link":"https:\/\/villamontes.pt\/en\/lazer\/","title":{"rendered":"Atividades &#038; Lazer"},"content":{"rendered":"<div class=\"wpb-content-wrapper\"><div><div data-vc-full-width=\"true\" data-vc-full-width-init=\"false\" class=\"vc_row wpb_row vc_row-fluid vc_custom_1611599993812\" style=\"color:#ffffff;\" data-overlay-color=\"rgba(0,0,0,0.5)\" data-color=\"#ffffff\"  ><div data-rokka-parallax=\"1\" style=\"background-image: url(https:\/\/villamontes.pt\/wp-content\/uploads\/2020\/03\/drew-dau-GA2sc8nIOsk-unsplash.jpg)\" class=\"extended_bg rokka-parallax\"><div class=\"row-image-overlay\" style=\"background-color:rgba(0,0,0,0.5);\"><\/div><\/div><div class=\"wpb_column vc_column_container vc_col-md-12\"  ><div class=\"vc_column-inner\" ><div class=\"wpb_wrapper\"><div class=\"heading-with-separator text-center id_169e49ca26c24a468738359\"><div class=\"header-content\">\n\t\t\t<p class=\"h-subheading\"><\/p>\n\t\t\t<h1 class=\"heading  heading-decorator-1\" style=\"; letter-spacing: 0px; \">Atividades &amp; Lazer<\/h1><\/div><\/div><div class=\"custom-styles\" data-styles=\".id_169e49ca26c24a468738359 .heading-decorator-1:before, .id_169e49ca26c24a468738359 .heading-decorator-1:after { border-color: }\"><\/div><\/div><\/div><\/div><\/div><div class=\"vc_row-full-width vc_clearfix\"><\/div><\/div><div><div data-vc-full-width=\"true\" data-vc-full-width-init=\"false\" class=\"vc_row wpb_row vc_row-fluid vc_custom_1611600359831 vc_row-o-content-bottom vc_row-flex\"  data-overlay-color=\"rgba(255,255,255,0.71)\" data-color=\"\"  ><div class=\"extended_bg\"><div class=\"row-image-overlay\" style=\"background-color:rgba(255,255,255,0.71);\"><\/div><\/div><div class=\"wpb_column vc_column_container vc_col-md-8\"  ><div class=\"vc_column-inner\" ><div class=\"wpb_wrapper\"><div class=\"heading-with-separator text-left id_169e49ca26c44d1890270463\"><div class=\"header-content\">\n\t\t\t<p class=\"h-subheading\">Para que possa aproveitar<\/p>\n\t\t\t<h3 class=\"heading  heading-decorator-1\" style=\"; letter-spacing: 0px; \">Desfrute dos pequenos prazeres<\/h3><\/div><\/div><div class=\"custom-styles\" data-styles=\".id_169e49ca26c44d1890270463 .heading-decorator-1:before, .id_169e49ca26c44d1890270463 .heading-decorator-1:after { border-color: }\"><\/div>\n\t<div class=\"wpb_text_column wpb_content_element\" >\n\t\t<div class=\"wpb_wrapper\">\n\t\t\t<p>Descubra uma experi\u00eancia inesquec\u00edvel no Villa Mont\u00eas, o ref\u00fagio ideal para explorar a deslumbrante Beira Serra e a majestosa Serra da Estrela. Encante-se com o que de melhor as Beiras t\u00eam para oferecer. Durante a sua estadia, aproveite para conhecer os cen\u00e1rios deslumbrantes da Serra da Estrela e Serra do A\u00e7or, as pitorescas Aldeias de Xisto e Aldeias Hist\u00f3ricas, bem como as encantadoras praias fluviais, rios cristalinos e cascatas majestosas. Transforme a sua visita numa verdadeira aventura e crie mem\u00f3rias duradouras connosco.<\/p>\n\n\t\t<\/div>\n\t<\/div>\n<\/div><\/div><\/div><div class=\"wpb_column vc_column_container vc_col-md-4\"  ><div class=\"vc_column-inner\" ><div class=\"wpb_wrapper\"><\/div><\/div><\/div><\/div><div class=\"vc_row-full-width vc_clearfix\"><\/div><\/div><div><div class=\"vc_row wpb_row vc_row-fluid vc_custom_1545210418090\"  data-overlay-color=\"\" data-color=\"\"  ><div class=\"extended_bg\"><div class=\"row-image-overlay\"><\/div><\/div><div class=\"wpb_column vc_column_container vc_col-md-4\"  ><div class=\"vc_column-inner\" ><div class=\"wpb_wrapper\"><div class=\"presentation-box-container  container_vc_custom_1719222977148\">\n\t\t\t<div class=\"box-standard presentation-box pos-right pos-bottom\">\n\t\t\t\t<div class=\"box-content content-with-btn  vc_custom_1719222977148\" style=\"width: auto; background: #f1e2b1; color:  \">\n\t\t\t\t\t\n\t<div class=\"wpb_text_column wpb_content_element\" >\n\t\t<div class=\"wpb_wrapper\">\n\t\t\t<h6><a href=\"https:\/\/villamontes.pt\/atracoes\/\">Locais a visitar<\/a><\/h6>\n\n\t\t<\/div>\n\t<\/div>\n\n\t\t\t\t\t\n\t\t\t\t<\/div>\n\t\t\t\t<div class=\"box-img\" style=\"width: 100%\">\n\t\t\t\t\t<div class=\"animate-image\">\n\t\t\t\t\t\t<img decoding=\"async\" src=\"https:\/\/villamontes.pt\/wp-content\/uploads\/2024\/06\/296007676_765984738076802_638961671151722995_n-1024x768-1.webp\">\n\t\t\t\t\t<\/div>\n\t\t\t\t<\/div>\n\t\t\t<\/div>\n\t\t<\/div>\t<div class=\"vc_empty_space\" >\n\t\t<span class=\"vc_empty_space_inner\"><\/span>\n\t\t<div class=\"d-none d-lg-block\" style=\" height: 20px\"><\/div>\n\t\t<div class=\"d-block d-lg-none\" style=\" height: 40px\"><\/div>\t<\/div>\n<div class=\"presentation-box-container  container_vc_custom_1611601470327\">\n\t\t\t<div class=\"box-standard presentation-box pos-right pos-bottom\">\n\t\t\t\t<div class=\"box-content content-with-btn  vc_custom_1611601470326\" style=\"width: auto; background: #f1e2b1; color:  \">\n\t\t\t\t\t\n\t<div class=\"wpb_text_column wpb_content_element\" >\n\t\t<div class=\"wpb_wrapper\">\n\t\t\t<h6><a href=\"https:\/\/villamontes.pt\/trilhos\/\">Caminhadas e BTT<\/a><\/h6>\n\n\t\t<\/div>\n\t<\/div>\n\n\t\t\t\t\t\n\t\t\t\t<\/div>\n\t\t\t\t<div class=\"box-img\" style=\"width: 100%\">\n\t\t\t\t\t<div class=\"animate-image\">\n\t\t\t\t\t\t<img decoding=\"async\" src=\"https:\/\/villamontes.pt\/wp-content\/uploads\/2020\/05\/Caminhada-1024x576.jpg\">\n\t\t\t\t\t<\/div>\n\t\t\t\t<\/div>\n\t\t\t<\/div>\n\t\t<\/div>\t<div class=\"vc_empty_space\" >\n\t\t<span class=\"vc_empty_space_inner\"><\/span>\n\t\t<div class=\"d-none d-lg-block\" style=\" height: 20px\"><\/div>\n\t\t<div class=\"d-block d-lg-none\" style=\" height: 40px\"><\/div>\t<\/div>\n<div class=\"presentation-box-container  container_vc_custom_1719225336342\">\n\t\t\t<div class=\"box-standard presentation-box pos-right pos-bottom\">\n\t\t\t\t<div class=\"box-content content-with-btn  vc_custom_1719225336341\" style=\"width: auto; background: #f1e2b1; color:  \">\n\t\t\t\t\t\n\t<div class=\"wpb_text_column wpb_content_element\" >\n\t\t<div class=\"wpb_wrapper\">\n\t\t\t<h6><a href=\"https:\/\/villamontes.pt\/sobre-nos\/\">Piscina \u00c1gua Salgada<\/a><\/h6>\n\n\t\t<\/div>\n\t<\/div>\n\n\t\t\t\t\t\n\t\t\t\t<\/div>\n\t\t\t\t<div class=\"box-img\" style=\"width: 100%\">\n\t\t\t\t\t<div class=\"animate-image\">\n\t\t\t\t\t\t<img decoding=\"async\" src=\"https:\/\/villamontes.pt\/wp-content\/uploads\/2024\/06\/Villa-Montes-158-1-1024x682.jpg\">\n\t\t\t\t\t<\/div>\n\t\t\t\t<\/div>\n\t\t\t<\/div>\n\t\t<\/div><\/div><\/div><\/div><div class=\"wpb_column vc_column_container vc_col-md-4\"  ><div class=\"vc_column-inner\" ><div class=\"wpb_wrapper\">\t<div class=\"vc_empty_space\" >\n\t\t<span class=\"vc_empty_space_inner\"><\/span>\n\t\t<div class=\"d-none d-lg-block\" style=\" height: 0px\"><\/div>\n\t\t<div class=\"d-block d-lg-none\" style=\" height: 40px\"><\/div>\t<\/div>\n<div class=\"presentation-box-container  container_vc_custom_1611602530259\">\n\t\t\t<div class=\"box-standard presentation-box pos-right pos-bottom\">\n\t\t\t\t<div class=\"box-content content-with-btn  vc_custom_1611602530258\" style=\"width: auto; background: #f1e2b1; color:  \">\n\t\t\t\t\t\n\t<div class=\"wpb_text_column wpb_content_element\" >\n\t\t<div class=\"wpb_wrapper\">\n\t\t\t<h6><a href=\"https:\/\/villamontes.pt\/contacto\/\">Tours Aut\u00f3nomas<\/a><\/h6>\n\n\t\t<\/div>\n\t<\/div>\n\n\t\t\t\t\t\n\t\t\t\t<\/div>\n\t\t\t\t<div class=\"box-img\" style=\"width: 100%\">\n\t\t\t\t\t<div class=\"animate-image\">\n\t\t\t\t\t\t<img decoding=\"async\" src=\"https:\/\/villamontes.pt\/wp-content\/uploads\/2020\/05\/passeio-1024x576.jpg\">\n\t\t\t\t\t<\/div>\n\t\t\t\t<\/div>\n\t\t\t<\/div>\n\t\t<\/div>\t<div class=\"vc_empty_space\" >\n\t\t<span class=\"vc_empty_space_inner\"><\/span>\n\t\t<div class=\"d-none d-lg-block\" style=\" height: 20px\"><\/div>\n\t\t<div class=\"d-block d-lg-none\" style=\" height: 40px\"><\/div>\t<\/div>\n<div class=\"presentation-box-container  container_vc_custom_1719226228725\">\n\t\t\t<div class=\"box-standard presentation-box pos-right pos-bottom\">\n\t\t\t\t<div class=\"box-content content-with-btn  vc_custom_1719226228725\" style=\"width: auto; background: #f1e2b1; color:  \">\n\t\t\t\t\t\n\t<div class=\"wpb_text_column wpb_content_element\" >\n\t\t<div class=\"wpb_wrapper\">\n\t\t\t<h6><a href=\"https:\/\/villamontes.pt\/contacto\/\">Passeio Guiado Bicicleta<\/a><\/h6>\n\n\t\t<\/div>\n\t<\/div>\n\n\t\t\t\t\t\n\t\t\t\t<\/div>\n\t\t\t\t<div class=\"box-img\" style=\"width: 100%\">\n\t\t\t\t\t<div class=\"animate-image\">\n\t\t\t\t\t\t<img decoding=\"async\" src=\"https:\/\/villamontes.pt\/wp-content\/uploads\/2024\/06\/375801991_604638631870368_2895713566252480585_n-1024x682.jpg\">\n\t\t\t\t\t<\/div>\n\t\t\t\t<\/div>\n\t\t\t<\/div>\n\t\t<\/div>\t<div class=\"vc_empty_space\" >\n\t\t<span class=\"vc_empty_space_inner\"><\/span>\n\t\t<div class=\"d-none d-lg-block\" style=\" height: 20px\"><\/div>\n\t\t<div class=\"d-block d-lg-none\" style=\" height: 40px\"><\/div>\t<\/div>\n<div class=\"presentation-box-container  container_vc_custom_1719235719475\">\n\t\t\t<div class=\"box-standard presentation-box pos-right pos-bottom\">\n\t\t\t\t<div class=\"box-content content-with-btn  vc_custom_1719235719475\" style=\"width: auto; background: #f1e2b1; color:  \">\n\t\t\t\t\t\n\t<div class=\"wpb_text_column wpb_content_element\" >\n\t\t<div class=\"wpb_wrapper\">\n\t\t\t<h6><a href=\"https:\/\/www.cojaebarrildealva.pt\/agenda-de-eventos\/\" target=\"_blank\" rel=\"noopener\">Festividades Locais<\/a><\/h6>\n\n\t\t<\/div>\n\t<\/div>\n\n\t\t\t\t\t\n\t\t\t\t<\/div>\n\t\t\t\t<div class=\"box-img\" style=\"width: 100%\">\n\t\t\t\t\t<div class=\"animate-image\">\n\t\t\t\t\t\t<img decoding=\"async\" src=\"https:\/\/villamontes.pt\/wp-content\/uploads\/2023\/04\/5d4b493fc089f.png\">\n\t\t\t\t\t<\/div>\n\t\t\t\t<\/div>\n\t\t\t<\/div>\n\t\t<\/div><\/div><\/div><\/div><div class=\"wpb_column vc_column_container vc_col-md-4\"  ><div class=\"vc_column-inner\" ><div class=\"wpb_wrapper\">\t<div class=\"vc_empty_space\" >\n\t\t<span class=\"vc_empty_space_inner\"><\/span>\n\t\t<div class=\"d-none d-lg-block\" style=\" height: 0px\"><\/div>\n\t\t<div class=\"d-block d-lg-none\" style=\" height: 40px\"><\/div>\t<\/div>\n<div class=\"presentation-box-container  container_vc_custom_1719236102714\">\n\t\t\t<div class=\"box-standard presentation-box pos-right pos-bottom\">\n\t\t\t\t<div class=\"box-content content-with-btn  vc_custom_1719236102714\" style=\"width: auto; background: #f1e2b1; color:  \">\n\t\t\t\t\t\n\t<div class=\"wpb_text_column wpb_content_element\" >\n\t\t<div class=\"wpb_wrapper\">\n\t\t\t<h6><a href=\"https:\/\/villamontes.pt\/contacto\/\" target=\"_blank\" rel=\"noopener\">Parques Verdes<\/a><\/h6>\n\n\t\t<\/div>\n\t<\/div>\n\n\t\t\t\t\t\n\t\t\t\t<\/div>\n\t\t\t\t<div class=\"box-img\" style=\"width: 100%\">\n\t\t\t\t\t<div class=\"animate-image\">\n\t\t\t\t\t\t<img decoding=\"async\" src=\"https:\/\/villamontes.pt\/wp-content\/uploads\/2024\/06\/ribeira-da-mata-7-1.jpg\">\n\t\t\t\t\t<\/div>\n\t\t\t\t<\/div>\n\t\t\t<\/div>\n\t\t<\/div>\t<div class=\"vc_empty_space\" >\n\t\t<span class=\"vc_empty_space_inner\"><\/span>\n\t\t<div class=\"d-none d-lg-block\" style=\" height: 20px\"><\/div>\n\t\t<div class=\"d-block d-lg-none\" style=\" height: 40px\"><\/div>\t<\/div>\n<div class=\"presentation-box-container  container_vc_custom_1719226352917\">\n\t\t\t<div class=\"box-standard presentation-box pos-right pos-bottom\">\n\t\t\t\t<div class=\"box-content content-with-btn  vc_custom_1719226352917\" style=\"width: auto; background: #f1e2b1; color:  \">\n\t\t\t\t\t\n\t<div class=\"wpb_text_column wpb_content_element\" >\n\t\t<div class=\"wpb_wrapper\">\n\t\t\t<h6><a href=\"https:\/\/villamontes.pt\/contacto\/\">Paddle &amp; Kayak<\/a><\/h6>\n\n\t\t<\/div>\n\t<\/div>\n\n\t\t\t\t\t\n\t\t\t\t<\/div>\n\t\t\t\t<div class=\"box-img\" style=\"width: 100%\">\n\t\t\t\t\t<div class=\"animate-image\">\n\t\t\t\t\t\t<img decoding=\"async\" src=\"https:\/\/villamontes.pt\/wp-content\/uploads\/2020\/03\/ben-white-pV5ckb2HEVk-unsplash-1024x684.jpg\">\n\t\t\t\t\t<\/div>\n\t\t\t\t<\/div>\n\t\t\t<\/div>\n\t\t<\/div>\t<div class=\"vc_empty_space\" >\n\t\t<span class=\"vc_empty_space_inner\"><\/span>\n\t\t<div class=\"d-none d-lg-block\" style=\" height: 20px\"><\/div>\n\t\t<div class=\"d-block d-lg-none\" style=\" height: 40px\"><\/div>\t<\/div>\n<div class=\"presentation-box-container  container_vc_custom_1719228774403\">\n\t\t\t<div class=\"box-standard presentation-box pos-right pos-bottom\">\n\t\t\t\t<div class=\"box-content content-with-btn  vc_custom_1719228774403\" style=\"width: auto; background: #f1e2b1; color:  \">\n\t\t\t\t\t\n\t<div class=\"wpb_text_column wpb_content_element\" >\n\t\t<div class=\"wpb_wrapper\">\n\t\t\t<h6><a href=\"https:\/\/villamontes.pt\/atividades\/\" target=\"_blank\" rel=\"noopener\">Anima\u00e7\u00e3o Noturna<\/a><\/h6>\n\n\t\t<\/div>\n\t<\/div>\n\n\t\t\t\t\t\n\t\t\t\t<\/div>\n\t\t\t\t<div class=\"box-img\" style=\"width: 100%\">\n\t\t\t\t\t<div class=\"animate-image\">\n\t\t\t\t\t\t<img decoding=\"async\" src=\"https:\/\/villamontes.pt\/wp-content\/uploads\/2024\/06\/aleksandr-popov-2XKAUkbq218-unsplash.jpg\">\n\t\t\t\t\t<\/div>\n\t\t\t\t<\/div>\n\t\t\t<\/div>\n\t\t<\/div><\/div><\/div><\/div><\/div><\/div><div><div data-vc-full-width=\"true\" data-vc-full-width-init=\"false\" class=\"vc_row wpb_row vc_row-fluid vc_custom_1611600703788\"  data-overlay-color=\"\" data-color=\"\"  ><div class=\"extended_bg\"><div class=\"row-image-overlay\"><\/div><\/div><div class=\"wpb_column vc_column_container vc_col-md-12\"  ><div class=\"vc_column-inner\" ><div class=\"wpb_wrapper\"><div class=\"rokka-cta id_169e49ca26f29f152784687   animate-text rokka-cta-right\">\n\t\t\t\t<div class=\"rokka-cta-text text-left\" style=\"color: #ffffff\">\n\t\t\t\t\t<h3 class=\"title\">Contacte-nos para mais informa\u00e7\u00f5es<\/h3>\n\t\t\t\t\t<p><span style=\"color: #ffffff;\">Estamos ao seu dispor para o ajudar a viver experi\u00eancias \u00fanicas e personalizadas ao seu gosto. Al\u00e9m das nossas atividades, tamb\u00e9m temos pre\u00e7os especiais para os h\u00f3spedes nas atividades realizadas com as nossas empresas parceiras.<\/span><\/p>\n\t\t\t\t<\/div>\n\t\t\t\t<div class=\"btn-wrapper rokka-cta-btn animate-text text-center icon-left\"><a href=\"https:\/\/villamontes.pt\/contacto\/\"  class=\"button btn btn-lg btn-light btn-decor\" data-btn-text=\"Contacto\"><i class=\"fas fa-envelope-open-text\"><\/i>Contact<\/a><\/div>\n\t\t\t<\/div><\/div><\/div><\/div><\/div><div class=\"vc_row-full-width vc_clearfix\"><\/div><\/div><div><div class=\"vc_row wpb_row vc_row-fluid vc_custom_1545227517804 vc_row-o-equal-height vc_row-o-content-middle vc_row-flex\"  data-overlay-color=\"\" data-color=\"\"  ><div class=\"extended_bg\"><div class=\"row-image-overlay\"><\/div><\/div><div class=\"wpb_column vc_column_container vc_col-md-4\"  ><div class=\"vc_column-inner\" ><div class=\"wpb_wrapper\"><div class=\"heading-with-separator text-left id_169e49ca26f6471148543321\"><div class=\"header-content\">\n\t\t\t<p class=\"h-subheading\">Commitment to Sustainability<\/p>\n\t\t\t<h3 class=\"heading  heading-decorator-1\" style=\"; letter-spacing: 0px; \">Atividades para todos<\/h3><\/div><\/div><div class=\"custom-styles\" data-styles=\".id_169e49ca26f6471148543321 .heading-decorator-1:before, .id_169e49ca26f6471148543321 .heading-decorator-1:after { border-color: }\"><\/div>\n\t<div class=\"wpb_text_column wpb_content_element\" >\n\t\t<div class=\"wpb_wrapper\">\n\t\t\t<p>Nas Serras do A\u00e7or e Estrela, na Vila, ao longo do percurso do Rio Alva, no bosque encantado ou mesmo na pr\u00f3pria guesthouse, s\u00e3o v\u00e1rias as atividades ou experi\u00eancias que temos para si. Desde caminhadas, passeios de bicicleta, pranchas no rio, visitas guiadas, at\u00e9 aos eventos e <em>workshops\u00a0<\/em>por n\u00f3s organizados ou em parcerias com empresas locais.<\/p>\n<p>Em todas as experi\u00eancias que temos ao seu dispor, procuramos realiz\u00e1-las da forma mais consciente e sustent\u00e1vel poss\u00edvel. Lei o nosso<strong> <a href=\"https:\/\/villamontes.pt\/sustentabilidade\/\" target=\"_blank\" rel=\"noopener noreferrer\">compromisso para a sustentabilidade<\/a><\/strong> para mais informa\u00e7\u00f5es.<\/p>\n\n\t\t<\/div>\n\t<\/div>\n\t<div class=\"vc_empty_space\" >\n\t\t<span class=\"vc_empty_space_inner\"><\/span>\n\t\t<div class=\"d-none d-lg-block\" style=\" height: 0px\"><\/div>\n\t\t<div class=\"d-block d-lg-none\" style=\" height: 40px\"><\/div>\t<\/div>\n<\/div><\/div><\/div><div class=\"wpb_column vc_column_container vc_col-md-8\"  ><div class=\"vc_column-inner\" ><div class=\"wpb_wrapper\"><div class=\"interactive-box  standard-box animate-text  active-hover open-lightbox\" data-sm-height=\"300\" data-lg-height=\"300\">\t\n\t\t\t\t\t<div class=\"interactive-img\" style=\"background-image: url(https:\/\/villamontes.pt\/wp-content\/uploads\/2020\/03\/family-walking-on-path-1682497-1024x445.jpg);\"><\/div>\n\t\t\t\t\t<div class=\"box-overlay\" style=\"background: transparent\"><\/div>\t\n\t\t\t\t\t<div class=\"box-content\" style=\"align-items: flex-start; justify-content: center; \">\n\t\t\t\t\t<\/div>\t\t\n\t\t\t\t\t\n\t\t\t\t\t<div class=\"icon-hover\" style=\"\"><div class=\"zoom-icon\"><i class=\"fa fa-search\"><\/i><\/div><\/div>\n\t\t\t\t\t <a class=\"lightbox\" href=\"https:\/\/villamontes.pt\/wp-content\/uploads\/2020\/03\/family-walking-on-path-1682497-1024x445.jpg\"><\/a>\n\t\t\t\t<\/div>\t<div class=\"vc_empty_space\" >\n\t\t<span class=\"vc_empty_space_inner\"><\/span>\n\t\t<div class=\"\" style=\" height: 40px\"><\/div>\n\t\t\t<\/div>\n<div class=\"vc_row wpb_row vc_inner vc_row-fluid\"><div class=\"wpb_column vc_column_container vc_col-md-6\" ><div class=\"vc_column-inner\"><div class=\"wpb_wrapper\"><div class=\"interactive-box  standard-box animate-text  active-hover open-lightbox\" data-sm-height=\"200\" data-lg-height=\"200\">\t\n\t\t\t\t\t<div class=\"interactive-img\" style=\"background-image: url(https:\/\/villamontes.pt\/wp-content\/uploads\/2020\/03\/pexels-photo-1548771-1024x682.jpeg);\"><\/div>\n\t\t\t\t\t<div class=\"box-overlay\" style=\"background: transparent\"><\/div>\t\n\t\t\t\t\t<div class=\"box-content\" style=\"align-items: center; justify-content: center; \">\n\t\t\t\t\t<\/div>\t\t\n\t\t\t\t\t\n\t\t\t\t\t<div class=\"icon-hover\" style=\"\"><div class=\"zoom-icon\"><i class=\"fa fa-search\"><\/i><\/div><\/div>\n\t\t\t\t\t <a class=\"lightbox\" href=\"https:\/\/villamontes.pt\/wp-content\/uploads\/2020\/03\/pexels-photo-1548771-1024x682.jpeg\"><\/a>\n\t\t\t\t<\/div>\t<div class=\"vc_empty_space\" >\n\t\t<span class=\"vc_empty_space_inner\"><\/span>\n\t\t<div class=\"d-none d-lg-block\" style=\" height: 0px\"><\/div>\n\t\t<div class=\"d-block d-lg-none\" style=\" height: 40px\"><\/div>\t<\/div>\n<\/div><\/div><\/div><div class=\"wpb_column vc_column_container vc_col-md-6\" ><div class=\"vc_column-inner\"><div class=\"wpb_wrapper\"><div class=\"interactive-box  standard-box animate-text  active-hover open-lightbox\" data-sm-height=\"200\" data-lg-height=\"200\">\t\n\t\t\t\t\t<div class=\"interactive-img\" style=\"background-image: url(https:\/\/villamontes.pt\/wp-content\/uploads\/2020\/03\/ben-white-pV5ckb2HEVk-unsplash-1024x684.jpg);\"><\/div>\n\t\t\t\t\t<div class=\"box-overlay\" style=\"background: transparent\"><\/div>\t\n\t\t\t\t\t<div class=\"box-content\" style=\"align-items: center; justify-content: center; \">\n\t\t\t\t\t<\/div>\t\t\n\t\t\t\t\t\n\t\t\t\t\t<div class=\"icon-hover\" style=\"\"><div class=\"zoom-icon\"><i class=\"fa fa-search\"><\/i><\/div><\/div>\n\t\t\t\t\t <a class=\"lightbox\" href=\"https:\/\/villamontes.pt\/wp-content\/uploads\/2020\/03\/ben-white-pV5ckb2HEVk-unsplash-1024x684.jpg\"><\/a>\n\t\t\t\t<\/div><\/div><\/div><\/div><\/div><\/div><\/div><\/div><\/div><\/div>\n<\/div>","protected":false},"excerpt":{"rendered":"Atividades &amp; Lazer Para que possa aproveitar Desfrute dos pequenos prazeres Descubra uma experi\u00eancia inesquec\u00edvel no Villa Mont\u00eas, o ref\u00fagio ideal para explorar a deslumbrante Beira Serra e a majestosa Serra da Estrela. Encante-se com o que de melhor as Beiras t\u00eam para oferecer. Durante a sua estadia, aproveite para conhecer os cen\u00e1rios deslumbrantes da[...] <a href=\"https:\/\/villamontes.pt\/en\/lazer\/\" class=\"more-link\">Continue reading<\/a>","protected":false},"author":1,"featured_media":0,"parent":0,"menu_order":0,"comment_status":"closed","ping_status":"closed","template":"","meta":{"footnotes":""},"class_list":["post-966","page","type-page","status-publish","hentry"],"yoast_head":"<!-- This site is optimized with the Yoast SEO plugin v26.6 - https:\/\/yoast.com\/wordpress\/plugins\/seo\/ -->\n<title>Atividades &amp; Lazer - Villa Mont\u00eas<\/title>\n<meta name=\"robots\" content=\"index, follow, max-snippet:-1, max-image-preview:large, max-video-preview:-1\" \/>\n<link rel=\"canonical\" href=\"https:\/\/villamontes.pt\/en\/lazer\/\" \/>\n<meta property=\"og:locale\" content=\"en_GB\" \/>\n<meta property=\"og:type\" content=\"article\" \/>\n<meta property=\"og:title\" content=\"Atividades &amp; Lazer - Villa Mont\u00eas\" \/>\n<meta property=\"og:url\" content=\"https:\/\/villamontes.pt\/en\/lazer\/\" \/>\n<meta property=\"og:site_name\" content=\"Villa Mont\u00eas\" \/>\n<meta property=\"article:publisher\" content=\"https:\/\/www.facebook.com\/villamontescoja\" \/>\n<meta property=\"article:modified_time\" content=\"2024-06-24T13:35:07+00:00\" \/>\n<meta name=\"twitter:card\" content=\"summary_large_image\" \/>\n<meta name=\"twitter:label1\" content=\"Estimated reading time\" \/>\n\t<meta name=\"twitter:data1\" content=\"3 minutes\" \/>\n<script type=\"application\/ld+json\" class=\"yoast-schema-graph\">{\"@context\":\"https:\/\/schema.org\",\"@graph\":[{\"@type\":\"WebPage\",\"@id\":\"https:\/\/villamontes.pt\/lazer\/\",\"url\":\"https:\/\/villamontes.pt\/lazer\/\",\"name\":\"Atividades & Lazer - Villa Mont\u00eas\",\"isPartOf\":{\"@id\":\"https:\/\/villamontes.pt\/#website\"},\"datePublished\":\"2018-12-18T08:46:49+00:00\",\"dateModified\":\"2024-06-24T13:35:07+00:00\",\"breadcrumb\":{\"@id\":\"https:\/\/villamontes.pt\/lazer\/#breadcrumb\"},\"inLanguage\":\"en-GB\",\"potentialAction\":[{\"@type\":\"ReadAction\",\"target\":[\"https:\/\/villamontes.pt\/lazer\/\"]}]},{\"@type\":\"BreadcrumbList\",\"@id\":\"https:\/\/villamontes.pt\/lazer\/#breadcrumb\",\"itemListElement\":[{\"@type\":\"ListItem\",\"position\":1,\"name\":\"In\u00edcio\",\"item\":\"https:\/\/villamontes.pt\/\"},{\"@type\":\"ListItem\",\"position\":2,\"name\":\"Atividades &#038; Lazer\"}]},{\"@type\":\"WebSite\",\"@id\":\"https:\/\/villamontes.pt\/#website\",\"url\":\"https:\/\/villamontes.pt\/\",\"name\":\"Villa Mont\u00eas\",\"description\":\"Exclusive Apartaments &amp; Prime Location\",\"publisher\":{\"@id\":\"https:\/\/villamontes.pt\/#organization\"},\"potentialAction\":[{\"@type\":\"SearchAction\",\"target\":{\"@type\":\"EntryPoint\",\"urlTemplate\":\"https:\/\/villamontes.pt\/?s={search_term_string}\"},\"query-input\":{\"@type\":\"PropertyValueSpecification\",\"valueRequired\":true,\"valueName\":\"search_term_string\"}}],\"inLanguage\":\"en-GB\"},{\"@type\":\"Organization\",\"@id\":\"https:\/\/villamontes.pt\/#organization\",\"name\":\"Villa Mont\u00eas\",\"url\":\"https:\/\/villamontes.pt\/\",\"logo\":{\"@type\":\"ImageObject\",\"inLanguage\":\"en-GB\",\"@id\":\"https:\/\/villamontes.pt\/#\/schema\/logo\/image\/\",\"url\":\"https:\/\/villamontes.pt\/wp-content\/uploads\/2020\/12\/cabra-preta-transparent-vector.png\",\"contentUrl\":\"https:\/\/villamontes.pt\/wp-content\/uploads\/2020\/12\/cabra-preta-transparent-vector.png\",\"width\":844,\"height\":457,\"caption\":\"Villa Mont\u00eas\"},\"image\":{\"@id\":\"https:\/\/villamontes.pt\/#\/schema\/logo\/image\/\"},\"sameAs\":[\"https:\/\/www.facebook.com\/villamontescoja\",\"https:\/\/www.instagram.com\/villamontescoja\/\"]}]}<\/script>\n<!-- \/ Yoast SEO plugin. -->","yoast_head_json":{"title":"Atividades & Lazer - Villa Mont\u00eas","robots":{"index":"index","follow":"follow","max-snippet":"max-snippet:-1","max-image-preview":"max-image-preview:large","max-video-preview":"max-video-preview:-1"},"canonical":"https:\/\/villamontes.pt\/en\/lazer\/","og_locale":"en_GB","og_type":"article","og_title":"Atividades & Lazer - Villa Mont\u00eas","og_url":"https:\/\/villamontes.pt\/en\/lazer\/","og_site_name":"Villa Mont\u00eas","article_publisher":"https:\/\/www.facebook.com\/villamontescoja","article_modified_time":"2024-06-24T13:35:07+00:00","twitter_card":"summary_large_image","twitter_misc":{"Estimated reading time":"3 minutes"},"schema":{"@context":"https:\/\/schema.org","@graph":[{"@type":"WebPage","@id":"https:\/\/villamontes.pt\/lazer\/","url":"https:\/\/villamontes.pt\/lazer\/","name":"Atividades & Lazer - Villa Mont\u00eas","isPartOf":{"@id":"https:\/\/villamontes.pt\/#website"},"datePublished":"2018-12-18T08:46:49+00:00","dateModified":"2024-06-24T13:35:07+00:00","breadcrumb":{"@id":"https:\/\/villamontes.pt\/lazer\/#breadcrumb"},"inLanguage":"en-GB","potentialAction":[{"@type":"ReadAction","target":["https:\/\/villamontes.pt\/lazer\/"]}]},{"@type":"BreadcrumbList","@id":"https:\/\/villamontes.pt\/lazer\/#breadcrumb","itemListElement":[{"@type":"ListItem","position":1,"name":"In\u00edcio","item":"https:\/\/villamontes.pt\/"},{"@type":"ListItem","position":2,"name":"Atividades &#038; Lazer"}]},{"@type":"WebSite","@id":"https:\/\/villamontes.pt\/#website","url":"https:\/\/villamontes.pt\/","name":"Villa Mont\u00eas","description":"Exclusive Apartaments &amp; Prime Location","publisher":{"@id":"https:\/\/villamontes.pt\/#organization"},"potentialAction":[{"@type":"SearchAction","target":{"@type":"EntryPoint","urlTemplate":"https:\/\/villamontes.pt\/?s={search_term_string}"},"query-input":{"@type":"PropertyValueSpecification","valueRequired":true,"valueName":"search_term_string"}}],"inLanguage":"en-GB"},{"@type":"Organization","@id":"https:\/\/villamontes.pt\/#organization","name":"Villa Mont\u00eas","url":"https:\/\/villamontes.pt\/","logo":{"@type":"ImageObject","inLanguage":"en-GB","@id":"https:\/\/villamontes.pt\/#\/schema\/logo\/image\/","url":"https:\/\/villamontes.pt\/wp-content\/uploads\/2020\/12\/cabra-preta-transparent-vector.png","contentUrl":"https:\/\/villamontes.pt\/wp-content\/uploads\/2020\/12\/cabra-preta-transparent-vector.png","width":844,"height":457,"caption":"Villa Mont\u00eas"},"image":{"@id":"https:\/\/villamontes.pt\/#\/schema\/logo\/image\/"},"sameAs":["https:\/\/www.facebook.com\/villamontescoja","https:\/\/www.instagram.com\/villamontescoja\/"]}]}},"_links":{"self":[{"href":"https:\/\/villamontes.pt\/en\/wp-json\/wp\/v2\/pages\/966","targetHints":{"allow":["GET"]}}],"collection":[{"href":"https:\/\/villamontes.pt\/en\/wp-json\/wp\/v2\/pages"}],"about":[{"href":"https:\/\/villamontes.pt\/en\/wp-json\/wp\/v2\/types\/page"}],"author":[{"embeddable":true,"href":"https:\/\/villamontes.pt\/en\/wp-json\/wp\/v2\/users\/1"}],"replies":[{"embeddable":true,"href":"https:\/\/villamontes.pt\/en\/wp-json\/wp\/v2\/comments?post=966"}],"version-history":[{"count":128,"href":"https:\/\/villamontes.pt\/en\/wp-json\/wp\/v2\/pages\/966\/revisions"}],"predecessor-version":[{"id":4657,"href":"https:\/\/villamontes.pt\/en\/wp-json\/wp\/v2\/pages\/966\/revisions\/4657"}],"wp:attachment":[{"href":"https:\/\/villamontes.pt\/en\/wp-json\/wp\/v2\/media?parent=966"}],"curies":[{"name":"wp","href":"https:\/\/api.w.org\/{rel}","templated":true}]}}