{"id":968,"date":"2018-12-18T08:49:04","date_gmt":"2018-12-18T08:49:04","guid":{"rendered":"https:\/\/puruno.com\/rokka\/?page_id=968"},"modified":"2021-02-03T11:48:20","modified_gmt":"2021-02-03T11:48:20","slug":"atividades-2-2","status":"publish","type":"page","link":"https:\/\/villamontes.pt\/en\/atividades-2-2\/","title":{"rendered":"Programas &#038; Atividades 2"},"content":{"rendered":"<div class=\"wpb-content-wrapper\"><div><div data-vc-full-width=\"true\" data-vc-full-width-init=\"false\" class=\"vc_row wpb_row vc_row-fluid vc_custom_1594850846710\" style=\"color:#ffffff;\" data-overlay-color=\"rgba(0,0,0,0.34)\" data-color=\"#ffffff\"  ><div data-rokka-parallax=\"1\" style=\"background-image: url(https:\/\/villamontes.pt\/wp-content\/uploads\/2020\/07\/mata-mar.jpg)\" class=\"extended_bg rokka-parallax\"><div class=\"row-image-overlay\" style=\"background-color:rgba(0,0,0,0.34);\"><\/div><\/div><div class=\"wpb_column vc_column_container vc_col-md-12\"  ><div class=\"vc_column-inner\" ><div class=\"wpb_wrapper\"><div class=\"heading-with-separator text-center id_169f1d97c8bb301275462419\"><div class=\"header-content\">\n\t\t\t<p class=\"h-subheading\"><\/p>\n\t\t\t<h1 class=\"heading  heading-decorator-1\" style=\"; letter-spacing: 0px; \">Programas <i>&amp; Atividades<\/i><\/h1><\/div><\/div><div class=\"custom-styles\" data-styles=\".id_169f1d97c8bb301275462419 .heading-decorator-1:before, .id_169f1d97c8bb301275462419 .heading-decorator-1:after { border-color: }\"><\/div><\/div><\/div><\/div><\/div><div class=\"vc_row-full-width vc_clearfix\"><\/div><\/div><div><div class=\"vc_row wpb_row vc_row-fluid vc_custom_1545227517804 vc_row-o-equal-height vc_row-o-content-middle vc_row-flex\"  data-overlay-color=\"\" data-color=\"\"  ><div class=\"extended_bg\"><div class=\"row-image-overlay\"><\/div><\/div><div class=\"wpb_column vc_column_container vc_col-md-4\"  ><div class=\"vc_column-inner\" ><div class=\"wpb_wrapper\"><div class=\"heading-with-separator text-left id_169f1d97c8bde5554352916\"><div class=\"header-content\">\n\t\t\t<p class=\"h-subheading\">Villa Mont\u00eas<\/p>\n\t\t\t<h3 class=\"heading  heading-decorator-1\" style=\"; letter-spacing: 0px; \">Atividades para todos<\/h3><\/div><\/div><div class=\"custom-styles\" data-styles=\".id_169f1d97c8bde5554352916 .heading-decorator-1:before, .id_169f1d97c8bde5554352916 .heading-decorator-1:after { border-color: }\"><\/div>\n\t<div class=\"wpb_text_column wpb_content_element\" >\n\t\t<div class=\"wpb_wrapper\">\n\t\t\t<p>Nas Serras do A\u00e7or e Estrela, na Vila, ao longo do percurso do Rio Alva, no bosque encantado ou mesmo na pr\u00f3pria guesthouse, s\u00e3o v\u00e1rias as atividades ou experi\u00eancias que temos para si. Desde caminhadas, passeios de bicicleta, pranchas no rio, visitas guiadas, at\u00e9 aos eventos e <em>workshops\u00a0<\/em>por n\u00f3s organizados ou em parcerias com empresas locais.<\/p>\n<p>Em todas as experi\u00eancias que temos ao seu dispor, procuramos realiz\u00e1-las da forma mais consciente e sustent\u00e1vel poss\u00edvel. Lei o nosso<strong> <a href=\"https:\/\/villamontes.pt\/sustentabilidade\/\" target=\"_blank\" rel=\"noopener noreferrer\">compromisso para a sustentabilidade<\/a><\/strong> para mais informa\u00e7\u00f5es.<\/p>\n\n\t\t<\/div>\n\t<\/div>\n\t<div class=\"vc_empty_space\" >\n\t\t<span class=\"vc_empty_space_inner\"><\/span>\n\t\t<div class=\"d-none d-lg-block\" style=\" height: 0px\"><\/div>\n\t\t<div class=\"d-block d-lg-none\" style=\" height: 40px\"><\/div>\t<\/div>\n<\/div><\/div><\/div><div class=\"wpb_column vc_column_container vc_col-md-8\"  ><div class=\"vc_column-inner\" ><div class=\"wpb_wrapper\"><div class=\"interactive-box  standard-box animate-text  active-hover open-lightbox\" data-sm-height=\"300\" data-lg-height=\"300\">\t\n\t\t\t\t\t<div class=\"interactive-img\" style=\"background-image: url(https:\/\/villamontes.pt\/wp-content\/uploads\/2020\/03\/family-walking-on-path-1682497-1024x445.jpg);\"><\/div>\n\t\t\t\t\t<div class=\"box-overlay\" style=\"background: transparent\"><\/div>\t\n\t\t\t\t\t<div class=\"box-content\" style=\"align-items: flex-start; justify-content: center; \">\n\t\t\t\t\t<\/div>\t\t\n\t\t\t\t\t\n\t\t\t\t\t<div class=\"icon-hover\" style=\"\"><div class=\"zoom-icon\"><i class=\"fa fa-search\"><\/i><\/div><\/div>\n\t\t\t\t\t <a class=\"lightbox\" href=\"https:\/\/villamontes.pt\/wp-content\/uploads\/2020\/03\/family-walking-on-path-1682497-1024x445.jpg\"><\/a>\n\t\t\t\t<\/div>\t<div class=\"vc_empty_space\" >\n\t\t<span class=\"vc_empty_space_inner\"><\/span>\n\t\t<div class=\"\" style=\" height: 40px\"><\/div>\n\t\t\t<\/div>\n<div class=\"vc_row wpb_row vc_inner vc_row-fluid\"><div class=\"wpb_column vc_column_container vc_col-md-6\" ><div class=\"vc_column-inner\"><div class=\"wpb_wrapper\"><div class=\"interactive-box  standard-box animate-text  active-hover open-lightbox\" data-sm-height=\"200\" data-lg-height=\"200\">\t\n\t\t\t\t\t<div class=\"interactive-img\" style=\"background-image: url(https:\/\/villamontes.pt\/wp-content\/uploads\/2020\/03\/pexels-photo-1548771-1024x682.jpeg);\"><\/div>\n\t\t\t\t\t<div class=\"box-overlay\" style=\"background: transparent\"><\/div>\t\n\t\t\t\t\t<div class=\"box-content\" style=\"align-items: center; justify-content: center; \">\n\t\t\t\t\t<\/div>\t\t\n\t\t\t\t\t\n\t\t\t\t\t<div class=\"icon-hover\" style=\"\"><div class=\"zoom-icon\"><i class=\"fa fa-search\"><\/i><\/div><\/div>\n\t\t\t\t\t <a class=\"lightbox\" href=\"https:\/\/villamontes.pt\/wp-content\/uploads\/2020\/03\/pexels-photo-1548771-1024x682.jpeg\"><\/a>\n\t\t\t\t<\/div>\t<div class=\"vc_empty_space\" >\n\t\t<span class=\"vc_empty_space_inner\"><\/span>\n\t\t<div class=\"d-none d-lg-block\" style=\" height: 0px\"><\/div>\n\t\t<div class=\"d-block d-lg-none\" style=\" height: 40px\"><\/div>\t<\/div>\n<\/div><\/div><\/div><div class=\"wpb_column vc_column_container vc_col-md-6\" ><div class=\"vc_column-inner\"><div class=\"wpb_wrapper\"><div class=\"interactive-box  standard-box animate-text  active-hover open-lightbox\" data-sm-height=\"200\" data-lg-height=\"200\">\t\n\t\t\t\t\t<div class=\"interactive-img\" style=\"background-image: url(https:\/\/villamontes.pt\/wp-content\/uploads\/2020\/03\/ben-white-pV5ckb2HEVk-unsplash-1024x684.jpg);\"><\/div>\n\t\t\t\t\t<div class=\"box-overlay\" style=\"background: transparent\"><\/div>\t\n\t\t\t\t\t<div class=\"box-content\" style=\"align-items: center; justify-content: center; \">\n\t\t\t\t\t<\/div>\t\t\n\t\t\t\t\t\n\t\t\t\t\t<div class=\"icon-hover\" style=\"\"><div class=\"zoom-icon\"><i class=\"fa fa-search\"><\/i><\/div><\/div>\n\t\t\t\t\t <a class=\"lightbox\" href=\"https:\/\/villamontes.pt\/wp-content\/uploads\/2020\/03\/ben-white-pV5ckb2HEVk-unsplash-1024x684.jpg\"><\/a>\n\t\t\t\t<\/div><\/div><\/div><\/div><\/div><\/div><\/div><\/div><\/div><\/div><div><div data-vc-full-width=\"true\" data-vc-full-width-init=\"false\" class=\"vc_row wpb_row vc_row-fluid vc_custom_1589467498158 vc_row-o-full-height vc_row-o-columns-middle vc_row-flex\"  data-overlay-color=\"rgba(0,0,0,0.34)\" data-color=\"\"  ><div data-rokka-parallax=\"0.5\" style=\"background-image: url(https:\/\/villamontes.pt\/wp-content\/uploads\/2020\/05\/annie-spratt-uvMYpVdiqlU-unsplash-scaled.jpg)\" class=\"extended_bg rokka-parallax\"><div class=\"row-image-overlay\" style=\"background-color:rgba(0,0,0,0.34);\"><\/div><\/div><div class=\"wpb_column vc_column_container vc_col-md-4\"  ><div class=\"vc_column-inner\" ><div class=\"wpb_wrapper\">\n\t<div  class=\"wpb_single_image wpb_content_element vc_align_left  vc_custom_1589297198349\">\n\t\t\n\t\t<figure class=\"wpb_wrapper vc_figure\"><div class=\"animate-image\">\n\t\t\t<div class=\"vc_single_image-wrapper   vc_box_border_grey\"><img loading=\"lazy\" decoding=\"async\" width=\"1280\" height=\"720\" src=\"https:\/\/villamontes.pt\/wp-content\/uploads\/2020\/05\/Degusta\u00e7\u00f5es.jpg\" class=\"vc_single_image-img attachment-full\" alt=\"Degusta\u00e7\u00e3o Villa Mont\u00eas\" title=\"Degusta\u00e7\u00f5es Beira Serra\" \/><\/div>\n\t\t<\/div><\/figure>\n\t<\/div>\n<div class=\"rokka-pricing-table id_169f1d97c8dabb593433577  vc_custom_1589467255096  animate-text\" style=\"border-color: ;\"><div class=\"pricing-content\" style=\"background: rgba(234,234,234,0.90);color: ;\"><div class=\"h-subheading text-center\">Cultura Local<\/div><h3 class=\"text-center h3\">Provas Gastron\u00f3micas<\/h3><div class=\"price text-center\" style=\"color: #907211\"><span class=\"pricing-amount\">Exclusive<\/span><div class=\"price-badge text-center\"><span class=\"time-interval\">Villa Mont\u00eas<\/span><\/div><\/div><\/div><div class=\"price-desc\" style=\"background: rgba(234,234,234,0.90);color: ;\"><div class=\"desc\"><p>Aproveite a experi\u00eancia para saborear o melhor que a Beira Serra tem para lhe oferecer da sua gastronomia.<\/p>\n<\/div><\/div><\/div>\t<div class=\"vc_empty_space\" >\n\t\t<span class=\"vc_empty_space_inner\"><\/span>\n\t\t<div class=\"d-none d-lg-block\" style=\" height: 0px\"><\/div>\n\t\t<div class=\"d-block d-lg-none\" style=\" height: 40px\"><\/div>\t<\/div>\n<div class=\"vc_separator wpb_content_element vc_separator_align_center vc_sep_width_100 vc_sep_pos_align_center vc_separator_no_text vc_sep_color_grey\" ><span class=\"vc_sep_holder vc_sep_holder_l\"><span class=\"vc_sep_line\"><\/span><\/span><span class=\"vc_sep_holder vc_sep_holder_r\"><span class=\"vc_sep_line\"><\/span><\/span>\n<\/div>\n\t<div  class=\"wpb_single_image wpb_content_element vc_align_left  vc_custom_1589377770934\">\n\t\t\n\t\t<figure class=\"wpb_wrapper vc_figure\"><div class=\"animate-image\">\n\t\t\t<div class=\"vc_single_image-wrapper   vc_box_border_grey\"><img loading=\"lazy\" decoding=\"async\" width=\"1280\" height=\"720\" src=\"https:\/\/villamontes.pt\/wp-content\/uploads\/2020\/05\/aluguer-de-bicicletas.jpg\" class=\"vc_single_image-img attachment-full\" alt=\"Alguer de bicicletas\" title=\"Bike Rent Coja\" \/><\/div>\n\t\t<\/div><\/figure>\n\t<\/div>\n<div class=\"rokka-pricing-table id_169f1d97c8e2a0349055753  vc_custom_1589467343044  animate-text\" style=\"border-color: ;\"><div class=\"pricing-content\" style=\"background: rgba(234,234,234,0.9);color: ;\"><div class=\"h-subheading text-center\">Desporto &amp; Lazer<\/div><h3 class=\"text-center h3\">Aluguer de Bicicletas<\/h3><div class=\"price text-center\" style=\"color: #907211\"><span class=\"pricing-amount\">Exclusive<\/span><div class=\"price-badge text-center\"><span class=\"time-interval\">Villa Mont\u00eas<\/span><\/div><\/div><\/div><div class=\"price-desc\" style=\"background: rgba(234,234,234,0.9);color: ;\"><div class=\"desc\"><p>Alugue bicicletas para passeios na Vila e arredores ou pe\u00e7a-nos para lhe fazer-mos uma tour tur\u00edstica em bicicleta. Adaptamos as tours \u00e0s suas necessidades.<\/p>\n<\/div><\/div><\/div>\t<div class=\"vc_empty_space\" >\n\t\t<span class=\"vc_empty_space_inner\"><\/span>\n\t\t<div class=\"d-none d-lg-block\" style=\" height: 0px\"><\/div>\n\t\t<div class=\"d-block d-lg-none\" style=\" height: 40px\"><\/div>\t<\/div>\n<\/div><\/div><\/div><div class=\"wpb_column vc_column_container vc_col-md-4\"  ><div class=\"vc_column-inner\" ><div class=\"wpb_wrapper\">\n\t<div  class=\"wpb_single_image wpb_content_element vc_align_left  vc_custom_1589376967565\">\n\t\t\n\t\t<figure class=\"wpb_wrapper vc_figure\"><div class=\"animate-image\">\n\t\t\t<div class=\"vc_single_image-wrapper   vc_box_border_grey\"><img loading=\"lazy\" decoding=\"async\" width=\"1280\" height=\"720\" src=\"https:\/\/villamontes.pt\/wp-content\/uploads\/2020\/05\/fazer-p\u00e3o.jpg\" class=\"vc_single_image-img attachment-full\" alt=\"Workshops\" title=\"fazer p\u00e3o Villa Mont\u00eas\" \/><\/div>\n\t\t<\/div><\/figure>\n\t<\/div>\n<div class=\"rokka-pricing-table id_169f1d97c8ea0f782721087  vc_custom_1589467285926  animate-text\" style=\"border-color: ;\"><div class=\"pricing-content\" style=\"background: rgba(234,234,234,0.9);color: ;\"><div class=\"h-subheading text-center\">Cultura e Lazer<\/div><h3 class=\"text-center h3\">Workshops Culturais<\/h3><div class=\"price text-center\" style=\"color: #907211\"><span class=\"pricing-amount\">Exclusive<\/span><div class=\"price-badge text-center\"><span class=\"time-interval\">Villa Mont\u00eas<\/span><\/div><\/div><\/div><div class=\"price-desc\" style=\"background: rgba(234,234,234,0.9);color: ;\"><div class=\"desc\"><\/p>\n<p style=\"text-align: center;\">Fazer broa ou chanfana\u00a0 em forno de lenha, recolha e identifica\u00e7\u00e3o de flores para ch\u00e1s, fabrico de queijo. Estes s\u00e3o s\u00f3 alguns exemplos de <em>workshops<\/em> que ter\u00e1 oportunidade de participar no Villa Mont\u00eas<\/p>\n<p>\n<\/div><\/div><\/div>\t<div class=\"vc_empty_space\" >\n\t\t<span class=\"vc_empty_space_inner\"><\/span>\n\t\t<div class=\"d-none d-lg-block\" style=\" height: 0px\"><\/div>\n\t\t<div class=\"d-block d-lg-none\" style=\" height: 40px\"><\/div>\t<\/div>\n<div class=\"vc_separator wpb_content_element vc_separator_align_center vc_sep_width_100 vc_sep_pos_align_center vc_separator_no_text vc_sep_color_grey\" ><span class=\"vc_sep_holder vc_sep_holder_l\"><span class=\"vc_sep_line\"><\/span><\/span><span class=\"vc_sep_holder vc_sep_holder_r\"><span class=\"vc_sep_line\"><\/span><\/span>\n<\/div>\n\t<div  class=\"wpb_single_image wpb_content_element vc_align_left  vc_custom_1589377596123\">\n\t\t\n\t\t<figure class=\"wpb_wrapper vc_figure\"><div class=\"animate-image\">\n\t\t\t<div class=\"vc_single_image-wrapper   vc_box_border_grey\"><img loading=\"lazy\" decoding=\"async\" width=\"1280\" height=\"720\" src=\"https:\/\/villamontes.pt\/wp-content\/uploads\/2020\/05\/passeio.jpg\" class=\"vc_single_image-img attachment-full\" alt=\"passeios villa mont\u00eas\" title=\"passeios tur\u00edsticos coja\" \/><\/div>\n\t\t<\/div><\/figure>\n\t<\/div>\n<div class=\"rokka-pricing-table id_169f1d97c8f1c21131858324  vc_custom_1589467357756  animate-text\" style=\"border-color: ;\"><div class=\"pricing-content\" style=\"background: rgba(234,234,234,0.9);color: ;\"><div class=\"h-subheading text-center\">Natureza e Cultura<\/div><h3 class=\"text-center h3\">Passeios Tur\u00edsticos<\/h3><div class=\"price text-center\" style=\"color: #907211\"><span class=\"pricing-amount\">Exclusive<\/span><div class=\"price-badge text-center\"><span class=\"time-interval\">Villa Mont\u00eas<\/span><\/div><\/div><\/div><div class=\"price-desc\" style=\"background: rgba(234,234,234,0.9);color: ;\"><div class=\"desc\"><\/p>\n<p style=\"text-align: center;\">Temos ao seu dispor v\u00e1rias tours tur\u00edsticas para fazer pela regi\u00e3o. Serra da Estrela, Serra do A\u00e7or, Aldeias de Xisto, Aldeias Hist\u00f3ricas, Cidade de Coimbra. Contacte-nos para mais informa\u00e7\u00f5es.<\/p>\n<p>\n<\/div><\/div><\/div>\t<div class=\"vc_empty_space\" >\n\t\t<span class=\"vc_empty_space_inner\"><\/span>\n\t\t<div class=\"d-none d-lg-block\" style=\" height: 0px\"><\/div>\n\t\t<div class=\"d-block d-lg-none\" style=\" height: 40px\"><\/div>\t<\/div>\n<\/div><\/div><\/div><div class=\"wpb_column vc_column_container vc_col-md-4\"  ><div class=\"vc_column-inner\" ><div class=\"wpb_wrapper\">\n\t<div  class=\"wpb_single_image wpb_content_element vc_align_left  vc_custom_1589296673500\">\n\t\t\n\t\t<figure class=\"wpb_wrapper vc_figure\"><div class=\"animate-image\">\n\t\t\t<div class=\"vc_single_image-wrapper   vc_box_border_grey\"><img loading=\"lazy\" decoding=\"async\" width=\"1284\" height=\"720\" src=\"https:\/\/villamontes.pt\/wp-content\/uploads\/2020\/05\/Stand-Up-Paddle.jpg\" class=\"vc_single_image-img attachment-full\" alt=\"Paddling Rio Alva\" title=\"Stand Up Paddle Coja\" \/><\/div>\n\t\t<\/div><\/figure>\n\t<\/div>\n<div class=\"rokka-pricing-table id_169f1d97c8f9751403934439  vc_custom_1594163923770  animate-text\" style=\"border-color: ;\"><div class=\"pricing-content\" style=\"background: rgba(234,234,234,0.9);color: ;\"><div class=\"h-subheading text-center\">Desporto e Lazer<\/div><h3 class=\"text-center h3\">Aluguer de pranchas<\/h3><div class=\"price text-center\" style=\"color: #907211\"><span class=\"pricing-amount\">Exclusive<\/span><div class=\"price-badge text-center\"><span class=\"time-interval\">Villa Mont\u00eas<\/span><\/div><\/div><\/div><div class=\"price-desc\" style=\"background: rgba(234,234,234,0.9);color: ;\"><div class=\"desc\"><p>Aproveite e usufrua-a de uma experi\u00eancia de Stand Up Paddle no Rio Alva. Fornecemos todo o material necess\u00e1rio.<\/p>\n<\/div><\/div><\/div><div class=\"vc_separator wpb_content_element vc_separator_align_center vc_sep_width_100 vc_sep_pos_align_center vc_separator_no_text vc_sep_color_grey\" ><span class=\"vc_sep_holder vc_sep_holder_l\"><span class=\"vc_sep_line\"><\/span><\/span><span class=\"vc_sep_holder vc_sep_holder_r\"><span class=\"vc_sep_line\"><\/span><\/span>\n<\/div>\n\t<div  class=\"wpb_single_image wpb_content_element vc_align_left  vc_custom_1589295989830\">\n\t\t\n\t\t<figure class=\"wpb_wrapper vc_figure\"><div class=\"animate-image\">\n\t\t\t<div class=\"vc_single_image-wrapper   vc_box_border_grey\"><img loading=\"lazy\" decoding=\"async\" width=\"1280\" height=\"720\" src=\"https:\/\/villamontes.pt\/wp-content\/uploads\/2020\/05\/Caminhada.jpg\" class=\"vc_single_image-img attachment-full\" alt=\"Caminhada Serra do A\u00e7or\" title=\"Caminhada Coja\" \/><\/div>\n\t\t<\/div><\/figure>\n\t<\/div>\n<div class=\"rokka-pricing-table id_169f1d97c8ff9d1922996223  vc_custom_1589467371380  animate-text\" style=\"border-color: ;\"><div class=\"pricing-content\" style=\"background: rgba(234,234,234,0.9);color: ;\"><div class=\"h-subheading text-center\">Natureza e cultura<\/div><h3 class=\"text-center h3\">Caminhadas Guiadas<\/h3><div class=\"price text-center\" style=\"color: #907211\"><span class=\"pricing-amount\">Exclusive<\/span><div class=\"price-badge text-center\"><span class=\"time-interval\">Villa Mont\u00eas<\/span><\/div><\/div><\/div><div class=\"price-desc\" style=\"background: rgba(234,234,234,0.9);color: ;\"><div class=\"desc\"><p>A Serra do A\u00e7or e Serra da Estrela t\u00eam lugares \u00fanicos. Aproveite as suas f\u00e9rias para fazer caminhadas pela natureza. Temos v\u00e1rias op\u00e7\u00f5es \u00e0 sua escolha.<\/p>\n<\/div><\/div><\/div><\/div><\/div><\/div><div class=\"wpb_column vc_column_container vc_col-md-12\"  ><div class=\"vc_column-inner\" ><div class=\"wpb_wrapper\">\t<div class=\"vc_empty_space\" >\n\t\t<span class=\"vc_empty_space_inner\"><\/span>\n\t\t<div class=\"\" style=\" height: 64px\"><\/div>\n\t\t\t<\/div>\n<\/div><\/div><\/div><div class=\"wpb_column vc_column_container vc_col-md-12\"  ><div class=\"vc_column-inner\" ><div class=\"column-overlay\" style=\"background: #ffffff\"><\/div><div class=\"wpb_wrapper\"><div class=\"rokka-cta id_169f1d97c90360125699509  vc_custom_1589376683186  animate-text rokka-cta-right\">\n\t\t\t\t<div class=\"rokka-cta-text text-left\" style=\"color: #0a0a0a\">\n\t\t\t\t\t<h3 class=\"title\">Contacte-nos para mais informa\u00e7\u00f5es<\/h3>\n\t\t\t\t\t<p>Estamos ao seu dispor para o ajudar a viver experi\u00eancias \u00fanicas e personalizadas ao seu gosto. Al\u00e9m das nossas atividades, tamb\u00e9m temos pre\u00e7os especiais para os h\u00f3spedes nas atividades realizadas com as nossas empresas parceiras.<\/p>\n\t\t\t\t<\/div>\n\t\t\t\t<div class=\"btn-wrapper rokka-cta-btn animate-text text-center icon-left\"><a href=\"https:\/\/villamontes.pt\/contacto\/\"  class=\"button btn btn-lg btn-dark btn-decor\" data-btn-text=\"Contacto\"><i class=\"fas fas fa-address-book\"><\/i>Contact<\/a><\/div>\n\t\t\t<\/div><\/div><\/div><\/div><\/div><div class=\"vc_row-full-width vc_clearfix\"><\/div><\/div>\n<\/div>","protected":false},"excerpt":{"rendered":"Programas &amp; Atividades Villa Mont\u00eas Atividades para todos Nas Serras do A\u00e7or e Estrela, na Vila, ao longo do percurso do Rio Alva, no bosque encantado ou mesmo na pr\u00f3pria guesthouse, s\u00e3o v\u00e1rias as atividades ou experi\u00eancias que temos para si. Desde caminhadas, passeios de bicicleta, pranchas no rio, visitas guiadas, at\u00e9 aos eventos e[...] <a href=\"https:\/\/villamontes.pt\/en\/atividades-2-2\/\" class=\"more-link\">Continue reading<\/a>","protected":false},"author":1,"featured_media":0,"parent":0,"menu_order":0,"comment_status":"closed","ping_status":"closed","template":"","meta":{"footnotes":""},"class_list":["post-968","page","type-page","status-publish","hentry"],"yoast_head":"<!-- This site is optimized with the Yoast SEO plugin v26.6 - https:\/\/yoast.com\/wordpress\/plugins\/seo\/ -->\n<title>Programas &amp; Atividades 2 - Villa Mont\u00eas<\/title>\n<meta name=\"robots\" content=\"index, follow, max-snippet:-1, max-image-preview:large, max-video-preview:-1\" \/>\n<link rel=\"canonical\" href=\"https:\/\/villamontes.pt\/en\/atividades-2-2\/\" \/>\n<meta property=\"og:locale\" content=\"en_GB\" \/>\n<meta property=\"og:type\" content=\"article\" \/>\n<meta property=\"og:title\" content=\"Programas &amp; Atividades 2 - Villa Mont\u00eas\" \/>\n<meta property=\"og:url\" content=\"https:\/\/villamontes.pt\/en\/atividades-2-2\/\" \/>\n<meta property=\"og:site_name\" content=\"Villa Mont\u00eas\" \/>\n<meta property=\"article:publisher\" content=\"https:\/\/www.facebook.com\/villamontescoja\" \/>\n<meta property=\"article:modified_time\" content=\"2021-02-03T11:48:20+00:00\" \/>\n<meta name=\"twitter:card\" content=\"summary_large_image\" \/>\n<meta name=\"twitter:label1\" content=\"Estimated reading time\" \/>\n\t<meta name=\"twitter:data1\" content=\"5 minutes\" \/>\n<script type=\"application\/ld+json\" class=\"yoast-schema-graph\">{\"@context\":\"https:\/\/schema.org\",\"@graph\":[{\"@type\":\"WebPage\",\"@id\":\"https:\/\/villamontes.pt\/en\/atividades-2-2\/\",\"url\":\"https:\/\/villamontes.pt\/en\/atividades-2-2\/\",\"name\":\"Programas & Atividades 2 - Villa Mont\u00eas\",\"isPartOf\":{\"@id\":\"https:\/\/villamontes.pt\/#website\"},\"datePublished\":\"2018-12-18T08:49:04+00:00\",\"dateModified\":\"2021-02-03T11:48:20+00:00\",\"breadcrumb\":{\"@id\":\"https:\/\/villamontes.pt\/en\/atividades-2-2\/#breadcrumb\"},\"inLanguage\":\"en-GB\",\"potentialAction\":[{\"@type\":\"ReadAction\",\"target\":[\"https:\/\/villamontes.pt\/en\/atividades-2-2\/\"]}]},{\"@type\":\"BreadcrumbList\",\"@id\":\"https:\/\/villamontes.pt\/en\/atividades-2-2\/#breadcrumb\",\"itemListElement\":[{\"@type\":\"ListItem\",\"position\":1,\"name\":\"In\u00edcio\",\"item\":\"https:\/\/villamontes.pt\/\"},{\"@type\":\"ListItem\",\"position\":2,\"name\":\"Programas &#038; Atividades 2\"}]},{\"@type\":\"WebSite\",\"@id\":\"https:\/\/villamontes.pt\/#website\",\"url\":\"https:\/\/villamontes.pt\/\",\"name\":\"Villa Mont\u00eas\",\"description\":\"Exclusive Apartaments &amp; Prime Location\",\"publisher\":{\"@id\":\"https:\/\/villamontes.pt\/#organization\"},\"potentialAction\":[{\"@type\":\"SearchAction\",\"target\":{\"@type\":\"EntryPoint\",\"urlTemplate\":\"https:\/\/villamontes.pt\/?s={search_term_string}\"},\"query-input\":{\"@type\":\"PropertyValueSpecification\",\"valueRequired\":true,\"valueName\":\"search_term_string\"}}],\"inLanguage\":\"en-GB\"},{\"@type\":\"Organization\",\"@id\":\"https:\/\/villamontes.pt\/#organization\",\"name\":\"Villa Mont\u00eas\",\"url\":\"https:\/\/villamontes.pt\/\",\"logo\":{\"@type\":\"ImageObject\",\"inLanguage\":\"en-GB\",\"@id\":\"https:\/\/villamontes.pt\/#\/schema\/logo\/image\/\",\"url\":\"https:\/\/villamontes.pt\/wp-content\/uploads\/2020\/12\/cabra-preta-transparent-vector.png\",\"contentUrl\":\"https:\/\/villamontes.pt\/wp-content\/uploads\/2020\/12\/cabra-preta-transparent-vector.png\",\"width\":844,\"height\":457,\"caption\":\"Villa Mont\u00eas\"},\"image\":{\"@id\":\"https:\/\/villamontes.pt\/#\/schema\/logo\/image\/\"},\"sameAs\":[\"https:\/\/www.facebook.com\/villamontescoja\",\"https:\/\/www.instagram.com\/villamontescoja\/\"]}]}<\/script>\n<!-- \/ Yoast SEO plugin. -->","yoast_head_json":{"title":"Programas & Atividades 2 - Villa Mont\u00eas","robots":{"index":"index","follow":"follow","max-snippet":"max-snippet:-1","max-image-preview":"max-image-preview:large","max-video-preview":"max-video-preview:-1"},"canonical":"https:\/\/villamontes.pt\/en\/atividades-2-2\/","og_locale":"en_GB","og_type":"article","og_title":"Programas & Atividades 2 - Villa Mont\u00eas","og_url":"https:\/\/villamontes.pt\/en\/atividades-2-2\/","og_site_name":"Villa Mont\u00eas","article_publisher":"https:\/\/www.facebook.com\/villamontescoja","article_modified_time":"2021-02-03T11:48:20+00:00","twitter_card":"summary_large_image","twitter_misc":{"Estimated reading time":"5 minutes"},"schema":{"@context":"https:\/\/schema.org","@graph":[{"@type":"WebPage","@id":"https:\/\/villamontes.pt\/en\/atividades-2-2\/","url":"https:\/\/villamontes.pt\/en\/atividades-2-2\/","name":"Programas & Atividades 2 - Villa Mont\u00eas","isPartOf":{"@id":"https:\/\/villamontes.pt\/#website"},"datePublished":"2018-12-18T08:49:04+00:00","dateModified":"2021-02-03T11:48:20+00:00","breadcrumb":{"@id":"https:\/\/villamontes.pt\/en\/atividades-2-2\/#breadcrumb"},"inLanguage":"en-GB","potentialAction":[{"@type":"ReadAction","target":["https:\/\/villamontes.pt\/en\/atividades-2-2\/"]}]},{"@type":"BreadcrumbList","@id":"https:\/\/villamontes.pt\/en\/atividades-2-2\/#breadcrumb","itemListElement":[{"@type":"ListItem","position":1,"name":"In\u00edcio","item":"https:\/\/villamontes.pt\/"},{"@type":"ListItem","position":2,"name":"Programas &#038; Atividades 2"}]},{"@type":"WebSite","@id":"https:\/\/villamontes.pt\/#website","url":"https:\/\/villamontes.pt\/","name":"Villa Mont\u00eas","description":"Exclusive Apartaments &amp; Prime Location","publisher":{"@id":"https:\/\/villamontes.pt\/#organization"},"potentialAction":[{"@type":"SearchAction","target":{"@type":"EntryPoint","urlTemplate":"https:\/\/villamontes.pt\/?s={search_term_string}"},"query-input":{"@type":"PropertyValueSpecification","valueRequired":true,"valueName":"search_term_string"}}],"inLanguage":"en-GB"},{"@type":"Organization","@id":"https:\/\/villamontes.pt\/#organization","name":"Villa Mont\u00eas","url":"https:\/\/villamontes.pt\/","logo":{"@type":"ImageObject","inLanguage":"en-GB","@id":"https:\/\/villamontes.pt\/#\/schema\/logo\/image\/","url":"https:\/\/villamontes.pt\/wp-content\/uploads\/2020\/12\/cabra-preta-transparent-vector.png","contentUrl":"https:\/\/villamontes.pt\/wp-content\/uploads\/2020\/12\/cabra-preta-transparent-vector.png","width":844,"height":457,"caption":"Villa Mont\u00eas"},"image":{"@id":"https:\/\/villamontes.pt\/#\/schema\/logo\/image\/"},"sameAs":["https:\/\/www.facebook.com\/villamontescoja","https:\/\/www.instagram.com\/villamontescoja\/"]}]}},"_links":{"self":[{"href":"https:\/\/villamontes.pt\/en\/wp-json\/wp\/v2\/pages\/968","targetHints":{"allow":["GET"]}}],"collection":[{"href":"https:\/\/villamontes.pt\/en\/wp-json\/wp\/v2\/pages"}],"about":[{"href":"https:\/\/villamontes.pt\/en\/wp-json\/wp\/v2\/types\/page"}],"author":[{"embeddable":true,"href":"https:\/\/villamontes.pt\/en\/wp-json\/wp\/v2\/users\/1"}],"replies":[{"embeddable":true,"href":"https:\/\/villamontes.pt\/en\/wp-json\/wp\/v2\/comments?post=968"}],"version-history":[{"count":92,"href":"https:\/\/villamontes.pt\/en\/wp-json\/wp\/v2\/pages\/968\/revisions"}],"predecessor-version":[{"id":3988,"href":"https:\/\/villamontes.pt\/en\/wp-json\/wp\/v2\/pages\/968\/revisions\/3988"}],"wp:attachment":[{"href":"https:\/\/villamontes.pt\/en\/wp-json\/wp\/v2\/media?parent=968"}],"curies":[{"name":"wp","href":"https:\/\/api.w.org\/{rel}","templated":true}]}}